{"id":2784,"date":"2020-04-16T15:19:05","date_gmt":"2020-04-16T15:19:05","guid":{"rendered":"http:\/\/biocosmeticdis.com\/producto\/taaj-dv-dc-gel-apaisant-pre-post-acte-30ml\/"},"modified":"2024-09-10T14:45:48","modified_gmt":"2024-09-10T12:45:48","slug":"taaj-dv-dc-gel-apaisant-pre-post-acte-30ml","status":"publish","type":"product","link":"https:\/\/biocosmeticdis.com\/en\/product\/taaj-dv-dc-gel-apaisant-pre-post-acte-30ml\/","title":{"rendered":"TAAJ DV-DC Gel Apaisant Pr\u00e8\/Post-Acte 30ml."},"content":{"rendered":"<p>Este Gel calmante esta formulado suavizar y calmar las pieles fr\u00e1giles (golpes, moratones, irritaciones, enrojecimientos, calenturas labiales).<\/p>\n<p>Suaviza y prepara la piel para una intervenci\u00f3n dermo-est\u00e9ticas.<\/p>\n<p>No es pegajoso ni graso, este gel fresco deja la piel hidratada y re-equilibrada.<\/p>\n<p>Sinergia de activos: C\u00farcuma, Cal\u00e9ndula, Camomila, Malva, Aloe Vera. \u00c1demas de Acido Hialur\u00f3nico para una eficacia \u00f3ptima.<\/p>\n<p>Pieles fr\u00e1giles &#8211; 30 ml \u2022 Doshas : Vata, Pitta, Kapha<\/p>\n<p>.<\/p>\n<p>Sinergia de activos:<\/p>\n<p>Acido Hialur\u00f3nico<\/p>\n<p>C\u00farcuma<\/p>\n<p>Cal\u00e9ndula<\/p>\n<p>Camomila<\/p>\n<p>Malva<\/p>\n","protected":false},"excerpt":{"rendered":"<p>Gel calmante Pre\/Post procedimientos Dermo &#8211; Est\u00e9ticos <\/p>\n","protected":false},"featured_media":3449,"comment_status":"closed","ping_status":"closed","template":"","meta":{"_acf_changed":false},"pwb-brand":[98],"product_brand":[],"product_cat":[112,128],"product_tag":[],"class_list":{"0":"post-2784","1":"product","2":"type-product","3":"status-publish","4":"has-post-thumbnail","6":"pwb-brand-taaj","7":"product_cat-facial","8":"product_cat-cremas-faciales","10":"first","11":"outofstock","12":"taxable","13":"shipping-taxable","14":"purchasable","15":"product-type-simple"},"acf":[],"yoast_head":"<!-- This site is optimized with the Yoast SEO plugin v26.6 - https:\/\/yoast.com\/wordpress\/plugins\/seo\/ -->\n<title>TAAJ DV-DC Gel Apaisant Pr\u00e8\/Post-Acte 30ml. - BioCosmetic<\/title>\n<meta name=\"robots\" content=\"index, follow, max-snippet:-1, max-image-preview:large, max-video-preview:-1\" \/>\n<link rel=\"canonical\" href=\"https:\/\/biocosmeticdis.com\/en\/producto\/taaj-dv-dc-gel-apaisant-pre-post-acte-30ml\/\" \/>\n<meta name=\"twitter:card\" content=\"summary_large_image\" \/>\n<meta name=\"twitter:title\" content=\"TAAJ DV-DC Gel Apaisant Pr\u00e8\/Post-Acte 30ml. - BioCosmetic\" \/>\n<meta name=\"twitter:description\" content=\"Gel calmante Pre\/Post procedimientos Dermo - Est\u00e9ticos\" \/>\n<meta name=\"twitter:image\" content=\"https:\/\/biocosmeticdis.com\/wp-content\/uploads\/2020\/04\/DVGA30_0_20200324124016.jpg\" \/>\n<script type=\"application\/ld+json\" class=\"yoast-schema-graph\">{\"@context\":\"https:\/\/schema.org\",\"@graph\":[{\"@type\":\"WebPage\",\"@id\":\"https:\/\/biocosmeticdis.com\/en\/producto\/taaj-dv-dc-gel-apaisant-pre-post-acte-30ml\/\",\"url\":\"https:\/\/biocosmeticdis.com\/en\/producto\/taaj-dv-dc-gel-apaisant-pre-post-acte-30ml\/\",\"name\":\"TAAJ DV-DC Gel Apaisant Pr\u00e8\/Post-Acte 30ml. - BioCosmetic\",\"isPartOf\":{\"@id\":\"https:\/\/biocosmeticdis.com\/#website\"},\"primaryImageOfPage\":{\"@id\":\"https:\/\/biocosmeticdis.com\/en\/producto\/taaj-dv-dc-gel-apaisant-pre-post-acte-30ml\/#primaryimage\"},\"image\":{\"@id\":\"https:\/\/biocosmeticdis.com\/en\/producto\/taaj-dv-dc-gel-apaisant-pre-post-acte-30ml\/#primaryimage\"},\"thumbnailUrl\":\"https:\/\/biocosmeticdis.com\/wp-content\/uploads\/2020\/04\/DVGA30_0_20200324124016.jpg\",\"datePublished\":\"2020-04-16T15:19:05+00:00\",\"dateModified\":\"2024-09-10T12:45:48+00:00\",\"breadcrumb\":{\"@id\":\"https:\/\/biocosmeticdis.com\/en\/producto\/taaj-dv-dc-gel-apaisant-pre-post-acte-30ml\/#breadcrumb\"},\"inLanguage\":\"en-US\",\"potentialAction\":[{\"@type\":\"ReadAction\",\"target\":[\"https:\/\/biocosmeticdis.com\/en\/producto\/taaj-dv-dc-gel-apaisant-pre-post-acte-30ml\/\"]}]},{\"@type\":\"ImageObject\",\"inLanguage\":\"en-US\",\"@id\":\"https:\/\/biocosmeticdis.com\/en\/producto\/taaj-dv-dc-gel-apaisant-pre-post-acte-30ml\/#primaryimage\",\"url\":\"https:\/\/biocosmeticdis.com\/wp-content\/uploads\/2020\/04\/DVGA30_0_20200324124016.jpg\",\"contentUrl\":\"https:\/\/biocosmeticdis.com\/wp-content\/uploads\/2020\/04\/DVGA30_0_20200324124016.jpg\",\"width\":575,\"height\":960},{\"@type\":\"BreadcrumbList\",\"@id\":\"https:\/\/biocosmeticdis.com\/en\/producto\/taaj-dv-dc-gel-apaisant-pre-post-acte-30ml\/#breadcrumb\",\"itemListElement\":[{\"@type\":\"ListItem\",\"position\":1,\"name\":\"Portada\",\"item\":\"https:\/\/biocosmeticdis.com\/\"},{\"@type\":\"ListItem\",\"position\":2,\"name\":\"Shop\",\"item\":\"https:\/\/biocosmeticdis.com\/en\/shop\/\"},{\"@type\":\"ListItem\",\"position\":3,\"name\":\"TAAJ DV-DC Gel Apaisant Pr\u00e8\/Post-Acte 30ml.\"}]},{\"@type\":\"WebSite\",\"@id\":\"https:\/\/biocosmeticdis.com\/#website\",\"url\":\"https:\/\/biocosmeticdis.com\/\",\"name\":\"BioCosmetic\",\"description\":\"Tienda de cosm\u00e9tica natural y maquillaje Bio, adem\u00e1s de los cuidados naturales para tu mascota.\",\"publisher\":{\"@id\":\"https:\/\/biocosmeticdis.com\/#organization\"},\"potentialAction\":[{\"@type\":\"SearchAction\",\"target\":{\"@type\":\"EntryPoint\",\"urlTemplate\":\"https:\/\/biocosmeticdis.com\/?s={search_term_string}\"},\"query-input\":{\"@type\":\"PropertyValueSpecification\",\"valueRequired\":true,\"valueName\":\"search_term_string\"}}],\"inLanguage\":\"en-US\"},{\"@type\":\"Organization\",\"@id\":\"https:\/\/biocosmeticdis.com\/#organization\",\"name\":\"BioCosmetic\",\"url\":\"https:\/\/biocosmeticdis.com\/\",\"logo\":{\"@type\":\"ImageObject\",\"inLanguage\":\"en-US\",\"@id\":\"https:\/\/biocosmeticdis.com\/#\/schema\/logo\/image\/\",\"url\":\"https:\/\/biocosmeticdis.com\/wp-content\/uploads\/2023\/06\/Imagen1-2.jpg\",\"contentUrl\":\"https:\/\/biocosmeticdis.com\/wp-content\/uploads\/2023\/06\/Imagen1-2.jpg\",\"width\":211,\"height\":172,\"caption\":\"BioCosmetic\"},\"image\":{\"@id\":\"https:\/\/biocosmeticdis.com\/#\/schema\/logo\/image\/\"},\"sameAs\":[\"https:\/\/www.facebook.com\/biocosmeticdis\",\"https:\/\/www.instagram.com\/biocosmeticdis\/\"]}]}<\/script>\n<!-- \/ Yoast SEO plugin. -->","yoast_head_json":{"title":"TAAJ DV-DC Gel Apaisant Pr\u00e8\/Post-Acte 30ml. - BioCosmetic","robots":{"index":"index","follow":"follow","max-snippet":"max-snippet:-1","max-image-preview":"max-image-preview:large","max-video-preview":"max-video-preview:-1"},"canonical":"https:\/\/biocosmeticdis.com\/en\/producto\/taaj-dv-dc-gel-apaisant-pre-post-acte-30ml\/","twitter_card":"summary_large_image","twitter_title":"TAAJ DV-DC Gel Apaisant Pr\u00e8\/Post-Acte 30ml. - BioCosmetic","twitter_description":"Gel calmante Pre\/Post procedimientos Dermo - Est\u00e9ticos","twitter_image":"https:\/\/biocosmeticdis.com\/wp-content\/uploads\/2020\/04\/DVGA30_0_20200324124016.jpg","schema":{"@context":"https:\/\/schema.org","@graph":[{"@type":"WebPage","@id":"https:\/\/biocosmeticdis.com\/en\/producto\/taaj-dv-dc-gel-apaisant-pre-post-acte-30ml\/","url":"https:\/\/biocosmeticdis.com\/en\/producto\/taaj-dv-dc-gel-apaisant-pre-post-acte-30ml\/","name":"TAAJ DV-DC Gel Apaisant Pr\u00e8\/Post-Acte 30ml. - BioCosmetic","isPartOf":{"@id":"https:\/\/biocosmeticdis.com\/#website"},"primaryImageOfPage":{"@id":"https:\/\/biocosmeticdis.com\/en\/producto\/taaj-dv-dc-gel-apaisant-pre-post-acte-30ml\/#primaryimage"},"image":{"@id":"https:\/\/biocosmeticdis.com\/en\/producto\/taaj-dv-dc-gel-apaisant-pre-post-acte-30ml\/#primaryimage"},"thumbnailUrl":"https:\/\/biocosmeticdis.com\/wp-content\/uploads\/2020\/04\/DVGA30_0_20200324124016.jpg","datePublished":"2020-04-16T15:19:05+00:00","dateModified":"2024-09-10T12:45:48+00:00","breadcrumb":{"@id":"https:\/\/biocosmeticdis.com\/en\/producto\/taaj-dv-dc-gel-apaisant-pre-post-acte-30ml\/#breadcrumb"},"inLanguage":"en-US","potentialAction":[{"@type":"ReadAction","target":["https:\/\/biocosmeticdis.com\/en\/producto\/taaj-dv-dc-gel-apaisant-pre-post-acte-30ml\/"]}]},{"@type":"ImageObject","inLanguage":"en-US","@id":"https:\/\/biocosmeticdis.com\/en\/producto\/taaj-dv-dc-gel-apaisant-pre-post-acte-30ml\/#primaryimage","url":"https:\/\/biocosmeticdis.com\/wp-content\/uploads\/2020\/04\/DVGA30_0_20200324124016.jpg","contentUrl":"https:\/\/biocosmeticdis.com\/wp-content\/uploads\/2020\/04\/DVGA30_0_20200324124016.jpg","width":575,"height":960},{"@type":"BreadcrumbList","@id":"https:\/\/biocosmeticdis.com\/en\/producto\/taaj-dv-dc-gel-apaisant-pre-post-acte-30ml\/#breadcrumb","itemListElement":[{"@type":"ListItem","position":1,"name":"Portada","item":"https:\/\/biocosmeticdis.com\/"},{"@type":"ListItem","position":2,"name":"Shop","item":"https:\/\/biocosmeticdis.com\/en\/shop\/"},{"@type":"ListItem","position":3,"name":"TAAJ DV-DC Gel Apaisant Pr\u00e8\/Post-Acte 30ml."}]},{"@type":"WebSite","@id":"https:\/\/biocosmeticdis.com\/#website","url":"https:\/\/biocosmeticdis.com\/","name":"BioCosmetic","description":"Tienda de cosm\u00e9tica natural y maquillaje Bio, adem\u00e1s de los cuidados naturales para tu mascota.","publisher":{"@id":"https:\/\/biocosmeticdis.com\/#organization"},"potentialAction":[{"@type":"SearchAction","target":{"@type":"EntryPoint","urlTemplate":"https:\/\/biocosmeticdis.com\/?s={search_term_string}"},"query-input":{"@type":"PropertyValueSpecification","valueRequired":true,"valueName":"search_term_string"}}],"inLanguage":"en-US"},{"@type":"Organization","@id":"https:\/\/biocosmeticdis.com\/#organization","name":"BioCosmetic","url":"https:\/\/biocosmeticdis.com\/","logo":{"@type":"ImageObject","inLanguage":"en-US","@id":"https:\/\/biocosmeticdis.com\/#\/schema\/logo\/image\/","url":"https:\/\/biocosmeticdis.com\/wp-content\/uploads\/2023\/06\/Imagen1-2.jpg","contentUrl":"https:\/\/biocosmeticdis.com\/wp-content\/uploads\/2023\/06\/Imagen1-2.jpg","width":211,"height":172,"caption":"BioCosmetic"},"image":{"@id":"https:\/\/biocosmeticdis.com\/#\/schema\/logo\/image\/"},"sameAs":["https:\/\/www.facebook.com\/biocosmeticdis","https:\/\/www.instagram.com\/biocosmeticdis\/"]}]}},"brands":[{"id":98,"name":"TAAJ","slug":"taaj"}],"_links":{"self":[{"href":"https:\/\/biocosmeticdis.com\/en\/wp-json\/wp\/v2\/product\/2784","targetHints":{"allow":["GET"]}}],"collection":[{"href":"https:\/\/biocosmeticdis.com\/en\/wp-json\/wp\/v2\/product"}],"about":[{"href":"https:\/\/biocosmeticdis.com\/en\/wp-json\/wp\/v2\/types\/product"}],"replies":[{"embeddable":true,"href":"https:\/\/biocosmeticdis.com\/en\/wp-json\/wp\/v2\/comments?post=2784"}],"wp:featuredmedia":[{"embeddable":true,"href":"https:\/\/biocosmeticdis.com\/en\/wp-json\/wp\/v2\/media\/3449"}],"wp:attachment":[{"href":"https:\/\/biocosmeticdis.com\/en\/wp-json\/wp\/v2\/media?parent=2784"}],"wp:term":[{"taxonomy":"pwb-brand","embeddable":true,"href":"https:\/\/biocosmeticdis.com\/en\/wp-json\/wp\/v2\/pwb-brand?post=2784"},{"taxonomy":"product_brand","embeddable":true,"href":"https:\/\/biocosmeticdis.com\/en\/wp-json\/wp\/v2\/product_brand?post=2784"},{"taxonomy":"product_cat","embeddable":true,"href":"https:\/\/biocosmeticdis.com\/en\/wp-json\/wp\/v2\/product_cat?post=2784"},{"taxonomy":"product_tag","embeddable":true,"href":"https:\/\/biocosmeticdis.com\/en\/wp-json\/wp\/v2\/product_tag?post=2784"}],"curies":[{"name":"wp","href":"https:\/\/api.w.org\/{rel}","templated":true}]}}