{"id":2790,"date":"2020-04-16T15:19:06","date_gmt":"2020-04-16T15:19:06","guid":{"rendered":"http:\/\/biocosmeticdis.com\/producto\/eau-de-cologne-245-ml-pear-imperieux-vetiver\/"},"modified":"2025-11-12T11:46:57","modified_gmt":"2025-11-12T10:46:57","slug":"eau-de-cologne-245-ml-pear-imperieux-vetiver","status":"publish","type":"product","link":"https:\/\/biocosmeticdis.com\/en\/product\/eau-de-cologne-245-ml-pear-imperieux-vetiver\/","title":{"rendered":"JF Eau de Cologne 245 ml. Pear Imp\u00e9rieux V\u00e9tiver"},"content":{"rendered":"<p>Homenaje vibrante a una de las materias m\u00e1s nobles de la perfumer\u00eda masculina:&nbsp;&nbsp;un vetiver iluminado por la vivacidad de rasgos hesp\u00e9ridos, y modernizado por los almizcles.<\/p>\n<p>Fragancia amaderada<\/p>\n<p>Salida: Lim\u00f3n, bergamota, Hojas de menta.<\/p>\n<p>Coraz\u00f3n: Flores de violeta y nuez moscada<\/p>\n<p>Fondo: Vetiver y musgo blanco.<\/p>\n","protected":false},"excerpt":{"rendered":"<p>Homenaje vibrante a una de las materias m\u00e1s nobles de la perfumer\u00eda masculina:  un vetiver iluminado por la vivacidad de rasgos hesp\u00e9ridos, y modernizado por los almizcles.<\/p>\n","protected":false},"featured_media":3461,"comment_status":"closed","ping_status":"closed","template":"","meta":{"_acf_changed":false},"pwb-brand":[172],"product_brand":[],"product_cat":[117,133],"product_tag":[],"class_list":{"0":"post-2790","1":"product","2":"type-product","3":"status-publish","4":"has-post-thumbnail","6":"pwb-brand-jardin-de-france","7":"product_cat-fragancias","8":"product_cat-aguas-de-colonia","10":"first","11":"outofstock","12":"taxable","13":"shipping-taxable","14":"purchasable","15":"product-type-simple"},"acf":[],"yoast_head":"<!-- This site is optimized with the Yoast SEO plugin v26.6 - https:\/\/yoast.com\/wordpress\/plugins\/seo\/ -->\n<title>JF Eau de Cologne 245 ml. Pear Imp\u00e9rieux V\u00e9tiver - BioCosmetic<\/title>\n<meta name=\"robots\" content=\"index, follow, max-snippet:-1, max-image-preview:large, max-video-preview:-1\" \/>\n<link rel=\"canonical\" href=\"https:\/\/biocosmeticdis.com\/producto\/eau-de-cologne-245-ml-pear-imperieux-vetiver\/\" \/>\n<meta name=\"twitter:card\" content=\"summary_large_image\" \/>\n<meta name=\"twitter:title\" content=\"JF Eau de Cologne 245 ml. Pear Imp\u00e9rieux V\u00e9tiver - BioCosmetic\" \/>\n<meta name=\"twitter:description\" content=\"Homenaje vibrante a una de las materias m\u00e1s nobles de la perfumer\u00eda masculina: un vetiver iluminado por la vivacidad de rasgos hesp\u00e9ridos, y modernizado por los almizcles.\" \/>\n<meta name=\"twitter:image\" content=\"https:\/\/biocosmeticdis.com\/wp-content\/uploads\/2020\/04\/FJ470G070S_0_20200327111328-1.jpg\" \/>\n<script type=\"application\/ld+json\" class=\"yoast-schema-graph\">{\"@context\":\"https:\/\/schema.org\",\"@graph\":[{\"@type\":\"WebPage\",\"@id\":\"https:\/\/biocosmeticdis.com\/producto\/eau-de-cologne-245-ml-pear-imperieux-vetiver\/\",\"url\":\"https:\/\/biocosmeticdis.com\/producto\/eau-de-cologne-245-ml-pear-imperieux-vetiver\/\",\"name\":\"JF Eau de Cologne 245 ml. Pear Imp\u00e9rieux V\u00e9tiver - BioCosmetic\",\"isPartOf\":{\"@id\":\"https:\/\/biocosmeticdis.com\/#website\"},\"primaryImageOfPage\":{\"@id\":\"https:\/\/biocosmeticdis.com\/producto\/eau-de-cologne-245-ml-pear-imperieux-vetiver\/#primaryimage\"},\"image\":{\"@id\":\"https:\/\/biocosmeticdis.com\/producto\/eau-de-cologne-245-ml-pear-imperieux-vetiver\/#primaryimage\"},\"thumbnailUrl\":\"https:\/\/biocosmeticdis.com\/wp-content\/uploads\/2020\/04\/FJ470G070S_0_20200327111328-1.jpg\",\"datePublished\":\"2020-04-16T15:19:06+00:00\",\"dateModified\":\"2025-11-12T10:46:57+00:00\",\"breadcrumb\":{\"@id\":\"https:\/\/biocosmeticdis.com\/producto\/eau-de-cologne-245-ml-pear-imperieux-vetiver\/#breadcrumb\"},\"inLanguage\":\"en-US\",\"potentialAction\":[{\"@type\":\"ReadAction\",\"target\":[\"https:\/\/biocosmeticdis.com\/producto\/eau-de-cologne-245-ml-pear-imperieux-vetiver\/\"]}]},{\"@type\":\"ImageObject\",\"inLanguage\":\"en-US\",\"@id\":\"https:\/\/biocosmeticdis.com\/producto\/eau-de-cologne-245-ml-pear-imperieux-vetiver\/#primaryimage\",\"url\":\"https:\/\/biocosmeticdis.com\/wp-content\/uploads\/2020\/04\/FJ470G070S_0_20200327111328-1.jpg\",\"contentUrl\":\"https:\/\/biocosmeticdis.com\/wp-content\/uploads\/2020\/04\/FJ470G070S_0_20200327111328-1.jpg\",\"width\":572,\"height\":960},{\"@type\":\"BreadcrumbList\",\"@id\":\"https:\/\/biocosmeticdis.com\/producto\/eau-de-cologne-245-ml-pear-imperieux-vetiver\/#breadcrumb\",\"itemListElement\":[{\"@type\":\"ListItem\",\"position\":1,\"name\":\"Portada\",\"item\":\"https:\/\/biocosmeticdis.com\/\"},{\"@type\":\"ListItem\",\"position\":2,\"name\":\"Shop\",\"item\":\"https:\/\/biocosmeticdis.com\/en\/shop\/\"},{\"@type\":\"ListItem\",\"position\":3,\"name\":\"JF Eau de Cologne 245 ml. Pear Imp\u00e9rieux V\u00e9tiver\"}]},{\"@type\":\"WebSite\",\"@id\":\"https:\/\/biocosmeticdis.com\/#website\",\"url\":\"https:\/\/biocosmeticdis.com\/\",\"name\":\"BioCosmetic\",\"description\":\"Tienda de cosm\u00e9tica natural y maquillaje Bio, adem\u00e1s de los cuidados naturales para tu mascota.\",\"publisher\":{\"@id\":\"https:\/\/biocosmeticdis.com\/#organization\"},\"potentialAction\":[{\"@type\":\"SearchAction\",\"target\":{\"@type\":\"EntryPoint\",\"urlTemplate\":\"https:\/\/biocosmeticdis.com\/?s={search_term_string}\"},\"query-input\":{\"@type\":\"PropertyValueSpecification\",\"valueRequired\":true,\"valueName\":\"search_term_string\"}}],\"inLanguage\":\"en-US\"},{\"@type\":\"Organization\",\"@id\":\"https:\/\/biocosmeticdis.com\/#organization\",\"name\":\"BioCosmetic\",\"url\":\"https:\/\/biocosmeticdis.com\/\",\"logo\":{\"@type\":\"ImageObject\",\"inLanguage\":\"en-US\",\"@id\":\"https:\/\/biocosmeticdis.com\/#\/schema\/logo\/image\/\",\"url\":\"https:\/\/biocosmeticdis.com\/wp-content\/uploads\/2023\/06\/Imagen1-2.jpg\",\"contentUrl\":\"https:\/\/biocosmeticdis.com\/wp-content\/uploads\/2023\/06\/Imagen1-2.jpg\",\"width\":211,\"height\":172,\"caption\":\"BioCosmetic\"},\"image\":{\"@id\":\"https:\/\/biocosmeticdis.com\/#\/schema\/logo\/image\/\"},\"sameAs\":[\"https:\/\/www.facebook.com\/biocosmeticdis\",\"https:\/\/www.instagram.com\/biocosmeticdis\/\"]}]}<\/script>\n<!-- \/ Yoast SEO plugin. -->","yoast_head_json":{"title":"JF Eau de Cologne 245 ml. Pear Imp\u00e9rieux V\u00e9tiver - BioCosmetic","robots":{"index":"index","follow":"follow","max-snippet":"max-snippet:-1","max-image-preview":"max-image-preview:large","max-video-preview":"max-video-preview:-1"},"canonical":"https:\/\/biocosmeticdis.com\/producto\/eau-de-cologne-245-ml-pear-imperieux-vetiver\/","twitter_card":"summary_large_image","twitter_title":"JF Eau de Cologne 245 ml. Pear Imp\u00e9rieux V\u00e9tiver - BioCosmetic","twitter_description":"Homenaje vibrante a una de las materias m\u00e1s nobles de la perfumer\u00eda masculina: un vetiver iluminado por la vivacidad de rasgos hesp\u00e9ridos, y modernizado por los almizcles.","twitter_image":"https:\/\/biocosmeticdis.com\/wp-content\/uploads\/2020\/04\/FJ470G070S_0_20200327111328-1.jpg","schema":{"@context":"https:\/\/schema.org","@graph":[{"@type":"WebPage","@id":"https:\/\/biocosmeticdis.com\/producto\/eau-de-cologne-245-ml-pear-imperieux-vetiver\/","url":"https:\/\/biocosmeticdis.com\/producto\/eau-de-cologne-245-ml-pear-imperieux-vetiver\/","name":"JF Eau de Cologne 245 ml. Pear Imp\u00e9rieux V\u00e9tiver - BioCosmetic","isPartOf":{"@id":"https:\/\/biocosmeticdis.com\/#website"},"primaryImageOfPage":{"@id":"https:\/\/biocosmeticdis.com\/producto\/eau-de-cologne-245-ml-pear-imperieux-vetiver\/#primaryimage"},"image":{"@id":"https:\/\/biocosmeticdis.com\/producto\/eau-de-cologne-245-ml-pear-imperieux-vetiver\/#primaryimage"},"thumbnailUrl":"https:\/\/biocosmeticdis.com\/wp-content\/uploads\/2020\/04\/FJ470G070S_0_20200327111328-1.jpg","datePublished":"2020-04-16T15:19:06+00:00","dateModified":"2025-11-12T10:46:57+00:00","breadcrumb":{"@id":"https:\/\/biocosmeticdis.com\/producto\/eau-de-cologne-245-ml-pear-imperieux-vetiver\/#breadcrumb"},"inLanguage":"en-US","potentialAction":[{"@type":"ReadAction","target":["https:\/\/biocosmeticdis.com\/producto\/eau-de-cologne-245-ml-pear-imperieux-vetiver\/"]}]},{"@type":"ImageObject","inLanguage":"en-US","@id":"https:\/\/biocosmeticdis.com\/producto\/eau-de-cologne-245-ml-pear-imperieux-vetiver\/#primaryimage","url":"https:\/\/biocosmeticdis.com\/wp-content\/uploads\/2020\/04\/FJ470G070S_0_20200327111328-1.jpg","contentUrl":"https:\/\/biocosmeticdis.com\/wp-content\/uploads\/2020\/04\/FJ470G070S_0_20200327111328-1.jpg","width":572,"height":960},{"@type":"BreadcrumbList","@id":"https:\/\/biocosmeticdis.com\/producto\/eau-de-cologne-245-ml-pear-imperieux-vetiver\/#breadcrumb","itemListElement":[{"@type":"ListItem","position":1,"name":"Portada","item":"https:\/\/biocosmeticdis.com\/"},{"@type":"ListItem","position":2,"name":"Shop","item":"https:\/\/biocosmeticdis.com\/en\/shop\/"},{"@type":"ListItem","position":3,"name":"JF Eau de Cologne 245 ml. Pear Imp\u00e9rieux V\u00e9tiver"}]},{"@type":"WebSite","@id":"https:\/\/biocosmeticdis.com\/#website","url":"https:\/\/biocosmeticdis.com\/","name":"BioCosmetic","description":"Tienda de cosm\u00e9tica natural y maquillaje Bio, adem\u00e1s de los cuidados naturales para tu mascota.","publisher":{"@id":"https:\/\/biocosmeticdis.com\/#organization"},"potentialAction":[{"@type":"SearchAction","target":{"@type":"EntryPoint","urlTemplate":"https:\/\/biocosmeticdis.com\/?s={search_term_string}"},"query-input":{"@type":"PropertyValueSpecification","valueRequired":true,"valueName":"search_term_string"}}],"inLanguage":"en-US"},{"@type":"Organization","@id":"https:\/\/biocosmeticdis.com\/#organization","name":"BioCosmetic","url":"https:\/\/biocosmeticdis.com\/","logo":{"@type":"ImageObject","inLanguage":"en-US","@id":"https:\/\/biocosmeticdis.com\/#\/schema\/logo\/image\/","url":"https:\/\/biocosmeticdis.com\/wp-content\/uploads\/2023\/06\/Imagen1-2.jpg","contentUrl":"https:\/\/biocosmeticdis.com\/wp-content\/uploads\/2023\/06\/Imagen1-2.jpg","width":211,"height":172,"caption":"BioCosmetic"},"image":{"@id":"https:\/\/biocosmeticdis.com\/#\/schema\/logo\/image\/"},"sameAs":["https:\/\/www.facebook.com\/biocosmeticdis","https:\/\/www.instagram.com\/biocosmeticdis\/"]}]}},"brands":[{"id":172,"name":"JARDIN DE FRANCE","slug":"jardin-de-france"}],"_links":{"self":[{"href":"https:\/\/biocosmeticdis.com\/en\/wp-json\/wp\/v2\/product\/2790","targetHints":{"allow":["GET"]}}],"collection":[{"href":"https:\/\/biocosmeticdis.com\/en\/wp-json\/wp\/v2\/product"}],"about":[{"href":"https:\/\/biocosmeticdis.com\/en\/wp-json\/wp\/v2\/types\/product"}],"replies":[{"embeddable":true,"href":"https:\/\/biocosmeticdis.com\/en\/wp-json\/wp\/v2\/comments?post=2790"}],"wp:featuredmedia":[{"embeddable":true,"href":"https:\/\/biocosmeticdis.com\/en\/wp-json\/wp\/v2\/media\/3461"}],"wp:attachment":[{"href":"https:\/\/biocosmeticdis.com\/en\/wp-json\/wp\/v2\/media?parent=2790"}],"wp:term":[{"taxonomy":"pwb-brand","embeddable":true,"href":"https:\/\/biocosmeticdis.com\/en\/wp-json\/wp\/v2\/pwb-brand?post=2790"},{"taxonomy":"product_brand","embeddable":true,"href":"https:\/\/biocosmeticdis.com\/en\/wp-json\/wp\/v2\/product_brand?post=2790"},{"taxonomy":"product_cat","embeddable":true,"href":"https:\/\/biocosmeticdis.com\/en\/wp-json\/wp\/v2\/product_cat?post=2790"},{"taxonomy":"product_tag","embeddable":true,"href":"https:\/\/biocosmeticdis.com\/en\/wp-json\/wp\/v2\/product_tag?post=2790"}],"curies":[{"name":"wp","href":"https:\/\/api.w.org\/{rel}","templated":true}]}}