{"id":2821,"date":"2020-04-16T15:19:13","date_gmt":"2020-04-16T15:19:13","guid":{"rendered":"http:\/\/biocosmeticdis.com\/producto\/taaj-gel-limpiador-purificante-150ml\/"},"modified":"2026-04-22T15:22:14","modified_gmt":"2026-04-22T13:22:14","slug":"taaj-gel-limpiador-purificante-150ml","status":"publish","type":"product","link":"https:\/\/biocosmeticdis.com\/en\/product\/taaj-gel-limpiador-purificante-150ml\/","title":{"rendered":"TAAJ JAIPURE Gel Nettoyant Purifiant 150ml"},"content":{"rendered":"<p>Formulado sin jab\u00f3n ni fosfatos, el Gel Nettoyant Purifiant limpia y purifica todo la piel preservando su equilibrio natural. Rico en agentes anti-bacterianos y reguladores, purifica, desincrusta los poros, alisa los granos de la piel y previene la aparici\u00f3n de imperfecciones. Sus micro-esferas de aceites esenciales oxigenantes procuran una agradable sensaci\u00f3n de frescor. Perfectamente redefinida, la piel esta limpia, fresca y matificada sin sensa\u00f3n de tirantez.<\/p>\n<p>Pieles mixtas y grasasPeaux&nbsp;&nbsp;\u2013 Doshas : Pitta, Kapha&nbsp;&nbsp; Synergie d\u2019actifs:<\/p>\n<\/p>\n<p>Arb\u00f3l del t\u00e9<\/p>\n<p>Neem<\/p>\n<p>Vidanga<\/p>\n<p>Aceite de semillas de pepino<\/p>\n<p>Manjishta<\/p>\n<p>Aloe Vera<\/p>\n","protected":false},"excerpt":{"rendered":"<p>Este gel purificante formulado sin jab\u00f3n, ni sulfatos limpia y purifica la piel desde la primera aplicaci\u00f3n preservando el equilibrio natural de la piel.<\/p>\n","protected":false},"featured_media":3515,"comment_status":"closed","ping_status":"closed","template":"","meta":{"_acf_changed":false},"pwb-brand":[98],"product_brand":[],"product_cat":[112,127],"product_tag":[],"class_list":{"0":"post-2821","1":"product","2":"type-product","3":"status-publish","4":"has-post-thumbnail","6":"pwb-brand-taaj","7":"product_cat-facial","8":"product_cat-desmaquillado","10":"first","11":"outofstock","12":"taxable","13":"shipping-taxable","14":"purchasable","15":"product-type-simple"},"acf":[],"yoast_head":"<!-- This site is optimized with the Yoast SEO plugin v26.6 - https:\/\/yoast.com\/wordpress\/plugins\/seo\/ -->\n<title>TAAJ JAIPURE Gel Nettoyant Purifiant 150ml - BioCosmetic<\/title>\n<meta name=\"robots\" content=\"index, follow, max-snippet:-1, max-image-preview:large, max-video-preview:-1\" \/>\n<link rel=\"canonical\" href=\"https:\/\/biocosmeticdis.com\/producto\/taaj-gel-limpiador-purificante-150ml\/\" \/>\n<meta name=\"twitter:card\" content=\"summary_large_image\" \/>\n<meta name=\"twitter:title\" content=\"TAAJ JAIPURE Gel Nettoyant Purifiant 150ml - BioCosmetic\" \/>\n<meta name=\"twitter:description\" content=\"Este gel purificante formulado sin jab\u00f3n, ni sulfatos limpia y purifica la piel desde la primera aplicaci\u00f3n preservando el equilibrio natural de la piel.\" \/>\n<meta name=\"twitter:image\" content=\"https:\/\/biocosmeticdis.com\/wp-content\/uploads\/2020\/04\/JGN150_0_20200325134517-1.jpg\" \/>\n<script type=\"application\/ld+json\" class=\"yoast-schema-graph\">{\"@context\":\"https:\/\/schema.org\",\"@graph\":[{\"@type\":\"WebPage\",\"@id\":\"https:\/\/biocosmeticdis.com\/producto\/taaj-gel-limpiador-purificante-150ml\/\",\"url\":\"https:\/\/biocosmeticdis.com\/producto\/taaj-gel-limpiador-purificante-150ml\/\",\"name\":\"TAAJ JAIPURE Gel Nettoyant Purifiant 150ml - BioCosmetic\",\"isPartOf\":{\"@id\":\"https:\/\/biocosmeticdis.com\/#website\"},\"primaryImageOfPage\":{\"@id\":\"https:\/\/biocosmeticdis.com\/producto\/taaj-gel-limpiador-purificante-150ml\/#primaryimage\"},\"image\":{\"@id\":\"https:\/\/biocosmeticdis.com\/producto\/taaj-gel-limpiador-purificante-150ml\/#primaryimage\"},\"thumbnailUrl\":\"https:\/\/biocosmeticdis.com\/wp-content\/uploads\/2020\/04\/JGN150_0_20200325134517-1.jpg\",\"datePublished\":\"2020-04-16T15:19:13+00:00\",\"dateModified\":\"2026-04-22T13:22:14+00:00\",\"breadcrumb\":{\"@id\":\"https:\/\/biocosmeticdis.com\/producto\/taaj-gel-limpiador-purificante-150ml\/#breadcrumb\"},\"inLanguage\":\"en-US\",\"potentialAction\":[{\"@type\":\"ReadAction\",\"target\":[\"https:\/\/biocosmeticdis.com\/producto\/taaj-gel-limpiador-purificante-150ml\/\"]}]},{\"@type\":\"ImageObject\",\"inLanguage\":\"en-US\",\"@id\":\"https:\/\/biocosmeticdis.com\/producto\/taaj-gel-limpiador-purificante-150ml\/#primaryimage\",\"url\":\"https:\/\/biocosmeticdis.com\/wp-content\/uploads\/2020\/04\/JGN150_0_20200325134517-1.jpg\",\"contentUrl\":\"https:\/\/biocosmeticdis.com\/wp-content\/uploads\/2020\/04\/JGN150_0_20200325134517-1.jpg\",\"width\":528,\"height\":960},{\"@type\":\"BreadcrumbList\",\"@id\":\"https:\/\/biocosmeticdis.com\/producto\/taaj-gel-limpiador-purificante-150ml\/#breadcrumb\",\"itemListElement\":[{\"@type\":\"ListItem\",\"position\":1,\"name\":\"Portada\",\"item\":\"https:\/\/biocosmeticdis.com\/\"},{\"@type\":\"ListItem\",\"position\":2,\"name\":\"Shop\",\"item\":\"https:\/\/biocosmeticdis.com\/en\/shop\/\"},{\"@type\":\"ListItem\",\"position\":3,\"name\":\"TAAJ JAIPURE Gel Nettoyant Purifiant 150ml\"}]},{\"@type\":\"WebSite\",\"@id\":\"https:\/\/biocosmeticdis.com\/#website\",\"url\":\"https:\/\/biocosmeticdis.com\/\",\"name\":\"BioCosmetic\",\"description\":\"Tienda de cosm\u00e9tica natural y maquillaje Bio, adem\u00e1s de los cuidados naturales para tu mascota.\",\"publisher\":{\"@id\":\"https:\/\/biocosmeticdis.com\/#organization\"},\"potentialAction\":[{\"@type\":\"SearchAction\",\"target\":{\"@type\":\"EntryPoint\",\"urlTemplate\":\"https:\/\/biocosmeticdis.com\/?s={search_term_string}\"},\"query-input\":{\"@type\":\"PropertyValueSpecification\",\"valueRequired\":true,\"valueName\":\"search_term_string\"}}],\"inLanguage\":\"en-US\"},{\"@type\":\"Organization\",\"@id\":\"https:\/\/biocosmeticdis.com\/#organization\",\"name\":\"BioCosmetic\",\"url\":\"https:\/\/biocosmeticdis.com\/\",\"logo\":{\"@type\":\"ImageObject\",\"inLanguage\":\"en-US\",\"@id\":\"https:\/\/biocosmeticdis.com\/#\/schema\/logo\/image\/\",\"url\":\"https:\/\/biocosmeticdis.com\/wp-content\/uploads\/2023\/06\/Imagen1-2.jpg\",\"contentUrl\":\"https:\/\/biocosmeticdis.com\/wp-content\/uploads\/2023\/06\/Imagen1-2.jpg\",\"width\":211,\"height\":172,\"caption\":\"BioCosmetic\"},\"image\":{\"@id\":\"https:\/\/biocosmeticdis.com\/#\/schema\/logo\/image\/\"},\"sameAs\":[\"https:\/\/www.facebook.com\/biocosmeticdis\",\"https:\/\/www.instagram.com\/biocosmeticdis\/\"]}]}<\/script>\n<!-- \/ Yoast SEO plugin. -->","yoast_head_json":{"title":"TAAJ JAIPURE Gel Nettoyant Purifiant 150ml - BioCosmetic","robots":{"index":"index","follow":"follow","max-snippet":"max-snippet:-1","max-image-preview":"max-image-preview:large","max-video-preview":"max-video-preview:-1"},"canonical":"https:\/\/biocosmeticdis.com\/producto\/taaj-gel-limpiador-purificante-150ml\/","twitter_card":"summary_large_image","twitter_title":"TAAJ JAIPURE Gel Nettoyant Purifiant 150ml - BioCosmetic","twitter_description":"Este gel purificante formulado sin jab\u00f3n, ni sulfatos limpia y purifica la piel desde la primera aplicaci\u00f3n preservando el equilibrio natural de la piel.","twitter_image":"https:\/\/biocosmeticdis.com\/wp-content\/uploads\/2020\/04\/JGN150_0_20200325134517-1.jpg","schema":{"@context":"https:\/\/schema.org","@graph":[{"@type":"WebPage","@id":"https:\/\/biocosmeticdis.com\/producto\/taaj-gel-limpiador-purificante-150ml\/","url":"https:\/\/biocosmeticdis.com\/producto\/taaj-gel-limpiador-purificante-150ml\/","name":"TAAJ JAIPURE Gel Nettoyant Purifiant 150ml - BioCosmetic","isPartOf":{"@id":"https:\/\/biocosmeticdis.com\/#website"},"primaryImageOfPage":{"@id":"https:\/\/biocosmeticdis.com\/producto\/taaj-gel-limpiador-purificante-150ml\/#primaryimage"},"image":{"@id":"https:\/\/biocosmeticdis.com\/producto\/taaj-gel-limpiador-purificante-150ml\/#primaryimage"},"thumbnailUrl":"https:\/\/biocosmeticdis.com\/wp-content\/uploads\/2020\/04\/JGN150_0_20200325134517-1.jpg","datePublished":"2020-04-16T15:19:13+00:00","dateModified":"2026-04-22T13:22:14+00:00","breadcrumb":{"@id":"https:\/\/biocosmeticdis.com\/producto\/taaj-gel-limpiador-purificante-150ml\/#breadcrumb"},"inLanguage":"en-US","potentialAction":[{"@type":"ReadAction","target":["https:\/\/biocosmeticdis.com\/producto\/taaj-gel-limpiador-purificante-150ml\/"]}]},{"@type":"ImageObject","inLanguage":"en-US","@id":"https:\/\/biocosmeticdis.com\/producto\/taaj-gel-limpiador-purificante-150ml\/#primaryimage","url":"https:\/\/biocosmeticdis.com\/wp-content\/uploads\/2020\/04\/JGN150_0_20200325134517-1.jpg","contentUrl":"https:\/\/biocosmeticdis.com\/wp-content\/uploads\/2020\/04\/JGN150_0_20200325134517-1.jpg","width":528,"height":960},{"@type":"BreadcrumbList","@id":"https:\/\/biocosmeticdis.com\/producto\/taaj-gel-limpiador-purificante-150ml\/#breadcrumb","itemListElement":[{"@type":"ListItem","position":1,"name":"Portada","item":"https:\/\/biocosmeticdis.com\/"},{"@type":"ListItem","position":2,"name":"Shop","item":"https:\/\/biocosmeticdis.com\/en\/shop\/"},{"@type":"ListItem","position":3,"name":"TAAJ JAIPURE Gel Nettoyant Purifiant 150ml"}]},{"@type":"WebSite","@id":"https:\/\/biocosmeticdis.com\/#website","url":"https:\/\/biocosmeticdis.com\/","name":"BioCosmetic","description":"Tienda de cosm\u00e9tica natural y maquillaje Bio, adem\u00e1s de los cuidados naturales para tu mascota.","publisher":{"@id":"https:\/\/biocosmeticdis.com\/#organization"},"potentialAction":[{"@type":"SearchAction","target":{"@type":"EntryPoint","urlTemplate":"https:\/\/biocosmeticdis.com\/?s={search_term_string}"},"query-input":{"@type":"PropertyValueSpecification","valueRequired":true,"valueName":"search_term_string"}}],"inLanguage":"en-US"},{"@type":"Organization","@id":"https:\/\/biocosmeticdis.com\/#organization","name":"BioCosmetic","url":"https:\/\/biocosmeticdis.com\/","logo":{"@type":"ImageObject","inLanguage":"en-US","@id":"https:\/\/biocosmeticdis.com\/#\/schema\/logo\/image\/","url":"https:\/\/biocosmeticdis.com\/wp-content\/uploads\/2023\/06\/Imagen1-2.jpg","contentUrl":"https:\/\/biocosmeticdis.com\/wp-content\/uploads\/2023\/06\/Imagen1-2.jpg","width":211,"height":172,"caption":"BioCosmetic"},"image":{"@id":"https:\/\/biocosmeticdis.com\/#\/schema\/logo\/image\/"},"sameAs":["https:\/\/www.facebook.com\/biocosmeticdis","https:\/\/www.instagram.com\/biocosmeticdis\/"]}]}},"brands":[{"id":98,"name":"TAAJ","slug":"taaj"}],"_links":{"self":[{"href":"https:\/\/biocosmeticdis.com\/en\/wp-json\/wp\/v2\/product\/2821","targetHints":{"allow":["GET"]}}],"collection":[{"href":"https:\/\/biocosmeticdis.com\/en\/wp-json\/wp\/v2\/product"}],"about":[{"href":"https:\/\/biocosmeticdis.com\/en\/wp-json\/wp\/v2\/types\/product"}],"replies":[{"embeddable":true,"href":"https:\/\/biocosmeticdis.com\/en\/wp-json\/wp\/v2\/comments?post=2821"}],"wp:featuredmedia":[{"embeddable":true,"href":"https:\/\/biocosmeticdis.com\/en\/wp-json\/wp\/v2\/media\/3515"}],"wp:attachment":[{"href":"https:\/\/biocosmeticdis.com\/en\/wp-json\/wp\/v2\/media?parent=2821"}],"wp:term":[{"taxonomy":"pwb-brand","embeddable":true,"href":"https:\/\/biocosmeticdis.com\/en\/wp-json\/wp\/v2\/pwb-brand?post=2821"},{"taxonomy":"product_brand","embeddable":true,"href":"https:\/\/biocosmeticdis.com\/en\/wp-json\/wp\/v2\/product_brand?post=2821"},{"taxonomy":"product_cat","embeddable":true,"href":"https:\/\/biocosmeticdis.com\/en\/wp-json\/wp\/v2\/product_cat?post=2821"},{"taxonomy":"product_tag","embeddable":true,"href":"https:\/\/biocosmeticdis.com\/en\/wp-json\/wp\/v2\/product_tag?post=2821"}],"curies":[{"name":"wp","href":"https:\/\/api.w.org\/{rel}","templated":true}]}}