{"id":2843,"date":"2020-04-16T15:19:17","date_gmt":"2020-04-16T15:19:17","guid":{"rendered":"http:\/\/biocosmeticdis.com\/producto\/taaj-maharani-la-creme-de-reine-50ml\/"},"modified":"2024-09-10T14:46:08","modified_gmt":"2024-09-10T12:46:08","slug":"taaj-maharani-la-creme-de-reine-50ml","status":"publish","type":"product","link":"https:\/\/biocosmeticdis.com\/en\/product\/taaj-maharani-la-creme-de-reine-50ml\/","title":{"rendered":"TAAJ MAHARANI La Creme de Reine 50ml."},"content":{"rendered":"<p>La Cr\u00e8me de Reine&nbsp;&nbsp;combina 40 activos principales raros y precisos con potentes activos anti-edad (\u00c1cido Hialur\u00f3nico, Col\u00e1geno*, Elastina*). Formula sin siliconas, esta crema de excepcional calidad&nbsp;&nbsp;aporta de inmediato a la piel suavidad y protecci\u00f3n.&nbsp;&nbsp;Acabado satinado y confort absoluto para la piel desde la 1\u00aa aplicaci\u00f3n.<\/p>\n<p>Incre\u00edblemente revitalizada, y redefinida, la piel esta visiblemente m\u00e1s joven. Aporta firmeza y elasticidad al ovalo facial de manera extraordinaria, las arrugas se reducen, la tez esta mas luminosa y mas uniforme.<\/p>\n<p>Pieles Maduras \u2013 Doshas : Vata, Pitta, Kapha<\/p>\n<p>Sinergia de activos anti-edad :<\/p>\n<p>\u00c1cido Hialur\u00f3nico<\/p>\n<p>Col\u00e1geno*<\/p>\n<p>Elastina*<\/p>\n<p>40 principes actifs naturels : Amla, Curcuma, Premna, Morella India, Jivanti, Brahmi, Cardamomo, Vidanga, Centella Asi\u00e1tica, Kantakari, Ginseng, Sceau de Salomon, Arbre du Clerg\u00e9, Liseron des Champs, Patala, Ginkgo Biloba, Cypriol, Bambou, Cyperus Rotundus, Ashwagandha, Miel, Tribule terrestre, Desmodie du Ganges, Haritaki, Bael, Mesua Ferrea, Peuplier d\u2019Afrique, Punarnava, Arbre de Damocl\u00e8s, Pueraria Mirifica, Ghee, Shatavari, Poivre long, Kigelia, Mauve indienne, Cannelle, Mudgaparni, R\u00e9glisse, Sucre, Vidari.<\/p>\n<p>*Hydrolizado de origen marino.<\/p>\n","protected":false},"excerpt":{"rendered":"<p>Una crema total anti-edad con mas de 40 activos preciosos y naturales en sinergia con Acido Hialur\u00f3nico, Col\u00e1geno, Elastina de origen marino.<br \/>Sin siliconas.<\/p>\n","protected":false},"featured_media":3922,"comment_status":"closed","ping_status":"closed","template":"","meta":{"_acf_changed":false},"pwb-brand":[],"product_brand":[],"product_cat":[112,128],"product_tag":[],"class_list":{"0":"post-2843","1":"product","2":"type-product","3":"status-publish","4":"has-post-thumbnail","6":"product_cat-facial","7":"product_cat-cremas-faciales","9":"first","10":"outofstock","11":"taxable","12":"shipping-taxable","13":"purchasable","14":"product-type-simple"},"acf":[],"yoast_head":"<!-- This site is optimized with the Yoast SEO plugin v26.6 - https:\/\/yoast.com\/wordpress\/plugins\/seo\/ -->\n<title>TAAJ MAHARANI La Creme de Reine 50ml. - BioCosmetic<\/title>\n<meta name=\"robots\" content=\"index, follow, max-snippet:-1, max-image-preview:large, max-video-preview:-1\" \/>\n<link rel=\"canonical\" href=\"https:\/\/biocosmeticdis.com\/producto\/taaj-maharani-la-creme-de-reine-50ml\/\" \/>\n<meta name=\"twitter:card\" content=\"summary_large_image\" \/>\n<meta name=\"twitter:title\" content=\"TAAJ MAHARANI La Creme de Reine 50ml. - BioCosmetic\" \/>\n<meta name=\"twitter:description\" content=\"Una crema total anti-edad con mas de 40 activos preciosos y naturales en sinergia con Acido Hialur\u00f3nico, Col\u00e1geno, Elastina de origen marino.Sin siliconas.\" \/>\n<meta name=\"twitter:image\" content=\"https:\/\/biocosmeticdis.com\/wp-content\/uploads\/2020\/04\/MCR50.jpg\" \/>\n<meta name=\"twitter:label1\" content=\"Est. reading time\" \/>\n\t<meta name=\"twitter:data1\" content=\"1 minute\" \/>\n<script type=\"application\/ld+json\" class=\"yoast-schema-graph\">{\"@context\":\"https:\/\/schema.org\",\"@graph\":[{\"@type\":\"WebPage\",\"@id\":\"https:\/\/biocosmeticdis.com\/producto\/taaj-maharani-la-creme-de-reine-50ml\/\",\"url\":\"https:\/\/biocosmeticdis.com\/producto\/taaj-maharani-la-creme-de-reine-50ml\/\",\"name\":\"TAAJ MAHARANI La Creme de Reine 50ml. - BioCosmetic\",\"isPartOf\":{\"@id\":\"https:\/\/biocosmeticdis.com\/#website\"},\"primaryImageOfPage\":{\"@id\":\"https:\/\/biocosmeticdis.com\/producto\/taaj-maharani-la-creme-de-reine-50ml\/#primaryimage\"},\"image\":{\"@id\":\"https:\/\/biocosmeticdis.com\/producto\/taaj-maharani-la-creme-de-reine-50ml\/#primaryimage\"},\"thumbnailUrl\":\"https:\/\/biocosmeticdis.com\/wp-content\/uploads\/2020\/04\/MCR50.jpg\",\"datePublished\":\"2020-04-16T15:19:17+00:00\",\"dateModified\":\"2024-09-10T12:46:08+00:00\",\"breadcrumb\":{\"@id\":\"https:\/\/biocosmeticdis.com\/producto\/taaj-maharani-la-creme-de-reine-50ml\/#breadcrumb\"},\"inLanguage\":\"en-US\",\"potentialAction\":[{\"@type\":\"ReadAction\",\"target\":[\"https:\/\/biocosmeticdis.com\/producto\/taaj-maharani-la-creme-de-reine-50ml\/\"]}]},{\"@type\":\"ImageObject\",\"inLanguage\":\"en-US\",\"@id\":\"https:\/\/biocosmeticdis.com\/producto\/taaj-maharani-la-creme-de-reine-50ml\/#primaryimage\",\"url\":\"https:\/\/biocosmeticdis.com\/wp-content\/uploads\/2020\/04\/MCR50.jpg\",\"contentUrl\":\"https:\/\/biocosmeticdis.com\/wp-content\/uploads\/2020\/04\/MCR50.jpg\",\"width\":597,\"height\":1920},{\"@type\":\"BreadcrumbList\",\"@id\":\"https:\/\/biocosmeticdis.com\/producto\/taaj-maharani-la-creme-de-reine-50ml\/#breadcrumb\",\"itemListElement\":[{\"@type\":\"ListItem\",\"position\":1,\"name\":\"Portada\",\"item\":\"https:\/\/biocosmeticdis.com\/\"},{\"@type\":\"ListItem\",\"position\":2,\"name\":\"Shop\",\"item\":\"https:\/\/biocosmeticdis.com\/en\/shop\/\"},{\"@type\":\"ListItem\",\"position\":3,\"name\":\"TAAJ MAHARANI La Creme de Reine 50ml.\"}]},{\"@type\":\"WebSite\",\"@id\":\"https:\/\/biocosmeticdis.com\/#website\",\"url\":\"https:\/\/biocosmeticdis.com\/\",\"name\":\"BioCosmetic\",\"description\":\"Tienda de cosm\u00e9tica natural y maquillaje Bio, adem\u00e1s de los cuidados naturales para tu mascota.\",\"publisher\":{\"@id\":\"https:\/\/biocosmeticdis.com\/#organization\"},\"potentialAction\":[{\"@type\":\"SearchAction\",\"target\":{\"@type\":\"EntryPoint\",\"urlTemplate\":\"https:\/\/biocosmeticdis.com\/?s={search_term_string}\"},\"query-input\":{\"@type\":\"PropertyValueSpecification\",\"valueRequired\":true,\"valueName\":\"search_term_string\"}}],\"inLanguage\":\"en-US\"},{\"@type\":\"Organization\",\"@id\":\"https:\/\/biocosmeticdis.com\/#organization\",\"name\":\"BioCosmetic\",\"url\":\"https:\/\/biocosmeticdis.com\/\",\"logo\":{\"@type\":\"ImageObject\",\"inLanguage\":\"en-US\",\"@id\":\"https:\/\/biocosmeticdis.com\/#\/schema\/logo\/image\/\",\"url\":\"https:\/\/biocosmeticdis.com\/wp-content\/uploads\/2023\/06\/Imagen1-2.jpg\",\"contentUrl\":\"https:\/\/biocosmeticdis.com\/wp-content\/uploads\/2023\/06\/Imagen1-2.jpg\",\"width\":211,\"height\":172,\"caption\":\"BioCosmetic\"},\"image\":{\"@id\":\"https:\/\/biocosmeticdis.com\/#\/schema\/logo\/image\/\"},\"sameAs\":[\"https:\/\/www.facebook.com\/biocosmeticdis\",\"https:\/\/www.instagram.com\/biocosmeticdis\/\"]}]}<\/script>\n<!-- \/ Yoast SEO plugin. -->","yoast_head_json":{"title":"TAAJ MAHARANI La Creme de Reine 50ml. - BioCosmetic","robots":{"index":"index","follow":"follow","max-snippet":"max-snippet:-1","max-image-preview":"max-image-preview:large","max-video-preview":"max-video-preview:-1"},"canonical":"https:\/\/biocosmeticdis.com\/producto\/taaj-maharani-la-creme-de-reine-50ml\/","twitter_card":"summary_large_image","twitter_title":"TAAJ MAHARANI La Creme de Reine 50ml. - BioCosmetic","twitter_description":"Una crema total anti-edad con mas de 40 activos preciosos y naturales en sinergia con Acido Hialur\u00f3nico, Col\u00e1geno, Elastina de origen marino.Sin siliconas.","twitter_image":"https:\/\/biocosmeticdis.com\/wp-content\/uploads\/2020\/04\/MCR50.jpg","twitter_misc":{"Est. reading time":"1 minute"},"schema":{"@context":"https:\/\/schema.org","@graph":[{"@type":"WebPage","@id":"https:\/\/biocosmeticdis.com\/producto\/taaj-maharani-la-creme-de-reine-50ml\/","url":"https:\/\/biocosmeticdis.com\/producto\/taaj-maharani-la-creme-de-reine-50ml\/","name":"TAAJ MAHARANI La Creme de Reine 50ml. - BioCosmetic","isPartOf":{"@id":"https:\/\/biocosmeticdis.com\/#website"},"primaryImageOfPage":{"@id":"https:\/\/biocosmeticdis.com\/producto\/taaj-maharani-la-creme-de-reine-50ml\/#primaryimage"},"image":{"@id":"https:\/\/biocosmeticdis.com\/producto\/taaj-maharani-la-creme-de-reine-50ml\/#primaryimage"},"thumbnailUrl":"https:\/\/biocosmeticdis.com\/wp-content\/uploads\/2020\/04\/MCR50.jpg","datePublished":"2020-04-16T15:19:17+00:00","dateModified":"2024-09-10T12:46:08+00:00","breadcrumb":{"@id":"https:\/\/biocosmeticdis.com\/producto\/taaj-maharani-la-creme-de-reine-50ml\/#breadcrumb"},"inLanguage":"en-US","potentialAction":[{"@type":"ReadAction","target":["https:\/\/biocosmeticdis.com\/producto\/taaj-maharani-la-creme-de-reine-50ml\/"]}]},{"@type":"ImageObject","inLanguage":"en-US","@id":"https:\/\/biocosmeticdis.com\/producto\/taaj-maharani-la-creme-de-reine-50ml\/#primaryimage","url":"https:\/\/biocosmeticdis.com\/wp-content\/uploads\/2020\/04\/MCR50.jpg","contentUrl":"https:\/\/biocosmeticdis.com\/wp-content\/uploads\/2020\/04\/MCR50.jpg","width":597,"height":1920},{"@type":"BreadcrumbList","@id":"https:\/\/biocosmeticdis.com\/producto\/taaj-maharani-la-creme-de-reine-50ml\/#breadcrumb","itemListElement":[{"@type":"ListItem","position":1,"name":"Portada","item":"https:\/\/biocosmeticdis.com\/"},{"@type":"ListItem","position":2,"name":"Shop","item":"https:\/\/biocosmeticdis.com\/en\/shop\/"},{"@type":"ListItem","position":3,"name":"TAAJ MAHARANI La Creme de Reine 50ml."}]},{"@type":"WebSite","@id":"https:\/\/biocosmeticdis.com\/#website","url":"https:\/\/biocosmeticdis.com\/","name":"BioCosmetic","description":"Tienda de cosm\u00e9tica natural y maquillaje Bio, adem\u00e1s de los cuidados naturales para tu mascota.","publisher":{"@id":"https:\/\/biocosmeticdis.com\/#organization"},"potentialAction":[{"@type":"SearchAction","target":{"@type":"EntryPoint","urlTemplate":"https:\/\/biocosmeticdis.com\/?s={search_term_string}"},"query-input":{"@type":"PropertyValueSpecification","valueRequired":true,"valueName":"search_term_string"}}],"inLanguage":"en-US"},{"@type":"Organization","@id":"https:\/\/biocosmeticdis.com\/#organization","name":"BioCosmetic","url":"https:\/\/biocosmeticdis.com\/","logo":{"@type":"ImageObject","inLanguage":"en-US","@id":"https:\/\/biocosmeticdis.com\/#\/schema\/logo\/image\/","url":"https:\/\/biocosmeticdis.com\/wp-content\/uploads\/2023\/06\/Imagen1-2.jpg","contentUrl":"https:\/\/biocosmeticdis.com\/wp-content\/uploads\/2023\/06\/Imagen1-2.jpg","width":211,"height":172,"caption":"BioCosmetic"},"image":{"@id":"https:\/\/biocosmeticdis.com\/#\/schema\/logo\/image\/"},"sameAs":["https:\/\/www.facebook.com\/biocosmeticdis","https:\/\/www.instagram.com\/biocosmeticdis\/"]}]}},"brands":[],"_links":{"self":[{"href":"https:\/\/biocosmeticdis.com\/en\/wp-json\/wp\/v2\/product\/2843","targetHints":{"allow":["GET"]}}],"collection":[{"href":"https:\/\/biocosmeticdis.com\/en\/wp-json\/wp\/v2\/product"}],"about":[{"href":"https:\/\/biocosmeticdis.com\/en\/wp-json\/wp\/v2\/types\/product"}],"replies":[{"embeddable":true,"href":"https:\/\/biocosmeticdis.com\/en\/wp-json\/wp\/v2\/comments?post=2843"}],"wp:featuredmedia":[{"embeddable":true,"href":"https:\/\/biocosmeticdis.com\/en\/wp-json\/wp\/v2\/media\/3922"}],"wp:attachment":[{"href":"https:\/\/biocosmeticdis.com\/en\/wp-json\/wp\/v2\/media?parent=2843"}],"wp:term":[{"taxonomy":"pwb-brand","embeddable":true,"href":"https:\/\/biocosmeticdis.com\/en\/wp-json\/wp\/v2\/pwb-brand?post=2843"},{"taxonomy":"product_brand","embeddable":true,"href":"https:\/\/biocosmeticdis.com\/en\/wp-json\/wp\/v2\/product_brand?post=2843"},{"taxonomy":"product_cat","embeddable":true,"href":"https:\/\/biocosmeticdis.com\/en\/wp-json\/wp\/v2\/product_cat?post=2843"},{"taxonomy":"product_tag","embeddable":true,"href":"https:\/\/biocosmeticdis.com\/en\/wp-json\/wp\/v2\/product_tag?post=2843"}],"curies":[{"name":"wp","href":"https:\/\/api.w.org\/{rel}","templated":true}]}}