{"id":2844,"date":"2020-04-16T15:19:17","date_gmt":"2020-04-16T15:19:17","guid":{"rendered":"http:\/\/biocosmeticdis.com\/producto\/taaj-maharani-contorno-de-ojos-y-labios-anti-edad-15-ml\/"},"modified":"2025-11-12T11:47:03","modified_gmt":"2025-11-12T10:47:03","slug":"taaj-maharani-contorno-de-ojos-y-labios-anti-edad-15-ml","status":"publish","type":"product","link":"https:\/\/biocosmeticdis.com\/en\/product\/taaj-maharani-contorno-de-ojos-y-labios-anti-edad-15-ml\/","title":{"rendered":"TAAJ MAHARANI LE REGARD DE REINE 15ML."},"content":{"rendered":"<p>Le Regard de Reine concentra lo mejor de la Ayurveda con una formula in\u00e9dita, compuesto de activos naturales y raros anti-edad revitalizantes (Acido Hialur\u00f3nico, Col\u00e1geno*, Elastina*). Ligera y no grasa, esta crema excepcional alisa y redefine el contorno de ojos y labios.<\/p>\n<p>D\u00eda a d\u00eda, la piel del contorno de los ojos recupera su firmeza y su elasticidad, las arrugas se alisan. Revitalizada y redefinida la mirada se vuelve mas joven y luminosa.<\/p>\n<p>Doshas: Vata, Pitta, Kapha<\/p>\n<\/p>\n<p>Sinergia de activos:<\/p>\n<p>\u00c1cido Hialur\u00f3nico<\/p>\n<p>Col\u00e1geno*<\/p>\n<p>Elastina*<\/p>\n<p>Ginseng<\/p>\n<p>Bamb\u00fa<\/p>\n<p>Ashwagandha<\/p>\n<p>Pueraria Mirifica<\/p>\n<p>Shatavari<\/p>\n","protected":false},"excerpt":{"rendered":"<p>Serum contorno de ojos anti-edad. Revitalizaci\u00f3n y re-definici\u00f3n y tratamiento anti-arrugas,la mirada se vuelve m\u00e1s joven y luminosa. El contorno de labios se redefine y rellena. <\/p>\n","protected":false},"featured_media":3559,"comment_status":"closed","ping_status":"closed","template":"","meta":{"_acf_changed":false},"pwb-brand":[98],"product_brand":[],"product_cat":[112,125],"product_tag":[],"class_list":{"0":"post-2844","1":"product","2":"type-product","3":"status-publish","4":"has-post-thumbnail","6":"pwb-brand-taaj","7":"product_cat-facial","8":"product_cat-contorno-de-ojos","10":"first","11":"outofstock","12":"taxable","13":"shipping-taxable","14":"purchasable","15":"product-type-simple"},"acf":[],"yoast_head":"<!-- This site is optimized with the Yoast SEO plugin v26.6 - https:\/\/yoast.com\/wordpress\/plugins\/seo\/ -->\n<title>TAAJ MAHARANI LE REGARD DE REINE 15ML. - BioCosmetic<\/title>\n<meta name=\"robots\" content=\"index, follow, max-snippet:-1, max-image-preview:large, max-video-preview:-1\" \/>\n<link rel=\"canonical\" href=\"https:\/\/biocosmeticdis.com\/producto\/taaj-maharani-contorno-de-ojos-y-labios-anti-edad-15-ml\/\" \/>\n<meta name=\"twitter:card\" content=\"summary_large_image\" \/>\n<meta name=\"twitter:title\" content=\"TAAJ MAHARANI LE REGARD DE REINE 15ML. - BioCosmetic\" \/>\n<meta name=\"twitter:description\" content=\"Serum contorno de ojos anti-edad. Revitalizaci\u00f3n y re-definici\u00f3n y tratamiento anti-arrugas,la mirada se vuelve m\u00e1s joven y luminosa. El contorno de labios se redefine y rellena.\" \/>\n<meta name=\"twitter:image\" content=\"https:\/\/biocosmeticdis.com\/wp-content\/uploads\/2020\/04\/MRR15_0_20200326200801-1.jpg\" \/>\n<script type=\"application\/ld+json\" class=\"yoast-schema-graph\">{\"@context\":\"https:\/\/schema.org\",\"@graph\":[{\"@type\":\"WebPage\",\"@id\":\"https:\/\/biocosmeticdis.com\/producto\/taaj-maharani-contorno-de-ojos-y-labios-anti-edad-15-ml\/\",\"url\":\"https:\/\/biocosmeticdis.com\/producto\/taaj-maharani-contorno-de-ojos-y-labios-anti-edad-15-ml\/\",\"name\":\"TAAJ MAHARANI LE REGARD DE REINE 15ML. - BioCosmetic\",\"isPartOf\":{\"@id\":\"https:\/\/biocosmeticdis.com\/#website\"},\"primaryImageOfPage\":{\"@id\":\"https:\/\/biocosmeticdis.com\/producto\/taaj-maharani-contorno-de-ojos-y-labios-anti-edad-15-ml\/#primaryimage\"},\"image\":{\"@id\":\"https:\/\/biocosmeticdis.com\/producto\/taaj-maharani-contorno-de-ojos-y-labios-anti-edad-15-ml\/#primaryimage\"},\"thumbnailUrl\":\"https:\/\/biocosmeticdis.com\/wp-content\/uploads\/2020\/04\/MRR15_0_20200326200801-1.jpg\",\"datePublished\":\"2020-04-16T15:19:17+00:00\",\"dateModified\":\"2025-11-12T10:47:03+00:00\",\"breadcrumb\":{\"@id\":\"https:\/\/biocosmeticdis.com\/producto\/taaj-maharani-contorno-de-ojos-y-labios-anti-edad-15-ml\/#breadcrumb\"},\"inLanguage\":\"en-US\",\"potentialAction\":[{\"@type\":\"ReadAction\",\"target\":[\"https:\/\/biocosmeticdis.com\/producto\/taaj-maharani-contorno-de-ojos-y-labios-anti-edad-15-ml\/\"]}]},{\"@type\":\"ImageObject\",\"inLanguage\":\"en-US\",\"@id\":\"https:\/\/biocosmeticdis.com\/producto\/taaj-maharani-contorno-de-ojos-y-labios-anti-edad-15-ml\/#primaryimage\",\"url\":\"https:\/\/biocosmeticdis.com\/wp-content\/uploads\/2020\/04\/MRR15_0_20200326200801-1.jpg\",\"contentUrl\":\"https:\/\/biocosmeticdis.com\/wp-content\/uploads\/2020\/04\/MRR15_0_20200326200801-1.jpg\",\"width\":420,\"height\":960},{\"@type\":\"BreadcrumbList\",\"@id\":\"https:\/\/biocosmeticdis.com\/producto\/taaj-maharani-contorno-de-ojos-y-labios-anti-edad-15-ml\/#breadcrumb\",\"itemListElement\":[{\"@type\":\"ListItem\",\"position\":1,\"name\":\"Portada\",\"item\":\"https:\/\/biocosmeticdis.com\/\"},{\"@type\":\"ListItem\",\"position\":2,\"name\":\"Shop\",\"item\":\"https:\/\/biocosmeticdis.com\/en\/shop\/\"},{\"@type\":\"ListItem\",\"position\":3,\"name\":\"TAAJ MAHARANI LE REGARD DE REINE 15ML.\"}]},{\"@type\":\"WebSite\",\"@id\":\"https:\/\/biocosmeticdis.com\/#website\",\"url\":\"https:\/\/biocosmeticdis.com\/\",\"name\":\"BioCosmetic\",\"description\":\"Tienda de cosm\u00e9tica natural y maquillaje Bio, adem\u00e1s de los cuidados naturales para tu mascota.\",\"publisher\":{\"@id\":\"https:\/\/biocosmeticdis.com\/#organization\"},\"potentialAction\":[{\"@type\":\"SearchAction\",\"target\":{\"@type\":\"EntryPoint\",\"urlTemplate\":\"https:\/\/biocosmeticdis.com\/?s={search_term_string}\"},\"query-input\":{\"@type\":\"PropertyValueSpecification\",\"valueRequired\":true,\"valueName\":\"search_term_string\"}}],\"inLanguage\":\"en-US\"},{\"@type\":\"Organization\",\"@id\":\"https:\/\/biocosmeticdis.com\/#organization\",\"name\":\"BioCosmetic\",\"url\":\"https:\/\/biocosmeticdis.com\/\",\"logo\":{\"@type\":\"ImageObject\",\"inLanguage\":\"en-US\",\"@id\":\"https:\/\/biocosmeticdis.com\/#\/schema\/logo\/image\/\",\"url\":\"https:\/\/biocosmeticdis.com\/wp-content\/uploads\/2023\/06\/Imagen1-2.jpg\",\"contentUrl\":\"https:\/\/biocosmeticdis.com\/wp-content\/uploads\/2023\/06\/Imagen1-2.jpg\",\"width\":211,\"height\":172,\"caption\":\"BioCosmetic\"},\"image\":{\"@id\":\"https:\/\/biocosmeticdis.com\/#\/schema\/logo\/image\/\"},\"sameAs\":[\"https:\/\/www.facebook.com\/biocosmeticdis\",\"https:\/\/www.instagram.com\/biocosmeticdis\/\"]}]}<\/script>\n<!-- \/ Yoast SEO plugin. -->","yoast_head_json":{"title":"TAAJ MAHARANI LE REGARD DE REINE 15ML. - BioCosmetic","robots":{"index":"index","follow":"follow","max-snippet":"max-snippet:-1","max-image-preview":"max-image-preview:large","max-video-preview":"max-video-preview:-1"},"canonical":"https:\/\/biocosmeticdis.com\/producto\/taaj-maharani-contorno-de-ojos-y-labios-anti-edad-15-ml\/","twitter_card":"summary_large_image","twitter_title":"TAAJ MAHARANI LE REGARD DE REINE 15ML. - BioCosmetic","twitter_description":"Serum contorno de ojos anti-edad. Revitalizaci\u00f3n y re-definici\u00f3n y tratamiento anti-arrugas,la mirada se vuelve m\u00e1s joven y luminosa. El contorno de labios se redefine y rellena.","twitter_image":"https:\/\/biocosmeticdis.com\/wp-content\/uploads\/2020\/04\/MRR15_0_20200326200801-1.jpg","schema":{"@context":"https:\/\/schema.org","@graph":[{"@type":"WebPage","@id":"https:\/\/biocosmeticdis.com\/producto\/taaj-maharani-contorno-de-ojos-y-labios-anti-edad-15-ml\/","url":"https:\/\/biocosmeticdis.com\/producto\/taaj-maharani-contorno-de-ojos-y-labios-anti-edad-15-ml\/","name":"TAAJ MAHARANI LE REGARD DE REINE 15ML. - BioCosmetic","isPartOf":{"@id":"https:\/\/biocosmeticdis.com\/#website"},"primaryImageOfPage":{"@id":"https:\/\/biocosmeticdis.com\/producto\/taaj-maharani-contorno-de-ojos-y-labios-anti-edad-15-ml\/#primaryimage"},"image":{"@id":"https:\/\/biocosmeticdis.com\/producto\/taaj-maharani-contorno-de-ojos-y-labios-anti-edad-15-ml\/#primaryimage"},"thumbnailUrl":"https:\/\/biocosmeticdis.com\/wp-content\/uploads\/2020\/04\/MRR15_0_20200326200801-1.jpg","datePublished":"2020-04-16T15:19:17+00:00","dateModified":"2025-11-12T10:47:03+00:00","breadcrumb":{"@id":"https:\/\/biocosmeticdis.com\/producto\/taaj-maharani-contorno-de-ojos-y-labios-anti-edad-15-ml\/#breadcrumb"},"inLanguage":"en-US","potentialAction":[{"@type":"ReadAction","target":["https:\/\/biocosmeticdis.com\/producto\/taaj-maharani-contorno-de-ojos-y-labios-anti-edad-15-ml\/"]}]},{"@type":"ImageObject","inLanguage":"en-US","@id":"https:\/\/biocosmeticdis.com\/producto\/taaj-maharani-contorno-de-ojos-y-labios-anti-edad-15-ml\/#primaryimage","url":"https:\/\/biocosmeticdis.com\/wp-content\/uploads\/2020\/04\/MRR15_0_20200326200801-1.jpg","contentUrl":"https:\/\/biocosmeticdis.com\/wp-content\/uploads\/2020\/04\/MRR15_0_20200326200801-1.jpg","width":420,"height":960},{"@type":"BreadcrumbList","@id":"https:\/\/biocosmeticdis.com\/producto\/taaj-maharani-contorno-de-ojos-y-labios-anti-edad-15-ml\/#breadcrumb","itemListElement":[{"@type":"ListItem","position":1,"name":"Portada","item":"https:\/\/biocosmeticdis.com\/"},{"@type":"ListItem","position":2,"name":"Shop","item":"https:\/\/biocosmeticdis.com\/en\/shop\/"},{"@type":"ListItem","position":3,"name":"TAAJ MAHARANI LE REGARD DE REINE 15ML."}]},{"@type":"WebSite","@id":"https:\/\/biocosmeticdis.com\/#website","url":"https:\/\/biocosmeticdis.com\/","name":"BioCosmetic","description":"Tienda de cosm\u00e9tica natural y maquillaje Bio, adem\u00e1s de los cuidados naturales para tu mascota.","publisher":{"@id":"https:\/\/biocosmeticdis.com\/#organization"},"potentialAction":[{"@type":"SearchAction","target":{"@type":"EntryPoint","urlTemplate":"https:\/\/biocosmeticdis.com\/?s={search_term_string}"},"query-input":{"@type":"PropertyValueSpecification","valueRequired":true,"valueName":"search_term_string"}}],"inLanguage":"en-US"},{"@type":"Organization","@id":"https:\/\/biocosmeticdis.com\/#organization","name":"BioCosmetic","url":"https:\/\/biocosmeticdis.com\/","logo":{"@type":"ImageObject","inLanguage":"en-US","@id":"https:\/\/biocosmeticdis.com\/#\/schema\/logo\/image\/","url":"https:\/\/biocosmeticdis.com\/wp-content\/uploads\/2023\/06\/Imagen1-2.jpg","contentUrl":"https:\/\/biocosmeticdis.com\/wp-content\/uploads\/2023\/06\/Imagen1-2.jpg","width":211,"height":172,"caption":"BioCosmetic"},"image":{"@id":"https:\/\/biocosmeticdis.com\/#\/schema\/logo\/image\/"},"sameAs":["https:\/\/www.facebook.com\/biocosmeticdis","https:\/\/www.instagram.com\/biocosmeticdis\/"]}]}},"brands":[{"id":98,"name":"TAAJ","slug":"taaj"}],"_links":{"self":[{"href":"https:\/\/biocosmeticdis.com\/en\/wp-json\/wp\/v2\/product\/2844","targetHints":{"allow":["GET"]}}],"collection":[{"href":"https:\/\/biocosmeticdis.com\/en\/wp-json\/wp\/v2\/product"}],"about":[{"href":"https:\/\/biocosmeticdis.com\/en\/wp-json\/wp\/v2\/types\/product"}],"replies":[{"embeddable":true,"href":"https:\/\/biocosmeticdis.com\/en\/wp-json\/wp\/v2\/comments?post=2844"}],"wp:featuredmedia":[{"embeddable":true,"href":"https:\/\/biocosmeticdis.com\/en\/wp-json\/wp\/v2\/media\/3559"}],"wp:attachment":[{"href":"https:\/\/biocosmeticdis.com\/en\/wp-json\/wp\/v2\/media?parent=2844"}],"wp:term":[{"taxonomy":"pwb-brand","embeddable":true,"href":"https:\/\/biocosmeticdis.com\/en\/wp-json\/wp\/v2\/pwb-brand?post=2844"},{"taxonomy":"product_brand","embeddable":true,"href":"https:\/\/biocosmeticdis.com\/en\/wp-json\/wp\/v2\/product_brand?post=2844"},{"taxonomy":"product_cat","embeddable":true,"href":"https:\/\/biocosmeticdis.com\/en\/wp-json\/wp\/v2\/product_cat?post=2844"},{"taxonomy":"product_tag","embeddable":true,"href":"https:\/\/biocosmeticdis.com\/en\/wp-json\/wp\/v2\/product_tag?post=2844"}],"curies":[{"name":"wp","href":"https:\/\/api.w.org\/{rel}","templated":true}]}}