{"id":2845,"date":"2020-04-16T15:19:17","date_gmt":"2020-04-16T15:19:17","guid":{"rendered":"http:\/\/biocosmeticdis.com\/producto\/taaj-maharani-serum-anti-edad-30ml\/"},"modified":"2025-11-12T11:47:03","modified_gmt":"2025-11-12T10:47:03","slug":"taaj-maharani-serum-anti-edad-30ml","status":"publish","type":"product","link":"https:\/\/biocosmeticdis.com\/en\/product\/taaj-maharani-serum-anti-edad-30ml\/","title":{"rendered":"TAAJ MAHARANI Le Serum de Reine 30ml."},"content":{"rendered":"<p>El Serum de Reine&nbsp;&nbsp;combina 40 activos principales raros y precisos con potentes activos anti-edad (\u00c1cido Hialur\u00f3nico, Collag\u00e8no*, Elastina*). Formula sin siliconas, este Serum de excepcional calidad&nbsp;&nbsp;aporta de inmediato a la piel suavidad y protecci\u00f3n.&nbsp;&nbsp;Acabado satinado y confort absoluto para la piel desde la 1\u00aa aplicaci\u00f3n.<\/p>\n<p>Incre\u00edblemente revitalizada, y redefinida, la piel esta visiblemente m\u00e1s joven. Aporta firmeza y elasticidad al ovalo facial de manera extraordinaria, las arrugas se reducen, la tez esta m\u00e1s luminosa y m\u00e1s uniforme.<\/p>\n<p>Pieles Maduras \u2013 Doshas : Vata, Pitta, Kapha<\/p>\n<p>Sinergia de activos anti-edad :<\/p>\n<p>\u00c1cido Hialur\u00f3nico<\/p>\n<p>Col\u00e1geno*<\/p>\n<p>Elastina*<\/p>\n<p>40 principos activos en sinergia: Amla, Curcuma, Premna, Morelle indienne, Jivanti, Brahmi, Cardamome, Vidanga, Centella Asiatica, Kantakari, Ginseng, Sceau de Salomon, Arbre du Clerg\u00e9, Liseron des Champs, Patala, Ginkgo Biloba, Cypriol, Bambou, Cyperus Rotundus, Ashwagandha, Miel, Tribule terrestre, Desmodie du Ganges, Haritaki, Bael, Mesua Ferrea, Peuplier d\u2019Afrique, Punarnava, Arbre de Damocl\u00e8s, Pueraria Mirifica, Ghee, Shatavari, Poivre long, Kigelia, Mauve indienne, Cannelle, Mudgaparni, R\u00e9glisse, Sucre, Vidari.<\/p>\n<p>*Hidrolizados de origen marino.<\/p>\n","protected":false},"excerpt":{"rendered":"<p>Serum de m\u00e1xima eficacia, resultados visibles desde la primera aplicaci\u00f3n. Secreto de belleza milenario Ayurveda.  Potencia el efecto de Cr\u00e9me de Reine.<\/p>\n","protected":false},"featured_media":3561,"comment_status":"closed","ping_status":"closed","template":"","meta":{"_acf_changed":false},"pwb-brand":[98],"product_brand":[],"product_cat":[112,123],"product_tag":[],"class_list":{"0":"post-2845","1":"product","2":"type-product","3":"status-publish","4":"has-post-thumbnail","6":"pwb-brand-taaj","7":"product_cat-facial","8":"product_cat-serum","10":"first","11":"outofstock","12":"taxable","13":"shipping-taxable","14":"purchasable","15":"product-type-simple"},"acf":[],"yoast_head":"<!-- This site is optimized with the Yoast SEO plugin v26.6 - https:\/\/yoast.com\/wordpress\/plugins\/seo\/ -->\n<title>TAAJ MAHARANI Le Serum de Reine 30ml. - BioCosmetic<\/title>\n<meta name=\"robots\" content=\"index, follow, max-snippet:-1, max-image-preview:large, max-video-preview:-1\" \/>\n<link rel=\"canonical\" href=\"https:\/\/biocosmeticdis.com\/producto\/taaj-maharani-serum-anti-edad-30ml\/\" \/>\n<meta name=\"twitter:card\" content=\"summary_large_image\" \/>\n<meta name=\"twitter:title\" content=\"TAAJ MAHARANI Le Serum de Reine 30ml. - BioCosmetic\" \/>\n<meta name=\"twitter:description\" content=\"Serum de m\u00e1xima eficacia, resultados visibles desde la primera aplicaci\u00f3n. Secreto de belleza milenario Ayurveda. Potencia el efecto de Cr\u00e9me de Reine.\" \/>\n<meta name=\"twitter:image\" content=\"https:\/\/biocosmeticdis.com\/wp-content\/uploads\/2020\/04\/MSR30_0_20200326194744-1.jpg\" \/>\n<meta name=\"twitter:label1\" content=\"Est. reading time\" \/>\n\t<meta name=\"twitter:data1\" content=\"1 minute\" \/>\n<script type=\"application\/ld+json\" class=\"yoast-schema-graph\">{\"@context\":\"https:\/\/schema.org\",\"@graph\":[{\"@type\":\"WebPage\",\"@id\":\"https:\/\/biocosmeticdis.com\/producto\/taaj-maharani-serum-anti-edad-30ml\/\",\"url\":\"https:\/\/biocosmeticdis.com\/producto\/taaj-maharani-serum-anti-edad-30ml\/\",\"name\":\"TAAJ MAHARANI Le Serum de Reine 30ml. - BioCosmetic\",\"isPartOf\":{\"@id\":\"https:\/\/biocosmeticdis.com\/#website\"},\"primaryImageOfPage\":{\"@id\":\"https:\/\/biocosmeticdis.com\/producto\/taaj-maharani-serum-anti-edad-30ml\/#primaryimage\"},\"image\":{\"@id\":\"https:\/\/biocosmeticdis.com\/producto\/taaj-maharani-serum-anti-edad-30ml\/#primaryimage\"},\"thumbnailUrl\":\"https:\/\/biocosmeticdis.com\/wp-content\/uploads\/2020\/04\/MSR30_0_20200326194744-1.jpg\",\"datePublished\":\"2020-04-16T15:19:17+00:00\",\"dateModified\":\"2025-11-12T10:47:03+00:00\",\"breadcrumb\":{\"@id\":\"https:\/\/biocosmeticdis.com\/producto\/taaj-maharani-serum-anti-edad-30ml\/#breadcrumb\"},\"inLanguage\":\"en-US\",\"potentialAction\":[{\"@type\":\"ReadAction\",\"target\":[\"https:\/\/biocosmeticdis.com\/producto\/taaj-maharani-serum-anti-edad-30ml\/\"]}]},{\"@type\":\"ImageObject\",\"inLanguage\":\"en-US\",\"@id\":\"https:\/\/biocosmeticdis.com\/producto\/taaj-maharani-serum-anti-edad-30ml\/#primaryimage\",\"url\":\"https:\/\/biocosmeticdis.com\/wp-content\/uploads\/2020\/04\/MSR30_0_20200326194744-1.jpg\",\"contentUrl\":\"https:\/\/biocosmeticdis.com\/wp-content\/uploads\/2020\/04\/MSR30_0_20200326194744-1.jpg\",\"width\":372,\"height\":960},{\"@type\":\"BreadcrumbList\",\"@id\":\"https:\/\/biocosmeticdis.com\/producto\/taaj-maharani-serum-anti-edad-30ml\/#breadcrumb\",\"itemListElement\":[{\"@type\":\"ListItem\",\"position\":1,\"name\":\"Portada\",\"item\":\"https:\/\/biocosmeticdis.com\/\"},{\"@type\":\"ListItem\",\"position\":2,\"name\":\"Shop\",\"item\":\"https:\/\/biocosmeticdis.com\/en\/shop\/\"},{\"@type\":\"ListItem\",\"position\":3,\"name\":\"TAAJ MAHARANI Le Serum de Reine 30ml.\"}]},{\"@type\":\"WebSite\",\"@id\":\"https:\/\/biocosmeticdis.com\/#website\",\"url\":\"https:\/\/biocosmeticdis.com\/\",\"name\":\"BioCosmetic\",\"description\":\"Tienda de cosm\u00e9tica natural y maquillaje Bio, adem\u00e1s de los cuidados naturales para tu mascota.\",\"publisher\":{\"@id\":\"https:\/\/biocosmeticdis.com\/#organization\"},\"potentialAction\":[{\"@type\":\"SearchAction\",\"target\":{\"@type\":\"EntryPoint\",\"urlTemplate\":\"https:\/\/biocosmeticdis.com\/?s={search_term_string}\"},\"query-input\":{\"@type\":\"PropertyValueSpecification\",\"valueRequired\":true,\"valueName\":\"search_term_string\"}}],\"inLanguage\":\"en-US\"},{\"@type\":\"Organization\",\"@id\":\"https:\/\/biocosmeticdis.com\/#organization\",\"name\":\"BioCosmetic\",\"url\":\"https:\/\/biocosmeticdis.com\/\",\"logo\":{\"@type\":\"ImageObject\",\"inLanguage\":\"en-US\",\"@id\":\"https:\/\/biocosmeticdis.com\/#\/schema\/logo\/image\/\",\"url\":\"https:\/\/biocosmeticdis.com\/wp-content\/uploads\/2023\/06\/Imagen1-2.jpg\",\"contentUrl\":\"https:\/\/biocosmeticdis.com\/wp-content\/uploads\/2023\/06\/Imagen1-2.jpg\",\"width\":211,\"height\":172,\"caption\":\"BioCosmetic\"},\"image\":{\"@id\":\"https:\/\/biocosmeticdis.com\/#\/schema\/logo\/image\/\"},\"sameAs\":[\"https:\/\/www.facebook.com\/biocosmeticdis\",\"https:\/\/www.instagram.com\/biocosmeticdis\/\"]}]}<\/script>\n<!-- \/ Yoast SEO plugin. -->","yoast_head_json":{"title":"TAAJ MAHARANI Le Serum de Reine 30ml. - BioCosmetic","robots":{"index":"index","follow":"follow","max-snippet":"max-snippet:-1","max-image-preview":"max-image-preview:large","max-video-preview":"max-video-preview:-1"},"canonical":"https:\/\/biocosmeticdis.com\/producto\/taaj-maharani-serum-anti-edad-30ml\/","twitter_card":"summary_large_image","twitter_title":"TAAJ MAHARANI Le Serum de Reine 30ml. - BioCosmetic","twitter_description":"Serum de m\u00e1xima eficacia, resultados visibles desde la primera aplicaci\u00f3n. Secreto de belleza milenario Ayurveda. Potencia el efecto de Cr\u00e9me de Reine.","twitter_image":"https:\/\/biocosmeticdis.com\/wp-content\/uploads\/2020\/04\/MSR30_0_20200326194744-1.jpg","twitter_misc":{"Est. reading time":"1 minute"},"schema":{"@context":"https:\/\/schema.org","@graph":[{"@type":"WebPage","@id":"https:\/\/biocosmeticdis.com\/producto\/taaj-maharani-serum-anti-edad-30ml\/","url":"https:\/\/biocosmeticdis.com\/producto\/taaj-maharani-serum-anti-edad-30ml\/","name":"TAAJ MAHARANI Le Serum de Reine 30ml. - BioCosmetic","isPartOf":{"@id":"https:\/\/biocosmeticdis.com\/#website"},"primaryImageOfPage":{"@id":"https:\/\/biocosmeticdis.com\/producto\/taaj-maharani-serum-anti-edad-30ml\/#primaryimage"},"image":{"@id":"https:\/\/biocosmeticdis.com\/producto\/taaj-maharani-serum-anti-edad-30ml\/#primaryimage"},"thumbnailUrl":"https:\/\/biocosmeticdis.com\/wp-content\/uploads\/2020\/04\/MSR30_0_20200326194744-1.jpg","datePublished":"2020-04-16T15:19:17+00:00","dateModified":"2025-11-12T10:47:03+00:00","breadcrumb":{"@id":"https:\/\/biocosmeticdis.com\/producto\/taaj-maharani-serum-anti-edad-30ml\/#breadcrumb"},"inLanguage":"en-US","potentialAction":[{"@type":"ReadAction","target":["https:\/\/biocosmeticdis.com\/producto\/taaj-maharani-serum-anti-edad-30ml\/"]}]},{"@type":"ImageObject","inLanguage":"en-US","@id":"https:\/\/biocosmeticdis.com\/producto\/taaj-maharani-serum-anti-edad-30ml\/#primaryimage","url":"https:\/\/biocosmeticdis.com\/wp-content\/uploads\/2020\/04\/MSR30_0_20200326194744-1.jpg","contentUrl":"https:\/\/biocosmeticdis.com\/wp-content\/uploads\/2020\/04\/MSR30_0_20200326194744-1.jpg","width":372,"height":960},{"@type":"BreadcrumbList","@id":"https:\/\/biocosmeticdis.com\/producto\/taaj-maharani-serum-anti-edad-30ml\/#breadcrumb","itemListElement":[{"@type":"ListItem","position":1,"name":"Portada","item":"https:\/\/biocosmeticdis.com\/"},{"@type":"ListItem","position":2,"name":"Shop","item":"https:\/\/biocosmeticdis.com\/en\/shop\/"},{"@type":"ListItem","position":3,"name":"TAAJ MAHARANI Le Serum de Reine 30ml."}]},{"@type":"WebSite","@id":"https:\/\/biocosmeticdis.com\/#website","url":"https:\/\/biocosmeticdis.com\/","name":"BioCosmetic","description":"Tienda de cosm\u00e9tica natural y maquillaje Bio, adem\u00e1s de los cuidados naturales para tu mascota.","publisher":{"@id":"https:\/\/biocosmeticdis.com\/#organization"},"potentialAction":[{"@type":"SearchAction","target":{"@type":"EntryPoint","urlTemplate":"https:\/\/biocosmeticdis.com\/?s={search_term_string}"},"query-input":{"@type":"PropertyValueSpecification","valueRequired":true,"valueName":"search_term_string"}}],"inLanguage":"en-US"},{"@type":"Organization","@id":"https:\/\/biocosmeticdis.com\/#organization","name":"BioCosmetic","url":"https:\/\/biocosmeticdis.com\/","logo":{"@type":"ImageObject","inLanguage":"en-US","@id":"https:\/\/biocosmeticdis.com\/#\/schema\/logo\/image\/","url":"https:\/\/biocosmeticdis.com\/wp-content\/uploads\/2023\/06\/Imagen1-2.jpg","contentUrl":"https:\/\/biocosmeticdis.com\/wp-content\/uploads\/2023\/06\/Imagen1-2.jpg","width":211,"height":172,"caption":"BioCosmetic"},"image":{"@id":"https:\/\/biocosmeticdis.com\/#\/schema\/logo\/image\/"},"sameAs":["https:\/\/www.facebook.com\/biocosmeticdis","https:\/\/www.instagram.com\/biocosmeticdis\/"]}]}},"brands":[{"id":98,"name":"TAAJ","slug":"taaj"}],"_links":{"self":[{"href":"https:\/\/biocosmeticdis.com\/en\/wp-json\/wp\/v2\/product\/2845","targetHints":{"allow":["GET"]}}],"collection":[{"href":"https:\/\/biocosmeticdis.com\/en\/wp-json\/wp\/v2\/product"}],"about":[{"href":"https:\/\/biocosmeticdis.com\/en\/wp-json\/wp\/v2\/types\/product"}],"replies":[{"embeddable":true,"href":"https:\/\/biocosmeticdis.com\/en\/wp-json\/wp\/v2\/comments?post=2845"}],"wp:featuredmedia":[{"embeddable":true,"href":"https:\/\/biocosmeticdis.com\/en\/wp-json\/wp\/v2\/media\/3561"}],"wp:attachment":[{"href":"https:\/\/biocosmeticdis.com\/en\/wp-json\/wp\/v2\/media?parent=2845"}],"wp:term":[{"taxonomy":"pwb-brand","embeddable":true,"href":"https:\/\/biocosmeticdis.com\/en\/wp-json\/wp\/v2\/pwb-brand?post=2845"},{"taxonomy":"product_brand","embeddable":true,"href":"https:\/\/biocosmeticdis.com\/en\/wp-json\/wp\/v2\/product_brand?post=2845"},{"taxonomy":"product_cat","embeddable":true,"href":"https:\/\/biocosmeticdis.com\/en\/wp-json\/wp\/v2\/product_cat?post=2845"},{"taxonomy":"product_tag","embeddable":true,"href":"https:\/\/biocosmeticdis.com\/en\/wp-json\/wp\/v2\/product_tag?post=2845"}],"curies":[{"name":"wp","href":"https:\/\/api.w.org\/{rel}","templated":true}]}}