{"id":3981,"date":"2020-05-06T15:53:20","date_gmt":"2020-05-06T15:53:20","guid":{"rendered":"http:\/\/biocosmeticdis.com\/producto\/caja-de-3-jabones-100gr\/"},"modified":"2025-11-12T11:46:54","modified_gmt":"2025-11-12T10:46:54","slug":"caja-de-3-jabones-100gr","status":"publish","type":"product","link":"https:\/\/biocosmeticdis.com\/en\/product\/caja-de-3-jabones-100gr\/","title":{"rendered":"TAAJ Coffret Noel Petit Modele 3 Savons"},"content":{"rendered":"<p>Un conjunto exclusivo que incluye:<\/p>\n<p>Jab\u00f3n Ayurv\u00e9dico con \u00e1loe Vera, cara y cuerpo, 100g<\/p>\n<p>un Jab\u00f3n Ayurv\u00e9dico Delhicieux, cara y cuerpo, 100g<\/p>\n<p>un Jab\u00f3n Ayurv\u00e9dico de Carb\u00f3n, cara y cuerpo, 100g<\/p>\n<p>Formulados a partir de aceites vegetales y manteca de Carit\u00e9, estos 3 jabones ayurv\u00e9dicos limpian la piel suavemente preservando su equilibrio natural.<\/p>\n<p>Jab\u00f3n Ayurv\u00e9dico con \u00e1loe Vera: Enriquecido con \u00e1loe vera, planta milenaria conocida por sus incre\u00edbles virtudes sobre la piel, ofrece un aut\u00e9ntico ba\u00f1o de hidrataci\u00f3n a la piel. Protegida y revitalizara, la piel es suave y flexible.<\/p>\n<p>Jab\u00f3n Ayurv\u00e9dico Delhicieux: Gourmet y adictivo, envuelve la piel con un delicioso perfume con notas de vainilla.<\/p>\n<p>Jab\u00f3n Ayurv\u00e9dico al Carb\u00f3n: Enriquecido con carb\u00f3n vegetal, activo reconocido por su extraordinaria capacidad de absorci\u00f3n, libera la piel de sus toxinas y de sus impurezas y revela el brillo de la tez. Purificada, la piel es fresca y m\u00e1s luminosa.<\/p>\n","protected":false},"excerpt":{"rendered":"<p>Caja de 3 jabones de 100 gr. para regalo.<\/p>\n","protected":false},"featured_media":3999,"comment_status":"closed","ping_status":"closed","template":"","meta":{"_acf_changed":false},"pwb-brand":[98],"product_brand":[],"product_cat":[116,134],"product_tag":[],"class_list":{"0":"post-3981","1":"product","2":"type-product","3":"status-publish","4":"has-post-thumbnail","6":"pwb-brand-taaj","7":"product_cat-regalos","8":"product_cat-estuches","10":"first","11":"outofstock","12":"taxable","13":"shipping-taxable","14":"purchasable","15":"product-type-simple"},"acf":[],"yoast_head":"<!-- This site is optimized with the Yoast SEO plugin v26.6 - https:\/\/yoast.com\/wordpress\/plugins\/seo\/ -->\n<title>TAAJ Coffret Noel Petit Modele 3 Savons - BioCosmetic<\/title>\n<meta name=\"robots\" content=\"index, follow, max-snippet:-1, max-image-preview:large, max-video-preview:-1\" \/>\n<link rel=\"canonical\" href=\"https:\/\/biocosmeticdis.com\/producto\/caja-de-3-jabones-100gr\/\" \/>\n<meta name=\"twitter:card\" content=\"summary_large_image\" \/>\n<meta name=\"twitter:title\" content=\"TAAJ Coffret Noel Petit Modele 3 Savons - BioCosmetic\" \/>\n<meta name=\"twitter:description\" content=\"Caja de 3 jabones de 100 gr. para regalo.\" \/>\n<meta name=\"twitter:image\" content=\"https:\/\/biocosmeticdis.com\/wp-content\/uploads\/2020\/05\/CN19PM_BD_L1500px.jpg\" \/>\n<meta name=\"twitter:label1\" content=\"Est. reading time\" \/>\n\t<meta name=\"twitter:data1\" content=\"1 minute\" \/>\n<script type=\"application\/ld+json\" class=\"yoast-schema-graph\">{\"@context\":\"https:\/\/schema.org\",\"@graph\":[{\"@type\":\"WebPage\",\"@id\":\"https:\/\/biocosmeticdis.com\/producto\/caja-de-3-jabones-100gr\/\",\"url\":\"https:\/\/biocosmeticdis.com\/producto\/caja-de-3-jabones-100gr\/\",\"name\":\"TAAJ Coffret Noel Petit Modele 3 Savons - BioCosmetic\",\"isPartOf\":{\"@id\":\"https:\/\/biocosmeticdis.com\/#website\"},\"primaryImageOfPage\":{\"@id\":\"https:\/\/biocosmeticdis.com\/producto\/caja-de-3-jabones-100gr\/#primaryimage\"},\"image\":{\"@id\":\"https:\/\/biocosmeticdis.com\/producto\/caja-de-3-jabones-100gr\/#primaryimage\"},\"thumbnailUrl\":\"https:\/\/biocosmeticdis.com\/wp-content\/uploads\/2020\/05\/CN19PM_BD_L1500px.jpg\",\"datePublished\":\"2020-05-06T15:53:20+00:00\",\"dateModified\":\"2025-11-12T10:46:54+00:00\",\"breadcrumb\":{\"@id\":\"https:\/\/biocosmeticdis.com\/producto\/caja-de-3-jabones-100gr\/#breadcrumb\"},\"inLanguage\":\"en-US\",\"potentialAction\":[{\"@type\":\"ReadAction\",\"target\":[\"https:\/\/biocosmeticdis.com\/producto\/caja-de-3-jabones-100gr\/\"]}]},{\"@type\":\"ImageObject\",\"inLanguage\":\"en-US\",\"@id\":\"https:\/\/biocosmeticdis.com\/producto\/caja-de-3-jabones-100gr\/#primaryimage\",\"url\":\"https:\/\/biocosmeticdis.com\/wp-content\/uploads\/2020\/05\/CN19PM_BD_L1500px.jpg\",\"contentUrl\":\"https:\/\/biocosmeticdis.com\/wp-content\/uploads\/2020\/05\/CN19PM_BD_L1500px.jpg\",\"width\":1500,\"height\":1500},{\"@type\":\"BreadcrumbList\",\"@id\":\"https:\/\/biocosmeticdis.com\/producto\/caja-de-3-jabones-100gr\/#breadcrumb\",\"itemListElement\":[{\"@type\":\"ListItem\",\"position\":1,\"name\":\"Portada\",\"item\":\"https:\/\/biocosmeticdis.com\/\"},{\"@type\":\"ListItem\",\"position\":2,\"name\":\"Shop\",\"item\":\"https:\/\/biocosmeticdis.com\/en\/shop\/\"},{\"@type\":\"ListItem\",\"position\":3,\"name\":\"TAAJ Coffret Noel Petit Modele 3 Savons\"}]},{\"@type\":\"WebSite\",\"@id\":\"https:\/\/biocosmeticdis.com\/#website\",\"url\":\"https:\/\/biocosmeticdis.com\/\",\"name\":\"BioCosmetic\",\"description\":\"Tienda de cosm\u00e9tica natural y maquillaje Bio, adem\u00e1s de los cuidados naturales para tu mascota.\",\"publisher\":{\"@id\":\"https:\/\/biocosmeticdis.com\/#organization\"},\"potentialAction\":[{\"@type\":\"SearchAction\",\"target\":{\"@type\":\"EntryPoint\",\"urlTemplate\":\"https:\/\/biocosmeticdis.com\/?s={search_term_string}\"},\"query-input\":{\"@type\":\"PropertyValueSpecification\",\"valueRequired\":true,\"valueName\":\"search_term_string\"}}],\"inLanguage\":\"en-US\"},{\"@type\":\"Organization\",\"@id\":\"https:\/\/biocosmeticdis.com\/#organization\",\"name\":\"BioCosmetic\",\"url\":\"https:\/\/biocosmeticdis.com\/\",\"logo\":{\"@type\":\"ImageObject\",\"inLanguage\":\"en-US\",\"@id\":\"https:\/\/biocosmeticdis.com\/#\/schema\/logo\/image\/\",\"url\":\"https:\/\/biocosmeticdis.com\/wp-content\/uploads\/2023\/06\/Imagen1-2.jpg\",\"contentUrl\":\"https:\/\/biocosmeticdis.com\/wp-content\/uploads\/2023\/06\/Imagen1-2.jpg\",\"width\":211,\"height\":172,\"caption\":\"BioCosmetic\"},\"image\":{\"@id\":\"https:\/\/biocosmeticdis.com\/#\/schema\/logo\/image\/\"},\"sameAs\":[\"https:\/\/www.facebook.com\/biocosmeticdis\",\"https:\/\/www.instagram.com\/biocosmeticdis\/\"]}]}<\/script>\n<!-- \/ Yoast SEO plugin. -->","yoast_head_json":{"title":"TAAJ Coffret Noel Petit Modele 3 Savons - BioCosmetic","robots":{"index":"index","follow":"follow","max-snippet":"max-snippet:-1","max-image-preview":"max-image-preview:large","max-video-preview":"max-video-preview:-1"},"canonical":"https:\/\/biocosmeticdis.com\/producto\/caja-de-3-jabones-100gr\/","twitter_card":"summary_large_image","twitter_title":"TAAJ Coffret Noel Petit Modele 3 Savons - BioCosmetic","twitter_description":"Caja de 3 jabones de 100 gr. para regalo.","twitter_image":"https:\/\/biocosmeticdis.com\/wp-content\/uploads\/2020\/05\/CN19PM_BD_L1500px.jpg","twitter_misc":{"Est. reading time":"1 minute"},"schema":{"@context":"https:\/\/schema.org","@graph":[{"@type":"WebPage","@id":"https:\/\/biocosmeticdis.com\/producto\/caja-de-3-jabones-100gr\/","url":"https:\/\/biocosmeticdis.com\/producto\/caja-de-3-jabones-100gr\/","name":"TAAJ Coffret Noel Petit Modele 3 Savons - BioCosmetic","isPartOf":{"@id":"https:\/\/biocosmeticdis.com\/#website"},"primaryImageOfPage":{"@id":"https:\/\/biocosmeticdis.com\/producto\/caja-de-3-jabones-100gr\/#primaryimage"},"image":{"@id":"https:\/\/biocosmeticdis.com\/producto\/caja-de-3-jabones-100gr\/#primaryimage"},"thumbnailUrl":"https:\/\/biocosmeticdis.com\/wp-content\/uploads\/2020\/05\/CN19PM_BD_L1500px.jpg","datePublished":"2020-05-06T15:53:20+00:00","dateModified":"2025-11-12T10:46:54+00:00","breadcrumb":{"@id":"https:\/\/biocosmeticdis.com\/producto\/caja-de-3-jabones-100gr\/#breadcrumb"},"inLanguage":"en-US","potentialAction":[{"@type":"ReadAction","target":["https:\/\/biocosmeticdis.com\/producto\/caja-de-3-jabones-100gr\/"]}]},{"@type":"ImageObject","inLanguage":"en-US","@id":"https:\/\/biocosmeticdis.com\/producto\/caja-de-3-jabones-100gr\/#primaryimage","url":"https:\/\/biocosmeticdis.com\/wp-content\/uploads\/2020\/05\/CN19PM_BD_L1500px.jpg","contentUrl":"https:\/\/biocosmeticdis.com\/wp-content\/uploads\/2020\/05\/CN19PM_BD_L1500px.jpg","width":1500,"height":1500},{"@type":"BreadcrumbList","@id":"https:\/\/biocosmeticdis.com\/producto\/caja-de-3-jabones-100gr\/#breadcrumb","itemListElement":[{"@type":"ListItem","position":1,"name":"Portada","item":"https:\/\/biocosmeticdis.com\/"},{"@type":"ListItem","position":2,"name":"Shop","item":"https:\/\/biocosmeticdis.com\/en\/shop\/"},{"@type":"ListItem","position":3,"name":"TAAJ Coffret Noel Petit Modele 3 Savons"}]},{"@type":"WebSite","@id":"https:\/\/biocosmeticdis.com\/#website","url":"https:\/\/biocosmeticdis.com\/","name":"BioCosmetic","description":"Tienda de cosm\u00e9tica natural y maquillaje Bio, adem\u00e1s de los cuidados naturales para tu mascota.","publisher":{"@id":"https:\/\/biocosmeticdis.com\/#organization"},"potentialAction":[{"@type":"SearchAction","target":{"@type":"EntryPoint","urlTemplate":"https:\/\/biocosmeticdis.com\/?s={search_term_string}"},"query-input":{"@type":"PropertyValueSpecification","valueRequired":true,"valueName":"search_term_string"}}],"inLanguage":"en-US"},{"@type":"Organization","@id":"https:\/\/biocosmeticdis.com\/#organization","name":"BioCosmetic","url":"https:\/\/biocosmeticdis.com\/","logo":{"@type":"ImageObject","inLanguage":"en-US","@id":"https:\/\/biocosmeticdis.com\/#\/schema\/logo\/image\/","url":"https:\/\/biocosmeticdis.com\/wp-content\/uploads\/2023\/06\/Imagen1-2.jpg","contentUrl":"https:\/\/biocosmeticdis.com\/wp-content\/uploads\/2023\/06\/Imagen1-2.jpg","width":211,"height":172,"caption":"BioCosmetic"},"image":{"@id":"https:\/\/biocosmeticdis.com\/#\/schema\/logo\/image\/"},"sameAs":["https:\/\/www.facebook.com\/biocosmeticdis","https:\/\/www.instagram.com\/biocosmeticdis\/"]}]}},"brands":[{"id":98,"name":"TAAJ","slug":"taaj"}],"_links":{"self":[{"href":"https:\/\/biocosmeticdis.com\/en\/wp-json\/wp\/v2\/product\/3981","targetHints":{"allow":["GET"]}}],"collection":[{"href":"https:\/\/biocosmeticdis.com\/en\/wp-json\/wp\/v2\/product"}],"about":[{"href":"https:\/\/biocosmeticdis.com\/en\/wp-json\/wp\/v2\/types\/product"}],"replies":[{"embeddable":true,"href":"https:\/\/biocosmeticdis.com\/en\/wp-json\/wp\/v2\/comments?post=3981"}],"wp:featuredmedia":[{"embeddable":true,"href":"https:\/\/biocosmeticdis.com\/en\/wp-json\/wp\/v2\/media\/3999"}],"wp:attachment":[{"href":"https:\/\/biocosmeticdis.com\/en\/wp-json\/wp\/v2\/media?parent=3981"}],"wp:term":[{"taxonomy":"pwb-brand","embeddable":true,"href":"https:\/\/biocosmeticdis.com\/en\/wp-json\/wp\/v2\/pwb-brand?post=3981"},{"taxonomy":"product_brand","embeddable":true,"href":"https:\/\/biocosmeticdis.com\/en\/wp-json\/wp\/v2\/product_brand?post=3981"},{"taxonomy":"product_cat","embeddable":true,"href":"https:\/\/biocosmeticdis.com\/en\/wp-json\/wp\/v2\/product_cat?post=3981"},{"taxonomy":"product_tag","embeddable":true,"href":"https:\/\/biocosmeticdis.com\/en\/wp-json\/wp\/v2\/product_tag?post=3981"}],"curies":[{"name":"wp","href":"https:\/\/api.w.org\/{rel}","templated":true}]}}