{"id":3982,"date":"2020-05-06T15:53:23","date_gmt":"2020-05-06T15:53:23","guid":{"rendered":"http:\/\/biocosmeticdis.com\/producto\/keshika-champu-ayurveda-low-poo-250ml\/"},"modified":"2025-11-12T11:47:02","modified_gmt":"2025-11-12T10:47:02","slug":"keshika-champu-ayurveda-low-poo-250ml","status":"publish","type":"product","link":"https:\/\/biocosmeticdis.com\/en\/product\/keshika-champu-ayurveda-low-poo-250ml\/","title":{"rendered":"TAAJ KESHIKA Shampoing Ayurv\u00e9dique Low Poo 250ml."},"content":{"rendered":"<p>El Shampoo ayurv\u00e9dico Low Poo, que proviene de las pr\u00e1cticas ayurv\u00e9dicas ancestrales, ofrece una nueva forma de lavarse el cabello m\u00e1s respetuosa. Contiene una sinergia \u00fanica de polvos ayurv\u00e9das con virtudes lavantes y embellecedoras, utilizados tradicionalmente por las mujeres indias como champ\u00fas natural.<\/p>\n<p>Gracias a su bajo contenido de tenso activos no agresivos, Low Poo TAAJ puede utilizarse una vez al d\u00eda durante todo el a\u00f1o.<\/p>\n<p>Para integrarlo en su rutina de cuidado del cabello, puede empezar alternando el uso entre su champ\u00fa cl\u00e1sico y este champ\u00fa y luego integrarlo completamente poco a poco.<\/p>\n<p>Sinergia de activos :<\/p>\n<p>Polvo de Shikaka\u00ef<\/p>\n<p>Polvo de Sidr<\/p>\n<p>Polvo de Reetha<\/p>\n<p>Polvo de Brahim<\/p>\n<p>Polvo de naranjas dulces<\/p>\n","protected":false},"excerpt":{"rendered":"<p>Low Poo, que proviene de pr\u00e1cticas ayurvedas ancestrales, ofrece una nueva forma de lavarse el cabello m\u00e1s respetuosa. Contiene una sinergia \u00fanica de polvos ayurv\u00e9das con virtudes limpiadoras y embellecedoras para el cabello.<\/p>\n","protected":false},"featured_media":4016,"comment_status":"closed","ping_status":"closed","template":"","meta":{"_acf_changed":false},"pwb-brand":[98],"product_brand":[],"product_cat":[114,124],"product_tag":[],"class_list":{"0":"post-3982","1":"product","2":"type-product","3":"status-publish","4":"has-post-thumbnail","6":"pwb-brand-taaj","7":"product_cat-corporal","8":"product_cat-cabello-y-limpieza","10":"first","11":"outofstock","12":"taxable","13":"shipping-taxable","14":"purchasable","15":"product-type-simple"},"acf":[],"yoast_head":"<!-- This site is optimized with the Yoast SEO plugin v26.6 - https:\/\/yoast.com\/wordpress\/plugins\/seo\/ -->\n<title>TAAJ KESHIKA Shampoing Ayurv\u00e9dique Low Poo 250ml. - BioCosmetic<\/title>\n<meta name=\"robots\" content=\"index, follow, max-snippet:-1, max-image-preview:large, max-video-preview:-1\" \/>\n<link rel=\"canonical\" href=\"https:\/\/biocosmeticdis.com\/producto\/keshika-champu-ayurveda-low-poo-250ml\/\" \/>\n<meta name=\"twitter:card\" content=\"summary_large_image\" \/>\n<meta name=\"twitter:title\" content=\"TAAJ KESHIKA Shampoing Ayurv\u00e9dique Low Poo 250ml. - BioCosmetic\" \/>\n<meta name=\"twitter:description\" content=\"Low Poo, que proviene de pr\u00e1cticas ayurvedas ancestrales, ofrece una nueva forma de lavarse el cabello m\u00e1s respetuosa. Contiene una sinergia \u00fanica de polvos ayurv\u00e9das con virtudes limpiadoras y embellecedoras para el cabello.\" \/>\n<meta name=\"twitter:image\" content=\"https:\/\/biocosmeticdis.com\/wp-content\/uploads\/2020\/05\/KSA250_0_20200422135017.jpg\" \/>\n<meta name=\"twitter:label1\" content=\"Est. reading time\" \/>\n\t<meta name=\"twitter:data1\" content=\"1 minute\" \/>\n<script type=\"application\/ld+json\" class=\"yoast-schema-graph\">{\"@context\":\"https:\/\/schema.org\",\"@graph\":[{\"@type\":\"WebPage\",\"@id\":\"https:\/\/biocosmeticdis.com\/producto\/keshika-champu-ayurveda-low-poo-250ml\/\",\"url\":\"https:\/\/biocosmeticdis.com\/producto\/keshika-champu-ayurveda-low-poo-250ml\/\",\"name\":\"TAAJ KESHIKA Shampoing Ayurv\u00e9dique Low Poo 250ml. - BioCosmetic\",\"isPartOf\":{\"@id\":\"https:\/\/biocosmeticdis.com\/#website\"},\"primaryImageOfPage\":{\"@id\":\"https:\/\/biocosmeticdis.com\/producto\/keshika-champu-ayurveda-low-poo-250ml\/#primaryimage\"},\"image\":{\"@id\":\"https:\/\/biocosmeticdis.com\/producto\/keshika-champu-ayurveda-low-poo-250ml\/#primaryimage\"},\"thumbnailUrl\":\"https:\/\/biocosmeticdis.com\/wp-content\/uploads\/2020\/05\/KSA250_0_20200422135017.jpg\",\"datePublished\":\"2020-05-06T15:53:23+00:00\",\"dateModified\":\"2025-11-12T10:47:02+00:00\",\"breadcrumb\":{\"@id\":\"https:\/\/biocosmeticdis.com\/producto\/keshika-champu-ayurveda-low-poo-250ml\/#breadcrumb\"},\"inLanguage\":\"en-US\",\"potentialAction\":[{\"@type\":\"ReadAction\",\"target\":[\"https:\/\/biocosmeticdis.com\/producto\/keshika-champu-ayurveda-low-poo-250ml\/\"]}]},{\"@type\":\"ImageObject\",\"inLanguage\":\"en-US\",\"@id\":\"https:\/\/biocosmeticdis.com\/producto\/keshika-champu-ayurveda-low-poo-250ml\/#primaryimage\",\"url\":\"https:\/\/biocosmeticdis.com\/wp-content\/uploads\/2020\/05\/KSA250_0_20200422135017.jpg\",\"contentUrl\":\"https:\/\/biocosmeticdis.com\/wp-content\/uploads\/2020\/05\/KSA250_0_20200422135017.jpg\",\"width\":800,\"height\":800},{\"@type\":\"BreadcrumbList\",\"@id\":\"https:\/\/biocosmeticdis.com\/producto\/keshika-champu-ayurveda-low-poo-250ml\/#breadcrumb\",\"itemListElement\":[{\"@type\":\"ListItem\",\"position\":1,\"name\":\"Portada\",\"item\":\"https:\/\/biocosmeticdis.com\/\"},{\"@type\":\"ListItem\",\"position\":2,\"name\":\"Shop\",\"item\":\"https:\/\/biocosmeticdis.com\/en\/shop\/\"},{\"@type\":\"ListItem\",\"position\":3,\"name\":\"TAAJ KESHIKA Shampoing Ayurv\u00e9dique Low Poo 250ml.\"}]},{\"@type\":\"WebSite\",\"@id\":\"https:\/\/biocosmeticdis.com\/#website\",\"url\":\"https:\/\/biocosmeticdis.com\/\",\"name\":\"BioCosmetic\",\"description\":\"Tienda de cosm\u00e9tica natural y maquillaje Bio, adem\u00e1s de los cuidados naturales para tu mascota.\",\"publisher\":{\"@id\":\"https:\/\/biocosmeticdis.com\/#organization\"},\"potentialAction\":[{\"@type\":\"SearchAction\",\"target\":{\"@type\":\"EntryPoint\",\"urlTemplate\":\"https:\/\/biocosmeticdis.com\/?s={search_term_string}\"},\"query-input\":{\"@type\":\"PropertyValueSpecification\",\"valueRequired\":true,\"valueName\":\"search_term_string\"}}],\"inLanguage\":\"en-US\"},{\"@type\":\"Organization\",\"@id\":\"https:\/\/biocosmeticdis.com\/#organization\",\"name\":\"BioCosmetic\",\"url\":\"https:\/\/biocosmeticdis.com\/\",\"logo\":{\"@type\":\"ImageObject\",\"inLanguage\":\"en-US\",\"@id\":\"https:\/\/biocosmeticdis.com\/#\/schema\/logo\/image\/\",\"url\":\"https:\/\/biocosmeticdis.com\/wp-content\/uploads\/2023\/06\/Imagen1-2.jpg\",\"contentUrl\":\"https:\/\/biocosmeticdis.com\/wp-content\/uploads\/2023\/06\/Imagen1-2.jpg\",\"width\":211,\"height\":172,\"caption\":\"BioCosmetic\"},\"image\":{\"@id\":\"https:\/\/biocosmeticdis.com\/#\/schema\/logo\/image\/\"},\"sameAs\":[\"https:\/\/www.facebook.com\/biocosmeticdis\",\"https:\/\/www.instagram.com\/biocosmeticdis\/\"]}]}<\/script>\n<!-- \/ Yoast SEO plugin. -->","yoast_head_json":{"title":"TAAJ KESHIKA Shampoing Ayurv\u00e9dique Low Poo 250ml. - BioCosmetic","robots":{"index":"index","follow":"follow","max-snippet":"max-snippet:-1","max-image-preview":"max-image-preview:large","max-video-preview":"max-video-preview:-1"},"canonical":"https:\/\/biocosmeticdis.com\/producto\/keshika-champu-ayurveda-low-poo-250ml\/","twitter_card":"summary_large_image","twitter_title":"TAAJ KESHIKA Shampoing Ayurv\u00e9dique Low Poo 250ml. - BioCosmetic","twitter_description":"Low Poo, que proviene de pr\u00e1cticas ayurvedas ancestrales, ofrece una nueva forma de lavarse el cabello m\u00e1s respetuosa. Contiene una sinergia \u00fanica de polvos ayurv\u00e9das con virtudes limpiadoras y embellecedoras para el cabello.","twitter_image":"https:\/\/biocosmeticdis.com\/wp-content\/uploads\/2020\/05\/KSA250_0_20200422135017.jpg","twitter_misc":{"Est. reading time":"1 minute"},"schema":{"@context":"https:\/\/schema.org","@graph":[{"@type":"WebPage","@id":"https:\/\/biocosmeticdis.com\/producto\/keshika-champu-ayurveda-low-poo-250ml\/","url":"https:\/\/biocosmeticdis.com\/producto\/keshika-champu-ayurveda-low-poo-250ml\/","name":"TAAJ KESHIKA Shampoing Ayurv\u00e9dique Low Poo 250ml. - BioCosmetic","isPartOf":{"@id":"https:\/\/biocosmeticdis.com\/#website"},"primaryImageOfPage":{"@id":"https:\/\/biocosmeticdis.com\/producto\/keshika-champu-ayurveda-low-poo-250ml\/#primaryimage"},"image":{"@id":"https:\/\/biocosmeticdis.com\/producto\/keshika-champu-ayurveda-low-poo-250ml\/#primaryimage"},"thumbnailUrl":"https:\/\/biocosmeticdis.com\/wp-content\/uploads\/2020\/05\/KSA250_0_20200422135017.jpg","datePublished":"2020-05-06T15:53:23+00:00","dateModified":"2025-11-12T10:47:02+00:00","breadcrumb":{"@id":"https:\/\/biocosmeticdis.com\/producto\/keshika-champu-ayurveda-low-poo-250ml\/#breadcrumb"},"inLanguage":"en-US","potentialAction":[{"@type":"ReadAction","target":["https:\/\/biocosmeticdis.com\/producto\/keshika-champu-ayurveda-low-poo-250ml\/"]}]},{"@type":"ImageObject","inLanguage":"en-US","@id":"https:\/\/biocosmeticdis.com\/producto\/keshika-champu-ayurveda-low-poo-250ml\/#primaryimage","url":"https:\/\/biocosmeticdis.com\/wp-content\/uploads\/2020\/05\/KSA250_0_20200422135017.jpg","contentUrl":"https:\/\/biocosmeticdis.com\/wp-content\/uploads\/2020\/05\/KSA250_0_20200422135017.jpg","width":800,"height":800},{"@type":"BreadcrumbList","@id":"https:\/\/biocosmeticdis.com\/producto\/keshika-champu-ayurveda-low-poo-250ml\/#breadcrumb","itemListElement":[{"@type":"ListItem","position":1,"name":"Portada","item":"https:\/\/biocosmeticdis.com\/"},{"@type":"ListItem","position":2,"name":"Shop","item":"https:\/\/biocosmeticdis.com\/en\/shop\/"},{"@type":"ListItem","position":3,"name":"TAAJ KESHIKA Shampoing Ayurv\u00e9dique Low Poo 250ml."}]},{"@type":"WebSite","@id":"https:\/\/biocosmeticdis.com\/#website","url":"https:\/\/biocosmeticdis.com\/","name":"BioCosmetic","description":"Tienda de cosm\u00e9tica natural y maquillaje Bio, adem\u00e1s de los cuidados naturales para tu mascota.","publisher":{"@id":"https:\/\/biocosmeticdis.com\/#organization"},"potentialAction":[{"@type":"SearchAction","target":{"@type":"EntryPoint","urlTemplate":"https:\/\/biocosmeticdis.com\/?s={search_term_string}"},"query-input":{"@type":"PropertyValueSpecification","valueRequired":true,"valueName":"search_term_string"}}],"inLanguage":"en-US"},{"@type":"Organization","@id":"https:\/\/biocosmeticdis.com\/#organization","name":"BioCosmetic","url":"https:\/\/biocosmeticdis.com\/","logo":{"@type":"ImageObject","inLanguage":"en-US","@id":"https:\/\/biocosmeticdis.com\/#\/schema\/logo\/image\/","url":"https:\/\/biocosmeticdis.com\/wp-content\/uploads\/2023\/06\/Imagen1-2.jpg","contentUrl":"https:\/\/biocosmeticdis.com\/wp-content\/uploads\/2023\/06\/Imagen1-2.jpg","width":211,"height":172,"caption":"BioCosmetic"},"image":{"@id":"https:\/\/biocosmeticdis.com\/#\/schema\/logo\/image\/"},"sameAs":["https:\/\/www.facebook.com\/biocosmeticdis","https:\/\/www.instagram.com\/biocosmeticdis\/"]}]}},"brands":[{"id":98,"name":"TAAJ","slug":"taaj"}],"_links":{"self":[{"href":"https:\/\/biocosmeticdis.com\/en\/wp-json\/wp\/v2\/product\/3982","targetHints":{"allow":["GET"]}}],"collection":[{"href":"https:\/\/biocosmeticdis.com\/en\/wp-json\/wp\/v2\/product"}],"about":[{"href":"https:\/\/biocosmeticdis.com\/en\/wp-json\/wp\/v2\/types\/product"}],"replies":[{"embeddable":true,"href":"https:\/\/biocosmeticdis.com\/en\/wp-json\/wp\/v2\/comments?post=3982"}],"wp:featuredmedia":[{"embeddable":true,"href":"https:\/\/biocosmeticdis.com\/en\/wp-json\/wp\/v2\/media\/4016"}],"wp:attachment":[{"href":"https:\/\/biocosmeticdis.com\/en\/wp-json\/wp\/v2\/media?parent=3982"}],"wp:term":[{"taxonomy":"pwb-brand","embeddable":true,"href":"https:\/\/biocosmeticdis.com\/en\/wp-json\/wp\/v2\/pwb-brand?post=3982"},{"taxonomy":"product_brand","embeddable":true,"href":"https:\/\/biocosmeticdis.com\/en\/wp-json\/wp\/v2\/product_brand?post=3982"},{"taxonomy":"product_cat","embeddable":true,"href":"https:\/\/biocosmeticdis.com\/en\/wp-json\/wp\/v2\/product_cat?post=3982"},{"taxonomy":"product_tag","embeddable":true,"href":"https:\/\/biocosmeticdis.com\/en\/wp-json\/wp\/v2\/product_tag?post=3982"}],"curies":[{"name":"wp","href":"https:\/\/api.w.org\/{rel}","templated":true}]}}