{"id":4094,"date":"2020-05-06T15:53:19","date_gmt":"2020-06-09T06:51:29","guid":{"rendered":"http:\/\/biocosmeticdis.com\/?post_type=product&#038;p=4094"},"modified":"2020-06-09T06:53:00","modified_gmt":"2020-06-09T06:53:00","slug":"savon-ayurveda-delhicieux-100g-soap","status":"publish","type":"product","link":"https:\/\/biocosmeticdis.com\/en\/product\/savon-ayurveda-delhicieux-100g-soap\/","title":{"rendered":"Savon Ayurveda Delhicieux 100g Soap"},"content":{"rendered":"<p>EN &#8230; Formulado a partir de aceites vegetales y manteca de karit\u00e9, este Jab\u00f3n Ayurvedique \u00e1loe Vera limpia suavemente la piel preservando su equilibrio natural. Enriquecido con \u00e1loe vera, una planta milenaria conocida por sus incre\u00edbles virtudes sobre la piel, ofrece un aut\u00e9ntico ba\u00f1o de hidrataci\u00f3n a la piel.<\/p>\n<p>Todo tipo de pieles faciales y corporales &#8211; Doshas: Vata, Pitta, Kapha<\/p>\n<p>Sinergia de activos:<\/p>\n<p>Aceite de coco<\/p>\n<p>Aceite de Almendra Dulce<\/p>\n<p>Aceite de oliva<\/p>\n<p>Aceite de ricino<\/p>\n<p>Manteca de karit\u00e9<\/p>\n","protected":false},"excerpt":{"rendered":"<p>EN&#8230;Revitaliza la piel, suaviza y da elasticidad. Todo tipo de pieles para uso facial y corporal<\/p>\n","protected":false},"featured_media":3998,"comment_status":"closed","ping_status":"closed","template":"","meta":{"_acf_changed":false},"pwb-brand":[143],"product_brand":[],"product_cat":[144,145],"product_tag":[],"class_list":{"0":"post-4094","1":"product","2":"type-product","3":"status-publish","4":"has-post-thumbnail","6":"pwb-brand-taaj-en","7":"product_cat-body","8":"product_cat-hair-and-cleaning","10":"first","11":"outofstock","12":"taxable","13":"shipping-taxable","14":"purchasable","15":"product-type-simple"},"acf":[],"yoast_head":"<!-- This site is optimized with the Yoast SEO plugin v26.6 - https:\/\/yoast.com\/wordpress\/plugins\/seo\/ -->\n<title>Savon Ayurveda Delhicieux 100g Soap - BioCosmetic<\/title>\n<meta name=\"robots\" content=\"index, follow, max-snippet:-1, max-image-preview:large, max-video-preview:-1\" \/>\n<link rel=\"canonical\" href=\"https:\/\/biocosmeticdis.com\/product\/savon-ayurveda-delhicieux-100g\/\" \/>\n<meta name=\"twitter:card\" content=\"summary_large_image\" \/>\n<meta name=\"twitter:title\" content=\"Savon Ayurveda Delhicieux 100g Soap - BioCosmetic\" \/>\n<meta name=\"twitter:description\" content=\"EN...Revitaliza la piel, suaviza y da elasticidad. Todo tipo de pieles para uso facial y corporal\" \/>\n<meta name=\"twitter:image\" content=\"https:\/\/biocosmeticdis.com\/wp-content\/uploads\/2020\/05\/ASD100_SAVON-AYURVEDIQUE-DELHICIEUX_HD.jpg\" \/>\n<script type=\"application\/ld+json\" class=\"yoast-schema-graph\">{\"@context\":\"https:\/\/schema.org\",\"@graph\":[{\"@type\":\"WebPage\",\"@id\":\"https:\/\/biocosmeticdis.com\/product\/savon-ayurveda-delhicieux-100g\/\",\"url\":\"https:\/\/biocosmeticdis.com\/product\/savon-ayurveda-delhicieux-100g\/\",\"name\":\"Savon Ayurveda Delhicieux 100g Soap - BioCosmetic\",\"isPartOf\":{\"@id\":\"https:\/\/biocosmeticdis.com\/#website\"},\"primaryImageOfPage\":{\"@id\":\"https:\/\/biocosmeticdis.com\/product\/savon-ayurveda-delhicieux-100g\/#primaryimage\"},\"image\":{\"@id\":\"https:\/\/biocosmeticdis.com\/product\/savon-ayurveda-delhicieux-100g\/#primaryimage\"},\"thumbnailUrl\":\"https:\/\/biocosmeticdis.com\/wp-content\/uploads\/2020\/05\/ASD100_SAVON-AYURVEDIQUE-DELHICIEUX_HD.jpg\",\"datePublished\":\"2020-06-09T06:51:29+00:00\",\"dateModified\":\"2020-06-09T06:53:00+00:00\",\"breadcrumb\":{\"@id\":\"https:\/\/biocosmeticdis.com\/product\/savon-ayurveda-delhicieux-100g\/#breadcrumb\"},\"inLanguage\":\"en-US\",\"potentialAction\":[{\"@type\":\"ReadAction\",\"target\":[\"https:\/\/biocosmeticdis.com\/product\/savon-ayurveda-delhicieux-100g\/\"]}]},{\"@type\":\"ImageObject\",\"inLanguage\":\"en-US\",\"@id\":\"https:\/\/biocosmeticdis.com\/product\/savon-ayurveda-delhicieux-100g\/#primaryimage\",\"url\":\"https:\/\/biocosmeticdis.com\/wp-content\/uploads\/2020\/05\/ASD100_SAVON-AYURVEDIQUE-DELHICIEUX_HD.jpg\",\"contentUrl\":\"https:\/\/biocosmeticdis.com\/wp-content\/uploads\/2020\/05\/ASD100_SAVON-AYURVEDIQUE-DELHICIEUX_HD.jpg\",\"width\":1920,\"height\":1816},{\"@type\":\"BreadcrumbList\",\"@id\":\"https:\/\/biocosmeticdis.com\/product\/savon-ayurveda-delhicieux-100g\/#breadcrumb\",\"itemListElement\":[{\"@type\":\"ListItem\",\"position\":1,\"name\":\"Portada\",\"item\":\"https:\/\/biocosmeticdis.com\/\"},{\"@type\":\"ListItem\",\"position\":2,\"name\":\"Shop\",\"item\":\"https:\/\/biocosmeticdis.com\/en\/shop\/\"},{\"@type\":\"ListItem\",\"position\":3,\"name\":\"Savon Ayurveda Delhicieux 100g Soap\"}]},{\"@type\":\"WebSite\",\"@id\":\"https:\/\/biocosmeticdis.com\/#website\",\"url\":\"https:\/\/biocosmeticdis.com\/\",\"name\":\"BioCosmetic\",\"description\":\"Tienda de cosm\u00e9tica natural y maquillaje Bio, adem\u00e1s de los cuidados naturales para tu mascota.\",\"publisher\":{\"@id\":\"https:\/\/biocosmeticdis.com\/#organization\"},\"potentialAction\":[{\"@type\":\"SearchAction\",\"target\":{\"@type\":\"EntryPoint\",\"urlTemplate\":\"https:\/\/biocosmeticdis.com\/?s={search_term_string}\"},\"query-input\":{\"@type\":\"PropertyValueSpecification\",\"valueRequired\":true,\"valueName\":\"search_term_string\"}}],\"inLanguage\":\"en-US\"},{\"@type\":\"Organization\",\"@id\":\"https:\/\/biocosmeticdis.com\/#organization\",\"name\":\"BioCosmetic\",\"url\":\"https:\/\/biocosmeticdis.com\/\",\"logo\":{\"@type\":\"ImageObject\",\"inLanguage\":\"en-US\",\"@id\":\"https:\/\/biocosmeticdis.com\/#\/schema\/logo\/image\/\",\"url\":\"https:\/\/biocosmeticdis.com\/wp-content\/uploads\/2023\/06\/Imagen1-2.jpg\",\"contentUrl\":\"https:\/\/biocosmeticdis.com\/wp-content\/uploads\/2023\/06\/Imagen1-2.jpg\",\"width\":211,\"height\":172,\"caption\":\"BioCosmetic\"},\"image\":{\"@id\":\"https:\/\/biocosmeticdis.com\/#\/schema\/logo\/image\/\"},\"sameAs\":[\"https:\/\/www.facebook.com\/biocosmeticdis\",\"https:\/\/www.instagram.com\/biocosmeticdis\/\"]}]}<\/script>\n<!-- \/ Yoast SEO plugin. -->","yoast_head_json":{"title":"Savon Ayurveda Delhicieux 100g Soap - BioCosmetic","robots":{"index":"index","follow":"follow","max-snippet":"max-snippet:-1","max-image-preview":"max-image-preview:large","max-video-preview":"max-video-preview:-1"},"canonical":"https:\/\/biocosmeticdis.com\/product\/savon-ayurveda-delhicieux-100g\/","twitter_card":"summary_large_image","twitter_title":"Savon Ayurveda Delhicieux 100g Soap - BioCosmetic","twitter_description":"EN...Revitaliza la piel, suaviza y da elasticidad. Todo tipo de pieles para uso facial y corporal","twitter_image":"https:\/\/biocosmeticdis.com\/wp-content\/uploads\/2020\/05\/ASD100_SAVON-AYURVEDIQUE-DELHICIEUX_HD.jpg","schema":{"@context":"https:\/\/schema.org","@graph":[{"@type":"WebPage","@id":"https:\/\/biocosmeticdis.com\/product\/savon-ayurveda-delhicieux-100g\/","url":"https:\/\/biocosmeticdis.com\/product\/savon-ayurveda-delhicieux-100g\/","name":"Savon Ayurveda Delhicieux 100g Soap - BioCosmetic","isPartOf":{"@id":"https:\/\/biocosmeticdis.com\/#website"},"primaryImageOfPage":{"@id":"https:\/\/biocosmeticdis.com\/product\/savon-ayurveda-delhicieux-100g\/#primaryimage"},"image":{"@id":"https:\/\/biocosmeticdis.com\/product\/savon-ayurveda-delhicieux-100g\/#primaryimage"},"thumbnailUrl":"https:\/\/biocosmeticdis.com\/wp-content\/uploads\/2020\/05\/ASD100_SAVON-AYURVEDIQUE-DELHICIEUX_HD.jpg","datePublished":"2020-06-09T06:51:29+00:00","dateModified":"2020-06-09T06:53:00+00:00","breadcrumb":{"@id":"https:\/\/biocosmeticdis.com\/product\/savon-ayurveda-delhicieux-100g\/#breadcrumb"},"inLanguage":"en-US","potentialAction":[{"@type":"ReadAction","target":["https:\/\/biocosmeticdis.com\/product\/savon-ayurveda-delhicieux-100g\/"]}]},{"@type":"ImageObject","inLanguage":"en-US","@id":"https:\/\/biocosmeticdis.com\/product\/savon-ayurveda-delhicieux-100g\/#primaryimage","url":"https:\/\/biocosmeticdis.com\/wp-content\/uploads\/2020\/05\/ASD100_SAVON-AYURVEDIQUE-DELHICIEUX_HD.jpg","contentUrl":"https:\/\/biocosmeticdis.com\/wp-content\/uploads\/2020\/05\/ASD100_SAVON-AYURVEDIQUE-DELHICIEUX_HD.jpg","width":1920,"height":1816},{"@type":"BreadcrumbList","@id":"https:\/\/biocosmeticdis.com\/product\/savon-ayurveda-delhicieux-100g\/#breadcrumb","itemListElement":[{"@type":"ListItem","position":1,"name":"Portada","item":"https:\/\/biocosmeticdis.com\/"},{"@type":"ListItem","position":2,"name":"Shop","item":"https:\/\/biocosmeticdis.com\/en\/shop\/"},{"@type":"ListItem","position":3,"name":"Savon Ayurveda Delhicieux 100g Soap"}]},{"@type":"WebSite","@id":"https:\/\/biocosmeticdis.com\/#website","url":"https:\/\/biocosmeticdis.com\/","name":"BioCosmetic","description":"Tienda de cosm\u00e9tica natural y maquillaje Bio, adem\u00e1s de los cuidados naturales para tu mascota.","publisher":{"@id":"https:\/\/biocosmeticdis.com\/#organization"},"potentialAction":[{"@type":"SearchAction","target":{"@type":"EntryPoint","urlTemplate":"https:\/\/biocosmeticdis.com\/?s={search_term_string}"},"query-input":{"@type":"PropertyValueSpecification","valueRequired":true,"valueName":"search_term_string"}}],"inLanguage":"en-US"},{"@type":"Organization","@id":"https:\/\/biocosmeticdis.com\/#organization","name":"BioCosmetic","url":"https:\/\/biocosmeticdis.com\/","logo":{"@type":"ImageObject","inLanguage":"en-US","@id":"https:\/\/biocosmeticdis.com\/#\/schema\/logo\/image\/","url":"https:\/\/biocosmeticdis.com\/wp-content\/uploads\/2023\/06\/Imagen1-2.jpg","contentUrl":"https:\/\/biocosmeticdis.com\/wp-content\/uploads\/2023\/06\/Imagen1-2.jpg","width":211,"height":172,"caption":"BioCosmetic"},"image":{"@id":"https:\/\/biocosmeticdis.com\/#\/schema\/logo\/image\/"},"sameAs":["https:\/\/www.facebook.com\/biocosmeticdis","https:\/\/www.instagram.com\/biocosmeticdis\/"]}]}},"brands":[{"id":143,"name":"TAAJ","slug":"taaj-en"}],"_links":{"self":[{"href":"https:\/\/biocosmeticdis.com\/en\/wp-json\/wp\/v2\/product\/4094","targetHints":{"allow":["GET"]}}],"collection":[{"href":"https:\/\/biocosmeticdis.com\/en\/wp-json\/wp\/v2\/product"}],"about":[{"href":"https:\/\/biocosmeticdis.com\/en\/wp-json\/wp\/v2\/types\/product"}],"replies":[{"embeddable":true,"href":"https:\/\/biocosmeticdis.com\/en\/wp-json\/wp\/v2\/comments?post=4094"}],"wp:featuredmedia":[{"embeddable":true,"href":"https:\/\/biocosmeticdis.com\/en\/wp-json\/wp\/v2\/media\/3998"}],"wp:attachment":[{"href":"https:\/\/biocosmeticdis.com\/en\/wp-json\/wp\/v2\/media?parent=4094"}],"wp:term":[{"taxonomy":"pwb-brand","embeddable":true,"href":"https:\/\/biocosmeticdis.com\/en\/wp-json\/wp\/v2\/pwb-brand?post=4094"},{"taxonomy":"product_brand","embeddable":true,"href":"https:\/\/biocosmeticdis.com\/en\/wp-json\/wp\/v2\/product_brand?post=4094"},{"taxonomy":"product_cat","embeddable":true,"href":"https:\/\/biocosmeticdis.com\/en\/wp-json\/wp\/v2\/product_cat?post=4094"},{"taxonomy":"product_tag","embeddable":true,"href":"https:\/\/biocosmeticdis.com\/en\/wp-json\/wp\/v2\/product_tag?post=4094"}],"curies":[{"name":"wp","href":"https:\/\/api.w.org\/{rel}","templated":true}]}}