{"id":4297,"date":"2021-01-08T09:03:37","date_gmt":"2021-01-08T09:03:37","guid":{"rendered":"http:\/\/biocosmeticdis.com\/producto\/pedicare-04-crema-intensa-24-125-ml\/"},"modified":"2025-11-12T11:46:44","modified_gmt":"2025-11-12T10:46:44","slug":"pedicare-04-crema-intensa-24-125-ml","status":"publish","type":"product","link":"https:\/\/biocosmeticdis.com\/en\/product\/pedicare-04-crema-intensa-24-125-ml\/","title":{"rendered":"Pedicare 04 Crema Intensa 24h 125 ml."},"content":{"rendered":"<p>Crema para pies profundamente hidratante y nutritiva que fortalece, repara y nutre durante 24 horas. Contiene una mezcla de ingredientes hidratantes naturales que suavizan los callos y contrarrestan la sequedad, mientras que las vitaminas y los \u00e1cidos grasos esenciales previenen el auto-agrietamiento. Las sustancias activas son la urea hidratante, la manteca de Carite hidratante y la lanolina, con el fortalecimiento de la vitamina E, la cera de abeja protectora y la reparaci\u00f3n de la vitamina B5 y omega 3\/6.<\/p>\n<p>CUIDADO DEL PIE PROFESIONAL<\/p>\n<p>Predicare es una gama de pies creada y desarrollada junto con los principales pod\u00f3logos especialistas suecos en atenci\u00f3n m\u00e9dica de pies. Los productos se fabrican en Suecia y todo el desarrollo se lleva a cabo en el marco del programa de spa y terapeuta de Svenska Kramfabriken.&nbsp;&nbsp;Con casi 60 a\u00f1os de experiencia, somos la marca de cuidados de los pies m\u00e1s antiguo de Suecia y este conocimiento se ha plasmado en una sola gama de cuidados podol\u00f3gicos.<\/p>\n","protected":false},"excerpt":{"rendered":"<p>Crema para pies hidratante y nutritiva 24 h. Non Stop<\/p>\n","protected":false},"featured_media":4352,"comment_status":"closed","ping_status":"closed","template":"","meta":{"_acf_changed":false},"pwb-brand":[152],"product_brand":[],"product_cat":[150,155],"product_tag":[],"class_list":{"0":"post-4297","1":"product","2":"type-product","3":"status-publish","4":"has-post-thumbnail","6":"pwb-brand-pedicare","7":"product_cat-cuidado-del-pie","8":"product_cat-tratamiento-pies","10":"first","11":"onbackorder","12":"taxable","13":"shipping-taxable","14":"purchasable","15":"product-type-simple"},"acf":[],"yoast_head":"<!-- This site is optimized with the Yoast SEO plugin v26.6 - https:\/\/yoast.com\/wordpress\/plugins\/seo\/ -->\n<title>Pedicare 04 Crema Intensa 24h 125 ml. - BioCosmetic<\/title>\n<meta name=\"robots\" content=\"index, follow, max-snippet:-1, max-image-preview:large, max-video-preview:-1\" \/>\n<link rel=\"canonical\" href=\"https:\/\/biocosmeticdis.com\/producto\/pedicare-04-crema-intensa-24-125-ml\/\" \/>\n<meta name=\"twitter:card\" content=\"summary_large_image\" \/>\n<meta name=\"twitter:title\" content=\"Pedicare 04 Crema Intensa 24h 125 ml. - BioCosmetic\" \/>\n<meta name=\"twitter:description\" content=\"Crema para pies hidratante y nutritiva 24 h. Non Stop\" \/>\n<meta name=\"twitter:image\" content=\"https:\/\/biocosmeticdis.com\/wp-content\/uploads\/2021\/01\/395-125_0_20201229201611.jpg\" \/>\n<meta name=\"twitter:label1\" content=\"Est. reading time\" \/>\n\t<meta name=\"twitter:data1\" content=\"1 minute\" \/>\n<script type=\"application\/ld+json\" class=\"yoast-schema-graph\">{\"@context\":\"https:\/\/schema.org\",\"@graph\":[{\"@type\":\"WebPage\",\"@id\":\"https:\/\/biocosmeticdis.com\/producto\/pedicare-04-crema-intensa-24-125-ml\/\",\"url\":\"https:\/\/biocosmeticdis.com\/producto\/pedicare-04-crema-intensa-24-125-ml\/\",\"name\":\"Pedicare 04 Crema Intensa 24h 125 ml. - BioCosmetic\",\"isPartOf\":{\"@id\":\"https:\/\/biocosmeticdis.com\/#website\"},\"primaryImageOfPage\":{\"@id\":\"https:\/\/biocosmeticdis.com\/producto\/pedicare-04-crema-intensa-24-125-ml\/#primaryimage\"},\"image\":{\"@id\":\"https:\/\/biocosmeticdis.com\/producto\/pedicare-04-crema-intensa-24-125-ml\/#primaryimage\"},\"thumbnailUrl\":\"https:\/\/biocosmeticdis.com\/wp-content\/uploads\/2021\/01\/395-125_0_20201229201611.jpg\",\"datePublished\":\"2021-01-08T09:03:37+00:00\",\"dateModified\":\"2025-11-12T10:46:44+00:00\",\"breadcrumb\":{\"@id\":\"https:\/\/biocosmeticdis.com\/producto\/pedicare-04-crema-intensa-24-125-ml\/#breadcrumb\"},\"inLanguage\":\"en-US\",\"potentialAction\":[{\"@type\":\"ReadAction\",\"target\":[\"https:\/\/biocosmeticdis.com\/producto\/pedicare-04-crema-intensa-24-125-ml\/\"]}]},{\"@type\":\"ImageObject\",\"inLanguage\":\"en-US\",\"@id\":\"https:\/\/biocosmeticdis.com\/producto\/pedicare-04-crema-intensa-24-125-ml\/#primaryimage\",\"url\":\"https:\/\/biocosmeticdis.com\/wp-content\/uploads\/2021\/01\/395-125_0_20201229201611.jpg\",\"contentUrl\":\"https:\/\/biocosmeticdis.com\/wp-content\/uploads\/2021\/01\/395-125_0_20201229201611.jpg\",\"width\":303,\"height\":803},{\"@type\":\"BreadcrumbList\",\"@id\":\"https:\/\/biocosmeticdis.com\/producto\/pedicare-04-crema-intensa-24-125-ml\/#breadcrumb\",\"itemListElement\":[{\"@type\":\"ListItem\",\"position\":1,\"name\":\"Portada\",\"item\":\"https:\/\/biocosmeticdis.com\/\"},{\"@type\":\"ListItem\",\"position\":2,\"name\":\"Shop\",\"item\":\"https:\/\/biocosmeticdis.com\/en\/shop\/\"},{\"@type\":\"ListItem\",\"position\":3,\"name\":\"Pedicare 04 Crema Intensa 24h 125 ml.\"}]},{\"@type\":\"WebSite\",\"@id\":\"https:\/\/biocosmeticdis.com\/#website\",\"url\":\"https:\/\/biocosmeticdis.com\/\",\"name\":\"BioCosmetic\",\"description\":\"Tienda de cosm\u00e9tica natural y maquillaje Bio, adem\u00e1s de los cuidados naturales para tu mascota.\",\"publisher\":{\"@id\":\"https:\/\/biocosmeticdis.com\/#organization\"},\"potentialAction\":[{\"@type\":\"SearchAction\",\"target\":{\"@type\":\"EntryPoint\",\"urlTemplate\":\"https:\/\/biocosmeticdis.com\/?s={search_term_string}\"},\"query-input\":{\"@type\":\"PropertyValueSpecification\",\"valueRequired\":true,\"valueName\":\"search_term_string\"}}],\"inLanguage\":\"en-US\"},{\"@type\":\"Organization\",\"@id\":\"https:\/\/biocosmeticdis.com\/#organization\",\"name\":\"BioCosmetic\",\"url\":\"https:\/\/biocosmeticdis.com\/\",\"logo\":{\"@type\":\"ImageObject\",\"inLanguage\":\"en-US\",\"@id\":\"https:\/\/biocosmeticdis.com\/#\/schema\/logo\/image\/\",\"url\":\"https:\/\/biocosmeticdis.com\/wp-content\/uploads\/2023\/06\/Imagen1-2.jpg\",\"contentUrl\":\"https:\/\/biocosmeticdis.com\/wp-content\/uploads\/2023\/06\/Imagen1-2.jpg\",\"width\":211,\"height\":172,\"caption\":\"BioCosmetic\"},\"image\":{\"@id\":\"https:\/\/biocosmeticdis.com\/#\/schema\/logo\/image\/\"},\"sameAs\":[\"https:\/\/www.facebook.com\/biocosmeticdis\",\"https:\/\/www.instagram.com\/biocosmeticdis\/\"]}]}<\/script>\n<!-- \/ Yoast SEO plugin. -->","yoast_head_json":{"title":"Pedicare 04 Crema Intensa 24h 125 ml. - BioCosmetic","robots":{"index":"index","follow":"follow","max-snippet":"max-snippet:-1","max-image-preview":"max-image-preview:large","max-video-preview":"max-video-preview:-1"},"canonical":"https:\/\/biocosmeticdis.com\/producto\/pedicare-04-crema-intensa-24-125-ml\/","twitter_card":"summary_large_image","twitter_title":"Pedicare 04 Crema Intensa 24h 125 ml. - BioCosmetic","twitter_description":"Crema para pies hidratante y nutritiva 24 h. Non Stop","twitter_image":"https:\/\/biocosmeticdis.com\/wp-content\/uploads\/2021\/01\/395-125_0_20201229201611.jpg","twitter_misc":{"Est. reading time":"1 minute"},"schema":{"@context":"https:\/\/schema.org","@graph":[{"@type":"WebPage","@id":"https:\/\/biocosmeticdis.com\/producto\/pedicare-04-crema-intensa-24-125-ml\/","url":"https:\/\/biocosmeticdis.com\/producto\/pedicare-04-crema-intensa-24-125-ml\/","name":"Pedicare 04 Crema Intensa 24h 125 ml. - BioCosmetic","isPartOf":{"@id":"https:\/\/biocosmeticdis.com\/#website"},"primaryImageOfPage":{"@id":"https:\/\/biocosmeticdis.com\/producto\/pedicare-04-crema-intensa-24-125-ml\/#primaryimage"},"image":{"@id":"https:\/\/biocosmeticdis.com\/producto\/pedicare-04-crema-intensa-24-125-ml\/#primaryimage"},"thumbnailUrl":"https:\/\/biocosmeticdis.com\/wp-content\/uploads\/2021\/01\/395-125_0_20201229201611.jpg","datePublished":"2021-01-08T09:03:37+00:00","dateModified":"2025-11-12T10:46:44+00:00","breadcrumb":{"@id":"https:\/\/biocosmeticdis.com\/producto\/pedicare-04-crema-intensa-24-125-ml\/#breadcrumb"},"inLanguage":"en-US","potentialAction":[{"@type":"ReadAction","target":["https:\/\/biocosmeticdis.com\/producto\/pedicare-04-crema-intensa-24-125-ml\/"]}]},{"@type":"ImageObject","inLanguage":"en-US","@id":"https:\/\/biocosmeticdis.com\/producto\/pedicare-04-crema-intensa-24-125-ml\/#primaryimage","url":"https:\/\/biocosmeticdis.com\/wp-content\/uploads\/2021\/01\/395-125_0_20201229201611.jpg","contentUrl":"https:\/\/biocosmeticdis.com\/wp-content\/uploads\/2021\/01\/395-125_0_20201229201611.jpg","width":303,"height":803},{"@type":"BreadcrumbList","@id":"https:\/\/biocosmeticdis.com\/producto\/pedicare-04-crema-intensa-24-125-ml\/#breadcrumb","itemListElement":[{"@type":"ListItem","position":1,"name":"Portada","item":"https:\/\/biocosmeticdis.com\/"},{"@type":"ListItem","position":2,"name":"Shop","item":"https:\/\/biocosmeticdis.com\/en\/shop\/"},{"@type":"ListItem","position":3,"name":"Pedicare 04 Crema Intensa 24h 125 ml."}]},{"@type":"WebSite","@id":"https:\/\/biocosmeticdis.com\/#website","url":"https:\/\/biocosmeticdis.com\/","name":"BioCosmetic","description":"Tienda de cosm\u00e9tica natural y maquillaje Bio, adem\u00e1s de los cuidados naturales para tu mascota.","publisher":{"@id":"https:\/\/biocosmeticdis.com\/#organization"},"potentialAction":[{"@type":"SearchAction","target":{"@type":"EntryPoint","urlTemplate":"https:\/\/biocosmeticdis.com\/?s={search_term_string}"},"query-input":{"@type":"PropertyValueSpecification","valueRequired":true,"valueName":"search_term_string"}}],"inLanguage":"en-US"},{"@type":"Organization","@id":"https:\/\/biocosmeticdis.com\/#organization","name":"BioCosmetic","url":"https:\/\/biocosmeticdis.com\/","logo":{"@type":"ImageObject","inLanguage":"en-US","@id":"https:\/\/biocosmeticdis.com\/#\/schema\/logo\/image\/","url":"https:\/\/biocosmeticdis.com\/wp-content\/uploads\/2023\/06\/Imagen1-2.jpg","contentUrl":"https:\/\/biocosmeticdis.com\/wp-content\/uploads\/2023\/06\/Imagen1-2.jpg","width":211,"height":172,"caption":"BioCosmetic"},"image":{"@id":"https:\/\/biocosmeticdis.com\/#\/schema\/logo\/image\/"},"sameAs":["https:\/\/www.facebook.com\/biocosmeticdis","https:\/\/www.instagram.com\/biocosmeticdis\/"]}]}},"brands":[{"id":152,"name":"PEDICARE","slug":"pedicare"}],"_links":{"self":[{"href":"https:\/\/biocosmeticdis.com\/en\/wp-json\/wp\/v2\/product\/4297","targetHints":{"allow":["GET"]}}],"collection":[{"href":"https:\/\/biocosmeticdis.com\/en\/wp-json\/wp\/v2\/product"}],"about":[{"href":"https:\/\/biocosmeticdis.com\/en\/wp-json\/wp\/v2\/types\/product"}],"replies":[{"embeddable":true,"href":"https:\/\/biocosmeticdis.com\/en\/wp-json\/wp\/v2\/comments?post=4297"}],"wp:featuredmedia":[{"embeddable":true,"href":"https:\/\/biocosmeticdis.com\/en\/wp-json\/wp\/v2\/media\/4352"}],"wp:attachment":[{"href":"https:\/\/biocosmeticdis.com\/en\/wp-json\/wp\/v2\/media?parent=4297"}],"wp:term":[{"taxonomy":"pwb-brand","embeddable":true,"href":"https:\/\/biocosmeticdis.com\/en\/wp-json\/wp\/v2\/pwb-brand?post=4297"},{"taxonomy":"product_brand","embeddable":true,"href":"https:\/\/biocosmeticdis.com\/en\/wp-json\/wp\/v2\/product_brand?post=4297"},{"taxonomy":"product_cat","embeddable":true,"href":"https:\/\/biocosmeticdis.com\/en\/wp-json\/wp\/v2\/product_cat?post=4297"},{"taxonomy":"product_tag","embeddable":true,"href":"https:\/\/biocosmeticdis.com\/en\/wp-json\/wp\/v2\/product_tag?post=4297"}],"curies":[{"name":"wp","href":"https:\/\/api.w.org\/{rel}","templated":true}]}}