{"id":4339,"date":"2021-01-08T09:06:08","date_gmt":"2021-01-08T09:06:08","guid":{"rendered":"http:\/\/biocosmeticdis.com\/producto\/kit-pedicare-noel-2020-bano-espumacrema-24-h\/"},"modified":"2025-11-12T11:47:03","modified_gmt":"2025-11-12T10:47:03","slug":"kit-pedicare-noel-2020-bano-espumacrema-24-h","status":"publish","type":"product","link":"https:\/\/biocosmeticdis.com\/en\/product\/kit-pedicare-noel-2020-bano-espumacrema-24-h\/","title":{"rendered":"KIT PEDICARE  (BA\u00d1O  ESPUMA 250 ML.+CREMA 24 H.)"},"content":{"rendered":"<p>KIT PEDICARE<\/p>\n<p>BA\u00d1O CALMANTE<\/p>\n<p>Un ba\u00f1o de pies refrescante y relajante para pies cansados. Su f\u00f3rmula estimulante ayuda a suavizar la piel endurecida y los callos, limpiando profundamente. El resultado son pies que se sienten suaves, flexibles y lisos. El ba\u00f1o de pies de Pedicare prepara los pies tanto para el tratamiento cl\u00ednico como para la pedicura en el hogar. Las sustancias activas son la urea hidratante y el \u00e1cido l\u00e1ctico, fortalecedora centella asi\u00e1tica y los tensioactivos suaves limpiadores.<\/p>\n<p>CUIDADO DEL PIE PROFESIONAL<\/p>\n<p>Predicare es una gama de pies creada y desarrollada junto con los principales pod\u00f3logos especialistas suecos en atenci\u00f3n m\u00e9dica de pies. Los productos se fabrican en Suecia y todo el desarrollo se lleva a cabo en el marco del programa de spa y terapeuta de Svenska Kramfabriken.&nbsp;&nbsp;Con casi 60 a\u00f1os de experiencia, somos la marca de cuidados de los pies m\u00e1s antiguo de Suecia y este conocimiento se ha plasmado en una sola gama de cuidados podol\u00f3gicos.<\/p>\n<\/p>\n<p>CREMA INTENSA 24 H.<\/p>\n<p>Crema para pies profundamente hidratante y nutritiva que fortalece, repara y nutre durante 24 horas. Contiene una mezcla de ingredientes hidratantes naturales que suavizan los callos y contrarrestan la sequedad, mientras que las vitaminas y los \u00e1cidos grasos esenciales previenen el auto agrietamiento. Las sustancias activas son la urea hidratante, la manteca de Carite hidratante y la lanolina, con el fortalecimiento de la vitamina E, la cera de abeja protectora y la reparaci\u00f3n de la vitamina B5 y omega 3\/6.<\/p>\n","protected":false},"excerpt":{"rendered":"<p>Kit Pedicare Ba\u00f1o de espuma y crema non stop 24 h.<\/p>\n","protected":false},"featured_media":4410,"comment_status":"closed","ping_status":"closed","template":"","meta":{"_acf_changed":false},"pwb-brand":[152],"product_brand":[],"product_cat":[116,134],"product_tag":[],"class_list":{"0":"post-4339","1":"product","2":"type-product","3":"status-publish","4":"has-post-thumbnail","6":"pwb-brand-pedicare","7":"product_cat-regalos","8":"product_cat-estuches","10":"first","11":"outofstock","12":"taxable","13":"shipping-taxable","14":"purchasable","15":"product-type-simple"},"acf":[],"yoast_head":"<!-- This site is optimized with the Yoast SEO plugin v26.6 - https:\/\/yoast.com\/wordpress\/plugins\/seo\/ -->\n<title>KIT PEDICARE (BA\u00d1O ESPUMA 250 ML.+CREMA 24 H.) - BioCosmetic<\/title>\n<meta name=\"robots\" content=\"index, follow, max-snippet:-1, max-image-preview:large, max-video-preview:-1\" \/>\n<link rel=\"canonical\" href=\"https:\/\/biocosmeticdis.com\/producto\/kit-pedicare-noel-2020-bano-espumacrema-24-h\/\" \/>\n<meta name=\"twitter:card\" content=\"summary_large_image\" \/>\n<meta name=\"twitter:title\" content=\"KIT PEDICARE (BA\u00d1O ESPUMA 250 ML.+CREMA 24 H.) - BioCosmetic\" \/>\n<meta name=\"twitter:description\" content=\"Kit Pedicare Ba\u00f1o de espuma y crema non stop 24 h.\" \/>\n<meta name=\"twitter:image\" content=\"https:\/\/biocosmeticdis.com\/wp-content\/uploads\/2021\/01\/PED19_0_20201229210836.jpg\" \/>\n<meta name=\"twitter:label1\" content=\"Est. reading time\" \/>\n\t<meta name=\"twitter:data1\" content=\"1 minute\" \/>\n<script type=\"application\/ld+json\" class=\"yoast-schema-graph\">{\"@context\":\"https:\/\/schema.org\",\"@graph\":[{\"@type\":\"WebPage\",\"@id\":\"https:\/\/biocosmeticdis.com\/producto\/kit-pedicare-noel-2020-bano-espumacrema-24-h\/\",\"url\":\"https:\/\/biocosmeticdis.com\/producto\/kit-pedicare-noel-2020-bano-espumacrema-24-h\/\",\"name\":\"KIT PEDICARE (BA\u00d1O ESPUMA 250 ML.+CREMA 24 H.) - BioCosmetic\",\"isPartOf\":{\"@id\":\"https:\/\/biocosmeticdis.com\/#website\"},\"primaryImageOfPage\":{\"@id\":\"https:\/\/biocosmeticdis.com\/producto\/kit-pedicare-noel-2020-bano-espumacrema-24-h\/#primaryimage\"},\"image\":{\"@id\":\"https:\/\/biocosmeticdis.com\/producto\/kit-pedicare-noel-2020-bano-espumacrema-24-h\/#primaryimage\"},\"thumbnailUrl\":\"https:\/\/biocosmeticdis.com\/wp-content\/uploads\/2021\/01\/PED19_0_20201229210836.jpg\",\"datePublished\":\"2021-01-08T09:06:08+00:00\",\"dateModified\":\"2025-11-12T10:47:03+00:00\",\"breadcrumb\":{\"@id\":\"https:\/\/biocosmeticdis.com\/producto\/kit-pedicare-noel-2020-bano-espumacrema-24-h\/#breadcrumb\"},\"inLanguage\":\"en-US\",\"potentialAction\":[{\"@type\":\"ReadAction\",\"target\":[\"https:\/\/biocosmeticdis.com\/producto\/kit-pedicare-noel-2020-bano-espumacrema-24-h\/\"]}]},{\"@type\":\"ImageObject\",\"inLanguage\":\"en-US\",\"@id\":\"https:\/\/biocosmeticdis.com\/producto\/kit-pedicare-noel-2020-bano-espumacrema-24-h\/#primaryimage\",\"url\":\"https:\/\/biocosmeticdis.com\/wp-content\/uploads\/2021\/01\/PED19_0_20201229210836.jpg\",\"contentUrl\":\"https:\/\/biocosmeticdis.com\/wp-content\/uploads\/2021\/01\/PED19_0_20201229210836.jpg\",\"width\":388,\"height\":488},{\"@type\":\"BreadcrumbList\",\"@id\":\"https:\/\/biocosmeticdis.com\/producto\/kit-pedicare-noel-2020-bano-espumacrema-24-h\/#breadcrumb\",\"itemListElement\":[{\"@type\":\"ListItem\",\"position\":1,\"name\":\"Portada\",\"item\":\"https:\/\/biocosmeticdis.com\/\"},{\"@type\":\"ListItem\",\"position\":2,\"name\":\"Shop\",\"item\":\"https:\/\/biocosmeticdis.com\/en\/shop\/\"},{\"@type\":\"ListItem\",\"position\":3,\"name\":\"KIT PEDICARE (BA\u00d1O ESPUMA 250 ML.+CREMA 24 H.)\"}]},{\"@type\":\"WebSite\",\"@id\":\"https:\/\/biocosmeticdis.com\/#website\",\"url\":\"https:\/\/biocosmeticdis.com\/\",\"name\":\"BioCosmetic\",\"description\":\"Tienda de cosm\u00e9tica natural y maquillaje Bio, adem\u00e1s de los cuidados naturales para tu mascota.\",\"publisher\":{\"@id\":\"https:\/\/biocosmeticdis.com\/#organization\"},\"potentialAction\":[{\"@type\":\"SearchAction\",\"target\":{\"@type\":\"EntryPoint\",\"urlTemplate\":\"https:\/\/biocosmeticdis.com\/?s={search_term_string}\"},\"query-input\":{\"@type\":\"PropertyValueSpecification\",\"valueRequired\":true,\"valueName\":\"search_term_string\"}}],\"inLanguage\":\"en-US\"},{\"@type\":\"Organization\",\"@id\":\"https:\/\/biocosmeticdis.com\/#organization\",\"name\":\"BioCosmetic\",\"url\":\"https:\/\/biocosmeticdis.com\/\",\"logo\":{\"@type\":\"ImageObject\",\"inLanguage\":\"en-US\",\"@id\":\"https:\/\/biocosmeticdis.com\/#\/schema\/logo\/image\/\",\"url\":\"https:\/\/biocosmeticdis.com\/wp-content\/uploads\/2023\/06\/Imagen1-2.jpg\",\"contentUrl\":\"https:\/\/biocosmeticdis.com\/wp-content\/uploads\/2023\/06\/Imagen1-2.jpg\",\"width\":211,\"height\":172,\"caption\":\"BioCosmetic\"},\"image\":{\"@id\":\"https:\/\/biocosmeticdis.com\/#\/schema\/logo\/image\/\"},\"sameAs\":[\"https:\/\/www.facebook.com\/biocosmeticdis\",\"https:\/\/www.instagram.com\/biocosmeticdis\/\"]}]}<\/script>\n<!-- \/ Yoast SEO plugin. -->","yoast_head_json":{"title":"KIT PEDICARE (BA\u00d1O ESPUMA 250 ML.+CREMA 24 H.) - BioCosmetic","robots":{"index":"index","follow":"follow","max-snippet":"max-snippet:-1","max-image-preview":"max-image-preview:large","max-video-preview":"max-video-preview:-1"},"canonical":"https:\/\/biocosmeticdis.com\/producto\/kit-pedicare-noel-2020-bano-espumacrema-24-h\/","twitter_card":"summary_large_image","twitter_title":"KIT PEDICARE (BA\u00d1O ESPUMA 250 ML.+CREMA 24 H.) - BioCosmetic","twitter_description":"Kit Pedicare Ba\u00f1o de espuma y crema non stop 24 h.","twitter_image":"https:\/\/biocosmeticdis.com\/wp-content\/uploads\/2021\/01\/PED19_0_20201229210836.jpg","twitter_misc":{"Est. reading time":"1 minute"},"schema":{"@context":"https:\/\/schema.org","@graph":[{"@type":"WebPage","@id":"https:\/\/biocosmeticdis.com\/producto\/kit-pedicare-noel-2020-bano-espumacrema-24-h\/","url":"https:\/\/biocosmeticdis.com\/producto\/kit-pedicare-noel-2020-bano-espumacrema-24-h\/","name":"KIT PEDICARE (BA\u00d1O ESPUMA 250 ML.+CREMA 24 H.) - BioCosmetic","isPartOf":{"@id":"https:\/\/biocosmeticdis.com\/#website"},"primaryImageOfPage":{"@id":"https:\/\/biocosmeticdis.com\/producto\/kit-pedicare-noel-2020-bano-espumacrema-24-h\/#primaryimage"},"image":{"@id":"https:\/\/biocosmeticdis.com\/producto\/kit-pedicare-noel-2020-bano-espumacrema-24-h\/#primaryimage"},"thumbnailUrl":"https:\/\/biocosmeticdis.com\/wp-content\/uploads\/2021\/01\/PED19_0_20201229210836.jpg","datePublished":"2021-01-08T09:06:08+00:00","dateModified":"2025-11-12T10:47:03+00:00","breadcrumb":{"@id":"https:\/\/biocosmeticdis.com\/producto\/kit-pedicare-noel-2020-bano-espumacrema-24-h\/#breadcrumb"},"inLanguage":"en-US","potentialAction":[{"@type":"ReadAction","target":["https:\/\/biocosmeticdis.com\/producto\/kit-pedicare-noel-2020-bano-espumacrema-24-h\/"]}]},{"@type":"ImageObject","inLanguage":"en-US","@id":"https:\/\/biocosmeticdis.com\/producto\/kit-pedicare-noel-2020-bano-espumacrema-24-h\/#primaryimage","url":"https:\/\/biocosmeticdis.com\/wp-content\/uploads\/2021\/01\/PED19_0_20201229210836.jpg","contentUrl":"https:\/\/biocosmeticdis.com\/wp-content\/uploads\/2021\/01\/PED19_0_20201229210836.jpg","width":388,"height":488},{"@type":"BreadcrumbList","@id":"https:\/\/biocosmeticdis.com\/producto\/kit-pedicare-noel-2020-bano-espumacrema-24-h\/#breadcrumb","itemListElement":[{"@type":"ListItem","position":1,"name":"Portada","item":"https:\/\/biocosmeticdis.com\/"},{"@type":"ListItem","position":2,"name":"Shop","item":"https:\/\/biocosmeticdis.com\/en\/shop\/"},{"@type":"ListItem","position":3,"name":"KIT PEDICARE (BA\u00d1O ESPUMA 250 ML.+CREMA 24 H.)"}]},{"@type":"WebSite","@id":"https:\/\/biocosmeticdis.com\/#website","url":"https:\/\/biocosmeticdis.com\/","name":"BioCosmetic","description":"Tienda de cosm\u00e9tica natural y maquillaje Bio, adem\u00e1s de los cuidados naturales para tu mascota.","publisher":{"@id":"https:\/\/biocosmeticdis.com\/#organization"},"potentialAction":[{"@type":"SearchAction","target":{"@type":"EntryPoint","urlTemplate":"https:\/\/biocosmeticdis.com\/?s={search_term_string}"},"query-input":{"@type":"PropertyValueSpecification","valueRequired":true,"valueName":"search_term_string"}}],"inLanguage":"en-US"},{"@type":"Organization","@id":"https:\/\/biocosmeticdis.com\/#organization","name":"BioCosmetic","url":"https:\/\/biocosmeticdis.com\/","logo":{"@type":"ImageObject","inLanguage":"en-US","@id":"https:\/\/biocosmeticdis.com\/#\/schema\/logo\/image\/","url":"https:\/\/biocosmeticdis.com\/wp-content\/uploads\/2023\/06\/Imagen1-2.jpg","contentUrl":"https:\/\/biocosmeticdis.com\/wp-content\/uploads\/2023\/06\/Imagen1-2.jpg","width":211,"height":172,"caption":"BioCosmetic"},"image":{"@id":"https:\/\/biocosmeticdis.com\/#\/schema\/logo\/image\/"},"sameAs":["https:\/\/www.facebook.com\/biocosmeticdis","https:\/\/www.instagram.com\/biocosmeticdis\/"]}]}},"brands":[{"id":152,"name":"PEDICARE","slug":"pedicare"}],"_links":{"self":[{"href":"https:\/\/biocosmeticdis.com\/en\/wp-json\/wp\/v2\/product\/4339","targetHints":{"allow":["GET"]}}],"collection":[{"href":"https:\/\/biocosmeticdis.com\/en\/wp-json\/wp\/v2\/product"}],"about":[{"href":"https:\/\/biocosmeticdis.com\/en\/wp-json\/wp\/v2\/types\/product"}],"replies":[{"embeddable":true,"href":"https:\/\/biocosmeticdis.com\/en\/wp-json\/wp\/v2\/comments?post=4339"}],"wp:featuredmedia":[{"embeddable":true,"href":"https:\/\/biocosmeticdis.com\/en\/wp-json\/wp\/v2\/media\/4410"}],"wp:attachment":[{"href":"https:\/\/biocosmeticdis.com\/en\/wp-json\/wp\/v2\/media?parent=4339"}],"wp:term":[{"taxonomy":"pwb-brand","embeddable":true,"href":"https:\/\/biocosmeticdis.com\/en\/wp-json\/wp\/v2\/pwb-brand?post=4339"},{"taxonomy":"product_brand","embeddable":true,"href":"https:\/\/biocosmeticdis.com\/en\/wp-json\/wp\/v2\/product_brand?post=4339"},{"taxonomy":"product_cat","embeddable":true,"href":"https:\/\/biocosmeticdis.com\/en\/wp-json\/wp\/v2\/product_cat?post=4339"},{"taxonomy":"product_tag","embeddable":true,"href":"https:\/\/biocosmeticdis.com\/en\/wp-json\/wp\/v2\/product_tag?post=4339"}],"curies":[{"name":"wp","href":"https:\/\/api.w.org\/{rel}","templated":true}]}}