{"id":4612,"date":"2021-09-09T19:01:37","date_gmt":"2021-09-09T19:01:37","guid":{"rendered":"http:\/\/biocosmeticdis.com\/producto\/ab-during-pregnancy-anti-stretch-mark-150ml\/"},"modified":"2024-09-10T14:45:31","modified_gmt":"2024-09-10T12:45:31","slug":"ab-during-pregnancy-anti-stretch-mark-150ml","status":"publish","type":"product","link":"https:\/\/biocosmeticdis.com\/en\/product\/ab-during-pregnancy-anti-stretch-mark-150ml\/","title":{"rendered":"AB DURING-PREGNANCY ANTI-STRETCH MARK 150ml"},"content":{"rendered":"<p>Indicado para todo tipo de pieles, para prevenir y combatir las estr\u00edas blancas o rojas \/ moradas. Para obtener resultados m\u00e1s r\u00e1pidos, especialmente en presencia de estr\u00edas rubras (color rojo \/ violeta), se recomienda combinar una aplicaci\u00f3n local con el fluido protector de prevenci\u00f3n de grietas .<\/p>\n<p>Reduce las estr\u00edas existentes en abdomen, caderas, muslos y senos, ayudando a reestructurar la matriz d\u00e9rmica (Inca Inchi Oil).<\/p>\n<p>Previene y contrarresta la formaci\u00f3n de nuevas estr\u00edas, debido a su fuerte acci\u00f3n antioxidante y eutr\u00f3fica (Fitocomplejo vegetal. Nutre en profundidad la piel, haci\u00e9ndola m\u00e1s el\u00e1stica y suave ( Manteca de carit\u00e9e).<\/p>\n<p>Sin parabenos. Perfume sin al\u00e9rgenos. PH fisiol\u00f3gico. No comedog\u00e9nico.<\/p>\n","protected":false},"excerpt":{"rendered":"<p>Reduce las estr\u00edas existentes en abdomen, caderas, muslos y senos.<\/p>\n","protected":false},"featured_media":4648,"comment_status":"closed","ping_status":"closed","template":"","meta":{"_acf_changed":false},"pwb-brand":[160],"product_brand":[],"product_cat":[161,163],"product_tag":[],"class_list":{"0":"post-4612","1":"product","2":"type-product","3":"status-publish","4":"has-post-thumbnail","6":"pwb-brand-azeta-bio","7":"product_cat-mama-y-embarazada","8":"product_cat-mama-y-embarazadas","10":"first","11":"outofstock","12":"taxable","13":"shipping-taxable","14":"purchasable","15":"product-type-simple"},"acf":[],"yoast_head":"<!-- This site is optimized with the Yoast SEO plugin v26.6 - https:\/\/yoast.com\/wordpress\/plugins\/seo\/ -->\n<title>AB DURING-PREGNANCY ANTI-STRETCH MARK 150ml - BioCosmetic<\/title>\n<meta name=\"robots\" content=\"index, follow, max-snippet:-1, max-image-preview:large, max-video-preview:-1\" \/>\n<link rel=\"canonical\" href=\"https:\/\/biocosmeticdis.com\/en\/producto\/ab-during-pregnancy-anti-stretch-mark-150ml\/\" \/>\n<meta name=\"twitter:card\" content=\"summary_large_image\" \/>\n<meta name=\"twitter:title\" content=\"AB DURING-PREGNANCY ANTI-STRETCH MARK 150ml - BioCosmetic\" \/>\n<meta name=\"twitter:description\" content=\"Reduce las estr\u00edas existentes en abdomen, caderas, muslos y senos.\" \/>\n<meta name=\"twitter:image\" content=\"https:\/\/biocosmeticdis.com\/wp-content\/uploads\/2021\/09\/AB037_0_20210704210305.jpg\" \/>\n<meta name=\"twitter:label1\" content=\"Est. reading time\" \/>\n\t<meta name=\"twitter:data1\" content=\"1 minute\" \/>\n<script type=\"application\/ld+json\" class=\"yoast-schema-graph\">{\"@context\":\"https:\/\/schema.org\",\"@graph\":[{\"@type\":\"WebPage\",\"@id\":\"https:\/\/biocosmeticdis.com\/en\/producto\/ab-during-pregnancy-anti-stretch-mark-150ml\/\",\"url\":\"https:\/\/biocosmeticdis.com\/en\/producto\/ab-during-pregnancy-anti-stretch-mark-150ml\/\",\"name\":\"AB DURING-PREGNANCY ANTI-STRETCH MARK 150ml - BioCosmetic\",\"isPartOf\":{\"@id\":\"https:\/\/biocosmeticdis.com\/#website\"},\"primaryImageOfPage\":{\"@id\":\"https:\/\/biocosmeticdis.com\/en\/producto\/ab-during-pregnancy-anti-stretch-mark-150ml\/#primaryimage\"},\"image\":{\"@id\":\"https:\/\/biocosmeticdis.com\/en\/producto\/ab-during-pregnancy-anti-stretch-mark-150ml\/#primaryimage\"},\"thumbnailUrl\":\"https:\/\/biocosmeticdis.com\/wp-content\/uploads\/2021\/09\/AB037_0_20210704210305.jpg\",\"datePublished\":\"2021-09-09T19:01:37+00:00\",\"dateModified\":\"2024-09-10T12:45:31+00:00\",\"breadcrumb\":{\"@id\":\"https:\/\/biocosmeticdis.com\/en\/producto\/ab-during-pregnancy-anti-stretch-mark-150ml\/#breadcrumb\"},\"inLanguage\":\"en-US\",\"potentialAction\":[{\"@type\":\"ReadAction\",\"target\":[\"https:\/\/biocosmeticdis.com\/en\/producto\/ab-during-pregnancy-anti-stretch-mark-150ml\/\"]}]},{\"@type\":\"ImageObject\",\"inLanguage\":\"en-US\",\"@id\":\"https:\/\/biocosmeticdis.com\/en\/producto\/ab-during-pregnancy-anti-stretch-mark-150ml\/#primaryimage\",\"url\":\"https:\/\/biocosmeticdis.com\/wp-content\/uploads\/2021\/09\/AB037_0_20210704210305.jpg\",\"contentUrl\":\"https:\/\/biocosmeticdis.com\/wp-content\/uploads\/2021\/09\/AB037_0_20210704210305.jpg\",\"width\":640,\"height\":960},{\"@type\":\"BreadcrumbList\",\"@id\":\"https:\/\/biocosmeticdis.com\/en\/producto\/ab-during-pregnancy-anti-stretch-mark-150ml\/#breadcrumb\",\"itemListElement\":[{\"@type\":\"ListItem\",\"position\":1,\"name\":\"Portada\",\"item\":\"https:\/\/biocosmeticdis.com\/\"},{\"@type\":\"ListItem\",\"position\":2,\"name\":\"Shop\",\"item\":\"https:\/\/biocosmeticdis.com\/en\/shop\/\"},{\"@type\":\"ListItem\",\"position\":3,\"name\":\"AB DURING-PREGNANCY ANTI-STRETCH MARK 150ml\"}]},{\"@type\":\"WebSite\",\"@id\":\"https:\/\/biocosmeticdis.com\/#website\",\"url\":\"https:\/\/biocosmeticdis.com\/\",\"name\":\"BioCosmetic\",\"description\":\"Tienda de cosm\u00e9tica natural y maquillaje Bio, adem\u00e1s de los cuidados naturales para tu mascota.\",\"publisher\":{\"@id\":\"https:\/\/biocosmeticdis.com\/#organization\"},\"potentialAction\":[{\"@type\":\"SearchAction\",\"target\":{\"@type\":\"EntryPoint\",\"urlTemplate\":\"https:\/\/biocosmeticdis.com\/?s={search_term_string}\"},\"query-input\":{\"@type\":\"PropertyValueSpecification\",\"valueRequired\":true,\"valueName\":\"search_term_string\"}}],\"inLanguage\":\"en-US\"},{\"@type\":\"Organization\",\"@id\":\"https:\/\/biocosmeticdis.com\/#organization\",\"name\":\"BioCosmetic\",\"url\":\"https:\/\/biocosmeticdis.com\/\",\"logo\":{\"@type\":\"ImageObject\",\"inLanguage\":\"en-US\",\"@id\":\"https:\/\/biocosmeticdis.com\/#\/schema\/logo\/image\/\",\"url\":\"https:\/\/biocosmeticdis.com\/wp-content\/uploads\/2023\/06\/Imagen1-2.jpg\",\"contentUrl\":\"https:\/\/biocosmeticdis.com\/wp-content\/uploads\/2023\/06\/Imagen1-2.jpg\",\"width\":211,\"height\":172,\"caption\":\"BioCosmetic\"},\"image\":{\"@id\":\"https:\/\/biocosmeticdis.com\/#\/schema\/logo\/image\/\"},\"sameAs\":[\"https:\/\/www.facebook.com\/biocosmeticdis\",\"https:\/\/www.instagram.com\/biocosmeticdis\/\"]}]}<\/script>\n<!-- \/ Yoast SEO plugin. -->","yoast_head_json":{"title":"AB DURING-PREGNANCY ANTI-STRETCH MARK 150ml - BioCosmetic","robots":{"index":"index","follow":"follow","max-snippet":"max-snippet:-1","max-image-preview":"max-image-preview:large","max-video-preview":"max-video-preview:-1"},"canonical":"https:\/\/biocosmeticdis.com\/en\/producto\/ab-during-pregnancy-anti-stretch-mark-150ml\/","twitter_card":"summary_large_image","twitter_title":"AB DURING-PREGNANCY ANTI-STRETCH MARK 150ml - BioCosmetic","twitter_description":"Reduce las estr\u00edas existentes en abdomen, caderas, muslos y senos.","twitter_image":"https:\/\/biocosmeticdis.com\/wp-content\/uploads\/2021\/09\/AB037_0_20210704210305.jpg","twitter_misc":{"Est. reading time":"1 minute"},"schema":{"@context":"https:\/\/schema.org","@graph":[{"@type":"WebPage","@id":"https:\/\/biocosmeticdis.com\/en\/producto\/ab-during-pregnancy-anti-stretch-mark-150ml\/","url":"https:\/\/biocosmeticdis.com\/en\/producto\/ab-during-pregnancy-anti-stretch-mark-150ml\/","name":"AB DURING-PREGNANCY ANTI-STRETCH MARK 150ml - BioCosmetic","isPartOf":{"@id":"https:\/\/biocosmeticdis.com\/#website"},"primaryImageOfPage":{"@id":"https:\/\/biocosmeticdis.com\/en\/producto\/ab-during-pregnancy-anti-stretch-mark-150ml\/#primaryimage"},"image":{"@id":"https:\/\/biocosmeticdis.com\/en\/producto\/ab-during-pregnancy-anti-stretch-mark-150ml\/#primaryimage"},"thumbnailUrl":"https:\/\/biocosmeticdis.com\/wp-content\/uploads\/2021\/09\/AB037_0_20210704210305.jpg","datePublished":"2021-09-09T19:01:37+00:00","dateModified":"2024-09-10T12:45:31+00:00","breadcrumb":{"@id":"https:\/\/biocosmeticdis.com\/en\/producto\/ab-during-pregnancy-anti-stretch-mark-150ml\/#breadcrumb"},"inLanguage":"en-US","potentialAction":[{"@type":"ReadAction","target":["https:\/\/biocosmeticdis.com\/en\/producto\/ab-during-pregnancy-anti-stretch-mark-150ml\/"]}]},{"@type":"ImageObject","inLanguage":"en-US","@id":"https:\/\/biocosmeticdis.com\/en\/producto\/ab-during-pregnancy-anti-stretch-mark-150ml\/#primaryimage","url":"https:\/\/biocosmeticdis.com\/wp-content\/uploads\/2021\/09\/AB037_0_20210704210305.jpg","contentUrl":"https:\/\/biocosmeticdis.com\/wp-content\/uploads\/2021\/09\/AB037_0_20210704210305.jpg","width":640,"height":960},{"@type":"BreadcrumbList","@id":"https:\/\/biocosmeticdis.com\/en\/producto\/ab-during-pregnancy-anti-stretch-mark-150ml\/#breadcrumb","itemListElement":[{"@type":"ListItem","position":1,"name":"Portada","item":"https:\/\/biocosmeticdis.com\/"},{"@type":"ListItem","position":2,"name":"Shop","item":"https:\/\/biocosmeticdis.com\/en\/shop\/"},{"@type":"ListItem","position":3,"name":"AB DURING-PREGNANCY ANTI-STRETCH MARK 150ml"}]},{"@type":"WebSite","@id":"https:\/\/biocosmeticdis.com\/#website","url":"https:\/\/biocosmeticdis.com\/","name":"BioCosmetic","description":"Tienda de cosm\u00e9tica natural y maquillaje Bio, adem\u00e1s de los cuidados naturales para tu mascota.","publisher":{"@id":"https:\/\/biocosmeticdis.com\/#organization"},"potentialAction":[{"@type":"SearchAction","target":{"@type":"EntryPoint","urlTemplate":"https:\/\/biocosmeticdis.com\/?s={search_term_string}"},"query-input":{"@type":"PropertyValueSpecification","valueRequired":true,"valueName":"search_term_string"}}],"inLanguage":"en-US"},{"@type":"Organization","@id":"https:\/\/biocosmeticdis.com\/#organization","name":"BioCosmetic","url":"https:\/\/biocosmeticdis.com\/","logo":{"@type":"ImageObject","inLanguage":"en-US","@id":"https:\/\/biocosmeticdis.com\/#\/schema\/logo\/image\/","url":"https:\/\/biocosmeticdis.com\/wp-content\/uploads\/2023\/06\/Imagen1-2.jpg","contentUrl":"https:\/\/biocosmeticdis.com\/wp-content\/uploads\/2023\/06\/Imagen1-2.jpg","width":211,"height":172,"caption":"BioCosmetic"},"image":{"@id":"https:\/\/biocosmeticdis.com\/#\/schema\/logo\/image\/"},"sameAs":["https:\/\/www.facebook.com\/biocosmeticdis","https:\/\/www.instagram.com\/biocosmeticdis\/"]}]}},"brands":[{"id":160,"name":"AZETA BIO","slug":"azeta-bio"}],"_links":{"self":[{"href":"https:\/\/biocosmeticdis.com\/en\/wp-json\/wp\/v2\/product\/4612","targetHints":{"allow":["GET"]}}],"collection":[{"href":"https:\/\/biocosmeticdis.com\/en\/wp-json\/wp\/v2\/product"}],"about":[{"href":"https:\/\/biocosmeticdis.com\/en\/wp-json\/wp\/v2\/types\/product"}],"replies":[{"embeddable":true,"href":"https:\/\/biocosmeticdis.com\/en\/wp-json\/wp\/v2\/comments?post=4612"}],"wp:featuredmedia":[{"embeddable":true,"href":"https:\/\/biocosmeticdis.com\/en\/wp-json\/wp\/v2\/media\/4648"}],"wp:attachment":[{"href":"https:\/\/biocosmeticdis.com\/en\/wp-json\/wp\/v2\/media?parent=4612"}],"wp:term":[{"taxonomy":"pwb-brand","embeddable":true,"href":"https:\/\/biocosmeticdis.com\/en\/wp-json\/wp\/v2\/pwb-brand?post=4612"},{"taxonomy":"product_brand","embeddable":true,"href":"https:\/\/biocosmeticdis.com\/en\/wp-json\/wp\/v2\/product_brand?post=4612"},{"taxonomy":"product_cat","embeddable":true,"href":"https:\/\/biocosmeticdis.com\/en\/wp-json\/wp\/v2\/product_cat?post=4612"},{"taxonomy":"product_tag","embeddable":true,"href":"https:\/\/biocosmeticdis.com\/en\/wp-json\/wp\/v2\/product_tag?post=4612"}],"curies":[{"name":"wp","href":"https:\/\/api.w.org\/{rel}","templated":true}]}}