{"id":4628,"date":"2021-09-09T19:01:39","date_gmt":"2021-09-09T19:01:39","guid":{"rendered":"http:\/\/biocosmeticdis.com\/producto\/ab-pregnancy-safe-toohpaste-50-ml\/"},"modified":"2025-11-12T11:46:48","modified_gmt":"2025-11-12T10:46:48","slug":"ab-pregnancy-safe-toohpaste-50-ml","status":"publish","type":"product","link":"https:\/\/biocosmeticdis.com\/en\/product\/ab-pregnancy-safe-toohpaste-50-ml\/","title":{"rendered":"AB PREGNANCY-SAFE TOOHPASTE 50 ml."},"content":{"rendered":"<p>Protege y cuida sus dientes y enc\u00edas con un compuesto espec\u00edficamente formulado con Aloe y Xilitol. Los estudios de salud dental cl\u00ednicamente relevantes confirman una reducci\u00f3n de la formaci\u00f3n de placa y una reducci\u00f3n de los microorganismos que causan caries cuando se usa regularmente una pasta de dientes que contiene xilitol. El extracto de Aloe Barbadensis asegura una suave acci\u00f3n calmante y antibacteriana.<\/p>\n<p>El edulcorante utilizado (sacarina s\u00f3dica), a diferencia del az\u00facar y sus derivados, no es utilizado como sustrato energ\u00e9tico por los microorganismos que forman la placa: su consumo, por tanto, no altera en modo alguno el pH de la propia placa.<\/p>\n","protected":false},"excerpt":{"rendered":"<p>Pasta dental bucal para Mamas Embarazadas<\/p>\n","protected":false},"featured_media":4733,"comment_status":"closed","ping_status":"closed","template":"","meta":{"_acf_changed":false},"pwb-brand":[160],"product_brand":[],"product_cat":[161,163],"product_tag":[],"class_list":{"0":"post-4628","1":"product","2":"type-product","3":"status-publish","4":"has-post-thumbnail","6":"pwb-brand-azeta-bio","7":"product_cat-mama-y-embarazada","8":"product_cat-mama-y-embarazadas","10":"first","11":"outofstock","12":"taxable","13":"shipping-taxable","14":"purchasable","15":"product-type-simple"},"acf":[],"yoast_head":"<!-- This site is optimized with the Yoast SEO plugin v26.6 - https:\/\/yoast.com\/wordpress\/plugins\/seo\/ -->\n<title>AB PREGNANCY-SAFE TOOHPASTE 50 ml. - BioCosmetic<\/title>\n<meta name=\"robots\" content=\"index, follow, max-snippet:-1, max-image-preview:large, max-video-preview:-1\" \/>\n<link rel=\"canonical\" href=\"https:\/\/biocosmeticdis.com\/producto\/ab-pregnancy-safe-toohpaste-50-ml\/\" \/>\n<meta name=\"twitter:card\" content=\"summary_large_image\" \/>\n<meta name=\"twitter:title\" content=\"AB PREGNANCY-SAFE TOOHPASTE 50 ml. - BioCosmetic\" \/>\n<meta name=\"twitter:description\" content=\"Pasta dental bucal para Mamas Embarazadas\" \/>\n<meta name=\"twitter:image\" content=\"https:\/\/biocosmeticdis.com\/wp-content\/uploads\/2022\/02\/AB073_0_20220214100939.jpg\" \/>\n<meta name=\"twitter:label1\" content=\"Est. reading time\" \/>\n\t<meta name=\"twitter:data1\" content=\"1 minute\" \/>\n<script type=\"application\/ld+json\" class=\"yoast-schema-graph\">{\"@context\":\"https:\/\/schema.org\",\"@graph\":[{\"@type\":\"WebPage\",\"@id\":\"https:\/\/biocosmeticdis.com\/producto\/ab-pregnancy-safe-toohpaste-50-ml\/\",\"url\":\"https:\/\/biocosmeticdis.com\/producto\/ab-pregnancy-safe-toohpaste-50-ml\/\",\"name\":\"AB PREGNANCY-SAFE TOOHPASTE 50 ml. - BioCosmetic\",\"isPartOf\":{\"@id\":\"https:\/\/biocosmeticdis.com\/#website\"},\"primaryImageOfPage\":{\"@id\":\"https:\/\/biocosmeticdis.com\/producto\/ab-pregnancy-safe-toohpaste-50-ml\/#primaryimage\"},\"image\":{\"@id\":\"https:\/\/biocosmeticdis.com\/producto\/ab-pregnancy-safe-toohpaste-50-ml\/#primaryimage\"},\"thumbnailUrl\":\"https:\/\/biocosmeticdis.com\/wp-content\/uploads\/2022\/02\/AB073_0_20220214100939.jpg\",\"datePublished\":\"2021-09-09T19:01:39+00:00\",\"dateModified\":\"2025-11-12T10:46:48+00:00\",\"breadcrumb\":{\"@id\":\"https:\/\/biocosmeticdis.com\/producto\/ab-pregnancy-safe-toohpaste-50-ml\/#breadcrumb\"},\"inLanguage\":\"en-US\",\"potentialAction\":[{\"@type\":\"ReadAction\",\"target\":[\"https:\/\/biocosmeticdis.com\/producto\/ab-pregnancy-safe-toohpaste-50-ml\/\"]}]},{\"@type\":\"ImageObject\",\"inLanguage\":\"en-US\",\"@id\":\"https:\/\/biocosmeticdis.com\/producto\/ab-pregnancy-safe-toohpaste-50-ml\/#primaryimage\",\"url\":\"https:\/\/biocosmeticdis.com\/wp-content\/uploads\/2022\/02\/AB073_0_20220214100939.jpg\",\"contentUrl\":\"https:\/\/biocosmeticdis.com\/wp-content\/uploads\/2022\/02\/AB073_0_20220214100939.jpg\",\"width\":299,\"height\":448},{\"@type\":\"BreadcrumbList\",\"@id\":\"https:\/\/biocosmeticdis.com\/producto\/ab-pregnancy-safe-toohpaste-50-ml\/#breadcrumb\",\"itemListElement\":[{\"@type\":\"ListItem\",\"position\":1,\"name\":\"Portada\",\"item\":\"https:\/\/biocosmeticdis.com\/\"},{\"@type\":\"ListItem\",\"position\":2,\"name\":\"Shop\",\"item\":\"https:\/\/biocosmeticdis.com\/en\/shop\/\"},{\"@type\":\"ListItem\",\"position\":3,\"name\":\"AB PREGNANCY-SAFE TOOHPASTE 50 ml.\"}]},{\"@type\":\"WebSite\",\"@id\":\"https:\/\/biocosmeticdis.com\/#website\",\"url\":\"https:\/\/biocosmeticdis.com\/\",\"name\":\"BioCosmetic\",\"description\":\"Tienda de cosm\u00e9tica natural y maquillaje Bio, adem\u00e1s de los cuidados naturales para tu mascota.\",\"publisher\":{\"@id\":\"https:\/\/biocosmeticdis.com\/#organization\"},\"potentialAction\":[{\"@type\":\"SearchAction\",\"target\":{\"@type\":\"EntryPoint\",\"urlTemplate\":\"https:\/\/biocosmeticdis.com\/?s={search_term_string}\"},\"query-input\":{\"@type\":\"PropertyValueSpecification\",\"valueRequired\":true,\"valueName\":\"search_term_string\"}}],\"inLanguage\":\"en-US\"},{\"@type\":\"Organization\",\"@id\":\"https:\/\/biocosmeticdis.com\/#organization\",\"name\":\"BioCosmetic\",\"url\":\"https:\/\/biocosmeticdis.com\/\",\"logo\":{\"@type\":\"ImageObject\",\"inLanguage\":\"en-US\",\"@id\":\"https:\/\/biocosmeticdis.com\/#\/schema\/logo\/image\/\",\"url\":\"https:\/\/biocosmeticdis.com\/wp-content\/uploads\/2023\/06\/Imagen1-2.jpg\",\"contentUrl\":\"https:\/\/biocosmeticdis.com\/wp-content\/uploads\/2023\/06\/Imagen1-2.jpg\",\"width\":211,\"height\":172,\"caption\":\"BioCosmetic\"},\"image\":{\"@id\":\"https:\/\/biocosmeticdis.com\/#\/schema\/logo\/image\/\"},\"sameAs\":[\"https:\/\/www.facebook.com\/biocosmeticdis\",\"https:\/\/www.instagram.com\/biocosmeticdis\/\"]}]}<\/script>\n<!-- \/ Yoast SEO plugin. -->","yoast_head_json":{"title":"AB PREGNANCY-SAFE TOOHPASTE 50 ml. - BioCosmetic","robots":{"index":"index","follow":"follow","max-snippet":"max-snippet:-1","max-image-preview":"max-image-preview:large","max-video-preview":"max-video-preview:-1"},"canonical":"https:\/\/biocosmeticdis.com\/producto\/ab-pregnancy-safe-toohpaste-50-ml\/","twitter_card":"summary_large_image","twitter_title":"AB PREGNANCY-SAFE TOOHPASTE 50 ml. - BioCosmetic","twitter_description":"Pasta dental bucal para Mamas Embarazadas","twitter_image":"https:\/\/biocosmeticdis.com\/wp-content\/uploads\/2022\/02\/AB073_0_20220214100939.jpg","twitter_misc":{"Est. reading time":"1 minute"},"schema":{"@context":"https:\/\/schema.org","@graph":[{"@type":"WebPage","@id":"https:\/\/biocosmeticdis.com\/producto\/ab-pregnancy-safe-toohpaste-50-ml\/","url":"https:\/\/biocosmeticdis.com\/producto\/ab-pregnancy-safe-toohpaste-50-ml\/","name":"AB PREGNANCY-SAFE TOOHPASTE 50 ml. - BioCosmetic","isPartOf":{"@id":"https:\/\/biocosmeticdis.com\/#website"},"primaryImageOfPage":{"@id":"https:\/\/biocosmeticdis.com\/producto\/ab-pregnancy-safe-toohpaste-50-ml\/#primaryimage"},"image":{"@id":"https:\/\/biocosmeticdis.com\/producto\/ab-pregnancy-safe-toohpaste-50-ml\/#primaryimage"},"thumbnailUrl":"https:\/\/biocosmeticdis.com\/wp-content\/uploads\/2022\/02\/AB073_0_20220214100939.jpg","datePublished":"2021-09-09T19:01:39+00:00","dateModified":"2025-11-12T10:46:48+00:00","breadcrumb":{"@id":"https:\/\/biocosmeticdis.com\/producto\/ab-pregnancy-safe-toohpaste-50-ml\/#breadcrumb"},"inLanguage":"en-US","potentialAction":[{"@type":"ReadAction","target":["https:\/\/biocosmeticdis.com\/producto\/ab-pregnancy-safe-toohpaste-50-ml\/"]}]},{"@type":"ImageObject","inLanguage":"en-US","@id":"https:\/\/biocosmeticdis.com\/producto\/ab-pregnancy-safe-toohpaste-50-ml\/#primaryimage","url":"https:\/\/biocosmeticdis.com\/wp-content\/uploads\/2022\/02\/AB073_0_20220214100939.jpg","contentUrl":"https:\/\/biocosmeticdis.com\/wp-content\/uploads\/2022\/02\/AB073_0_20220214100939.jpg","width":299,"height":448},{"@type":"BreadcrumbList","@id":"https:\/\/biocosmeticdis.com\/producto\/ab-pregnancy-safe-toohpaste-50-ml\/#breadcrumb","itemListElement":[{"@type":"ListItem","position":1,"name":"Portada","item":"https:\/\/biocosmeticdis.com\/"},{"@type":"ListItem","position":2,"name":"Shop","item":"https:\/\/biocosmeticdis.com\/en\/shop\/"},{"@type":"ListItem","position":3,"name":"AB PREGNANCY-SAFE TOOHPASTE 50 ml."}]},{"@type":"WebSite","@id":"https:\/\/biocosmeticdis.com\/#website","url":"https:\/\/biocosmeticdis.com\/","name":"BioCosmetic","description":"Tienda de cosm\u00e9tica natural y maquillaje Bio, adem\u00e1s de los cuidados naturales para tu mascota.","publisher":{"@id":"https:\/\/biocosmeticdis.com\/#organization"},"potentialAction":[{"@type":"SearchAction","target":{"@type":"EntryPoint","urlTemplate":"https:\/\/biocosmeticdis.com\/?s={search_term_string}"},"query-input":{"@type":"PropertyValueSpecification","valueRequired":true,"valueName":"search_term_string"}}],"inLanguage":"en-US"},{"@type":"Organization","@id":"https:\/\/biocosmeticdis.com\/#organization","name":"BioCosmetic","url":"https:\/\/biocosmeticdis.com\/","logo":{"@type":"ImageObject","inLanguage":"en-US","@id":"https:\/\/biocosmeticdis.com\/#\/schema\/logo\/image\/","url":"https:\/\/biocosmeticdis.com\/wp-content\/uploads\/2023\/06\/Imagen1-2.jpg","contentUrl":"https:\/\/biocosmeticdis.com\/wp-content\/uploads\/2023\/06\/Imagen1-2.jpg","width":211,"height":172,"caption":"BioCosmetic"},"image":{"@id":"https:\/\/biocosmeticdis.com\/#\/schema\/logo\/image\/"},"sameAs":["https:\/\/www.facebook.com\/biocosmeticdis","https:\/\/www.instagram.com\/biocosmeticdis\/"]}]}},"brands":[{"id":160,"name":"AZETA BIO","slug":"azeta-bio"}],"_links":{"self":[{"href":"https:\/\/biocosmeticdis.com\/en\/wp-json\/wp\/v2\/product\/4628","targetHints":{"allow":["GET"]}}],"collection":[{"href":"https:\/\/biocosmeticdis.com\/en\/wp-json\/wp\/v2\/product"}],"about":[{"href":"https:\/\/biocosmeticdis.com\/en\/wp-json\/wp\/v2\/types\/product"}],"replies":[{"embeddable":true,"href":"https:\/\/biocosmeticdis.com\/en\/wp-json\/wp\/v2\/comments?post=4628"}],"wp:featuredmedia":[{"embeddable":true,"href":"https:\/\/biocosmeticdis.com\/en\/wp-json\/wp\/v2\/media\/4733"}],"wp:attachment":[{"href":"https:\/\/biocosmeticdis.com\/en\/wp-json\/wp\/v2\/media?parent=4628"}],"wp:term":[{"taxonomy":"pwb-brand","embeddable":true,"href":"https:\/\/biocosmeticdis.com\/en\/wp-json\/wp\/v2\/pwb-brand?post=4628"},{"taxonomy":"product_brand","embeddable":true,"href":"https:\/\/biocosmeticdis.com\/en\/wp-json\/wp\/v2\/product_brand?post=4628"},{"taxonomy":"product_cat","embeddable":true,"href":"https:\/\/biocosmeticdis.com\/en\/wp-json\/wp\/v2\/product_cat?post=4628"},{"taxonomy":"product_tag","embeddable":true,"href":"https:\/\/biocosmeticdis.com\/en\/wp-json\/wp\/v2\/product_tag?post=4628"}],"curies":[{"name":"wp","href":"https:\/\/api.w.org\/{rel}","templated":true}]}}