{"id":4756,"date":"2022-05-02T22:41:32","date_gmt":"2022-05-02T22:41:32","guid":{"rendered":"http:\/\/biocosmeticdis.com\/producto\/taaj-mascarilla-de-la-reina-gold\/"},"modified":"2025-11-12T11:47:03","modified_gmt":"2025-11-12T10:47:03","slug":"taaj-mascarilla-de-la-reina-gold","status":"publish","type":"product","link":"https:\/\/biocosmeticdis.com\/en\/product\/taaj-mascarilla-de-la-reina-gold\/","title":{"rendered":"LE MASQUE DE REINE GOLD 50 ml."},"content":{"rendered":"<p>La m\u00e1scara Reine Gold es un refuerzo de luminosidad antienvejecimiento con extracto de mica o para suavizar e iluminar la piel<\/p>\n<p>en un instante!<\/p>\n<p>Esta mascarilla antiedad deliciosamente perfumada ayuda a suavizar visiblemente los rasgos, reduce la aparici\u00f3n de l\u00edneas de tensi\u00f3n y libera el rostro de signos de estr\u00e9s y fatiga. Devuelve la firmeza y luminosidad a la piel.<\/p>\n<p>PARA QUIEN :<\/p>\n<p>Todo tipo de pieles \u2013 Pieles maduras<\/p>\n<p>CONSEJOS DE USO :<\/p>\n<p>Aplicar una o dos veces por semana en una capa gruesa sobre la piel limpia y seca en todo el rostro y el cuello, evitando cuidadosamente el contorno de los ojos. Dejar de 5 a 10 minutos. Enjuague con agua o retire el exceso con un pa\u00f1o h\u00famedo.<\/p>\n<p>RESULTADOS :<\/p>\n<p>Los rasgos se realzan y la tez se unifica. Suave y tersa, la piel es visiblemente m\u00e1s joven. Para una mayor eficiencia, utilice el m\u00e9todo TAAJ &#8220;Face Yoga&#8221;.<\/p>\n<p>EFICIENCIA DEL PRODUCTO:<\/p>\n<p>La m\u00e1scara Reine Gold concentra lo mejor de la experiencia ayurv\u00e9dica en su ic\u00f3nica f\u00f3rmula Maharani, que combina 40 ingredientes activos naturales raros y preciosos con poderosos ingredientes activos antienvejecimiento (\u00e1cido hialur\u00f3nico, col\u00e1geno**, elastina**) . Esta mascarilla antiedad deliciosamente perfumada ayuda a suavizar visiblemente los rasgos, reduce la aparici\u00f3n de l\u00edneas de tensi\u00f3n y libera el rostro de signos de estr\u00e9s y fatiga. Devuelve la firmeza y luminosidad a la piel.<\/p>\n<p>(**Hidrolisis de origen marino).<\/p>\n<p>PRESENTACI\u00d3N: FRASCO AIRLESS 50 ML \u2013 1.69 FL.OZ<\/p>\n","protected":false},"excerpt":{"rendered":"<p>Mascara Oro  de la Reina<\/p>\n","protected":false},"featured_media":4757,"comment_status":"closed","ping_status":"closed","template":"","meta":{"_acf_changed":false},"pwb-brand":[98],"product_brand":[],"product_cat":[112,122],"product_tag":[],"class_list":{"0":"post-4756","1":"product","2":"type-product","3":"status-publish","4":"has-post-thumbnail","6":"pwb-brand-taaj","7":"product_cat-facial","8":"product_cat-mascarillas-y-exfoliantes","10":"first","11":"outofstock","12":"taxable","13":"shipping-taxable","14":"purchasable","15":"product-type-simple"},"acf":[],"yoast_head":"<!-- This site is optimized with the Yoast SEO plugin v26.6 - https:\/\/yoast.com\/wordpress\/plugins\/seo\/ -->\n<title>LE MASQUE DE REINE GOLD 50 ml. - BioCosmetic<\/title>\n<meta name=\"robots\" content=\"index, follow, max-snippet:-1, max-image-preview:large, max-video-preview:-1\" \/>\n<link rel=\"canonical\" href=\"https:\/\/biocosmeticdis.com\/producto\/taaj-mascarilla-de-la-reina-gold\/\" \/>\n<meta name=\"twitter:card\" content=\"summary_large_image\" \/>\n<meta name=\"twitter:title\" content=\"LE MASQUE DE REINE GOLD 50 ml. - BioCosmetic\" \/>\n<meta name=\"twitter:description\" content=\"Mascara Oro de la Reina\" \/>\n<meta name=\"twitter:image\" content=\"https:\/\/biocosmeticdis.com\/wp-content\/uploads\/2022\/05\/MMR50_0_20220502225851.jpg\" \/>\n<meta name=\"twitter:label1\" content=\"Est. reading time\" \/>\n\t<meta name=\"twitter:data1\" content=\"1 minute\" \/>\n<script type=\"application\/ld+json\" class=\"yoast-schema-graph\">{\"@context\":\"https:\/\/schema.org\",\"@graph\":[{\"@type\":\"WebPage\",\"@id\":\"https:\/\/biocosmeticdis.com\/producto\/taaj-mascarilla-de-la-reina-gold\/\",\"url\":\"https:\/\/biocosmeticdis.com\/producto\/taaj-mascarilla-de-la-reina-gold\/\",\"name\":\"LE MASQUE DE REINE GOLD 50 ml. - BioCosmetic\",\"isPartOf\":{\"@id\":\"https:\/\/biocosmeticdis.com\/#website\"},\"primaryImageOfPage\":{\"@id\":\"https:\/\/biocosmeticdis.com\/producto\/taaj-mascarilla-de-la-reina-gold\/#primaryimage\"},\"image\":{\"@id\":\"https:\/\/biocosmeticdis.com\/producto\/taaj-mascarilla-de-la-reina-gold\/#primaryimage\"},\"thumbnailUrl\":\"https:\/\/biocosmeticdis.com\/wp-content\/uploads\/2022\/05\/MMR50_0_20220502225851.jpg\",\"datePublished\":\"2022-05-02T22:41:32+00:00\",\"dateModified\":\"2025-11-12T10:47:03+00:00\",\"breadcrumb\":{\"@id\":\"https:\/\/biocosmeticdis.com\/producto\/taaj-mascarilla-de-la-reina-gold\/#breadcrumb\"},\"inLanguage\":\"en-US\",\"potentialAction\":[{\"@type\":\"ReadAction\",\"target\":[\"https:\/\/biocosmeticdis.com\/producto\/taaj-mascarilla-de-la-reina-gold\/\"]}]},{\"@type\":\"ImageObject\",\"inLanguage\":\"en-US\",\"@id\":\"https:\/\/biocosmeticdis.com\/producto\/taaj-mascarilla-de-la-reina-gold\/#primaryimage\",\"url\":\"https:\/\/biocosmeticdis.com\/wp-content\/uploads\/2022\/05\/MMR50_0_20220502225851.jpg\",\"contentUrl\":\"https:\/\/biocosmeticdis.com\/wp-content\/uploads\/2022\/05\/MMR50_0_20220502225851.jpg\",\"width\":960,\"height\":960},{\"@type\":\"BreadcrumbList\",\"@id\":\"https:\/\/biocosmeticdis.com\/producto\/taaj-mascarilla-de-la-reina-gold\/#breadcrumb\",\"itemListElement\":[{\"@type\":\"ListItem\",\"position\":1,\"name\":\"Portada\",\"item\":\"https:\/\/biocosmeticdis.com\/\"},{\"@type\":\"ListItem\",\"position\":2,\"name\":\"Shop\",\"item\":\"https:\/\/biocosmeticdis.com\/en\/shop\/\"},{\"@type\":\"ListItem\",\"position\":3,\"name\":\"LE MASQUE DE REINE GOLD 50 ml.\"}]},{\"@type\":\"WebSite\",\"@id\":\"https:\/\/biocosmeticdis.com\/#website\",\"url\":\"https:\/\/biocosmeticdis.com\/\",\"name\":\"BioCosmetic\",\"description\":\"Tienda de cosm\u00e9tica natural y maquillaje Bio, adem\u00e1s de los cuidados naturales para tu mascota.\",\"publisher\":{\"@id\":\"https:\/\/biocosmeticdis.com\/#organization\"},\"potentialAction\":[{\"@type\":\"SearchAction\",\"target\":{\"@type\":\"EntryPoint\",\"urlTemplate\":\"https:\/\/biocosmeticdis.com\/?s={search_term_string}\"},\"query-input\":{\"@type\":\"PropertyValueSpecification\",\"valueRequired\":true,\"valueName\":\"search_term_string\"}}],\"inLanguage\":\"en-US\"},{\"@type\":\"Organization\",\"@id\":\"https:\/\/biocosmeticdis.com\/#organization\",\"name\":\"BioCosmetic\",\"url\":\"https:\/\/biocosmeticdis.com\/\",\"logo\":{\"@type\":\"ImageObject\",\"inLanguage\":\"en-US\",\"@id\":\"https:\/\/biocosmeticdis.com\/#\/schema\/logo\/image\/\",\"url\":\"https:\/\/biocosmeticdis.com\/wp-content\/uploads\/2023\/06\/Imagen1-2.jpg\",\"contentUrl\":\"https:\/\/biocosmeticdis.com\/wp-content\/uploads\/2023\/06\/Imagen1-2.jpg\",\"width\":211,\"height\":172,\"caption\":\"BioCosmetic\"},\"image\":{\"@id\":\"https:\/\/biocosmeticdis.com\/#\/schema\/logo\/image\/\"},\"sameAs\":[\"https:\/\/www.facebook.com\/biocosmeticdis\",\"https:\/\/www.instagram.com\/biocosmeticdis\/\"]}]}<\/script>\n<!-- \/ Yoast SEO plugin. -->","yoast_head_json":{"title":"LE MASQUE DE REINE GOLD 50 ml. - BioCosmetic","robots":{"index":"index","follow":"follow","max-snippet":"max-snippet:-1","max-image-preview":"max-image-preview:large","max-video-preview":"max-video-preview:-1"},"canonical":"https:\/\/biocosmeticdis.com\/producto\/taaj-mascarilla-de-la-reina-gold\/","twitter_card":"summary_large_image","twitter_title":"LE MASQUE DE REINE GOLD 50 ml. - BioCosmetic","twitter_description":"Mascara Oro de la Reina","twitter_image":"https:\/\/biocosmeticdis.com\/wp-content\/uploads\/2022\/05\/MMR50_0_20220502225851.jpg","twitter_misc":{"Est. reading time":"1 minute"},"schema":{"@context":"https:\/\/schema.org","@graph":[{"@type":"WebPage","@id":"https:\/\/biocosmeticdis.com\/producto\/taaj-mascarilla-de-la-reina-gold\/","url":"https:\/\/biocosmeticdis.com\/producto\/taaj-mascarilla-de-la-reina-gold\/","name":"LE MASQUE DE REINE GOLD 50 ml. - BioCosmetic","isPartOf":{"@id":"https:\/\/biocosmeticdis.com\/#website"},"primaryImageOfPage":{"@id":"https:\/\/biocosmeticdis.com\/producto\/taaj-mascarilla-de-la-reina-gold\/#primaryimage"},"image":{"@id":"https:\/\/biocosmeticdis.com\/producto\/taaj-mascarilla-de-la-reina-gold\/#primaryimage"},"thumbnailUrl":"https:\/\/biocosmeticdis.com\/wp-content\/uploads\/2022\/05\/MMR50_0_20220502225851.jpg","datePublished":"2022-05-02T22:41:32+00:00","dateModified":"2025-11-12T10:47:03+00:00","breadcrumb":{"@id":"https:\/\/biocosmeticdis.com\/producto\/taaj-mascarilla-de-la-reina-gold\/#breadcrumb"},"inLanguage":"en-US","potentialAction":[{"@type":"ReadAction","target":["https:\/\/biocosmeticdis.com\/producto\/taaj-mascarilla-de-la-reina-gold\/"]}]},{"@type":"ImageObject","inLanguage":"en-US","@id":"https:\/\/biocosmeticdis.com\/producto\/taaj-mascarilla-de-la-reina-gold\/#primaryimage","url":"https:\/\/biocosmeticdis.com\/wp-content\/uploads\/2022\/05\/MMR50_0_20220502225851.jpg","contentUrl":"https:\/\/biocosmeticdis.com\/wp-content\/uploads\/2022\/05\/MMR50_0_20220502225851.jpg","width":960,"height":960},{"@type":"BreadcrumbList","@id":"https:\/\/biocosmeticdis.com\/producto\/taaj-mascarilla-de-la-reina-gold\/#breadcrumb","itemListElement":[{"@type":"ListItem","position":1,"name":"Portada","item":"https:\/\/biocosmeticdis.com\/"},{"@type":"ListItem","position":2,"name":"Shop","item":"https:\/\/biocosmeticdis.com\/en\/shop\/"},{"@type":"ListItem","position":3,"name":"LE MASQUE DE REINE GOLD 50 ml."}]},{"@type":"WebSite","@id":"https:\/\/biocosmeticdis.com\/#website","url":"https:\/\/biocosmeticdis.com\/","name":"BioCosmetic","description":"Tienda de cosm\u00e9tica natural y maquillaje Bio, adem\u00e1s de los cuidados naturales para tu mascota.","publisher":{"@id":"https:\/\/biocosmeticdis.com\/#organization"},"potentialAction":[{"@type":"SearchAction","target":{"@type":"EntryPoint","urlTemplate":"https:\/\/biocosmeticdis.com\/?s={search_term_string}"},"query-input":{"@type":"PropertyValueSpecification","valueRequired":true,"valueName":"search_term_string"}}],"inLanguage":"en-US"},{"@type":"Organization","@id":"https:\/\/biocosmeticdis.com\/#organization","name":"BioCosmetic","url":"https:\/\/biocosmeticdis.com\/","logo":{"@type":"ImageObject","inLanguage":"en-US","@id":"https:\/\/biocosmeticdis.com\/#\/schema\/logo\/image\/","url":"https:\/\/biocosmeticdis.com\/wp-content\/uploads\/2023\/06\/Imagen1-2.jpg","contentUrl":"https:\/\/biocosmeticdis.com\/wp-content\/uploads\/2023\/06\/Imagen1-2.jpg","width":211,"height":172,"caption":"BioCosmetic"},"image":{"@id":"https:\/\/biocosmeticdis.com\/#\/schema\/logo\/image\/"},"sameAs":["https:\/\/www.facebook.com\/biocosmeticdis","https:\/\/www.instagram.com\/biocosmeticdis\/"]}]}},"brands":[{"id":98,"name":"TAAJ","slug":"taaj"}],"_links":{"self":[{"href":"https:\/\/biocosmeticdis.com\/en\/wp-json\/wp\/v2\/product\/4756","targetHints":{"allow":["GET"]}}],"collection":[{"href":"https:\/\/biocosmeticdis.com\/en\/wp-json\/wp\/v2\/product"}],"about":[{"href":"https:\/\/biocosmeticdis.com\/en\/wp-json\/wp\/v2\/types\/product"}],"replies":[{"embeddable":true,"href":"https:\/\/biocosmeticdis.com\/en\/wp-json\/wp\/v2\/comments?post=4756"}],"wp:featuredmedia":[{"embeddable":true,"href":"https:\/\/biocosmeticdis.com\/en\/wp-json\/wp\/v2\/media\/4757"}],"wp:attachment":[{"href":"https:\/\/biocosmeticdis.com\/en\/wp-json\/wp\/v2\/media?parent=4756"}],"wp:term":[{"taxonomy":"pwb-brand","embeddable":true,"href":"https:\/\/biocosmeticdis.com\/en\/wp-json\/wp\/v2\/pwb-brand?post=4756"},{"taxonomy":"product_brand","embeddable":true,"href":"https:\/\/biocosmeticdis.com\/en\/wp-json\/wp\/v2\/product_brand?post=4756"},{"taxonomy":"product_cat","embeddable":true,"href":"https:\/\/biocosmeticdis.com\/en\/wp-json\/wp\/v2\/product_cat?post=4756"},{"taxonomy":"product_tag","embeddable":true,"href":"https:\/\/biocosmeticdis.com\/en\/wp-json\/wp\/v2\/product_tag?post=4756"}],"curies":[{"name":"wp","href":"https:\/\/api.w.org\/{rel}","templated":true}]}}