{"id":4866,"date":"2023-11-02T11:36:18","date_gmt":"2023-11-02T11:36:18","guid":{"rendered":"http:\/\/biocosmeticdis.com\/producto\/ormsalva-magnesium-heat-200-ml-2\/"},"modified":"2024-09-10T14:45:27","modified_gmt":"2024-09-10T12:45:27","slug":"ormsalva-magnesium-heat-200-ml-2","status":"publish","type":"product","link":"https:\/\/biocosmeticdis.com\/en\/product\/ormsalva-magnesium-heat-200-ml-2\/","title":{"rendered":"ORMSALVA MAGNESIUM  HEAT 200 ml"},"content":{"rendered":"<p>Crema de magnesio con efecto calor&nbsp;&nbsp;para una \u00f3ptima recuperaci\u00f3n tras duros entrenamientos. Magnesium Heat act\u00faa como una fuente de magnesio y una crema de cuidado al mismo tiempo, lo que hace que el producto sea perfecto para los que entrenan duro o que a menudo se sienten tensos o r\u00edgidos. La crema de r\u00e1pida absorci\u00f3n tiene un suave aroma natural y contiene el ingrediente caracter\u00edstico de Ormsalva, Arnica Montana, as\u00ed como el esp\u00edritu de cuidado, manteca de karit\u00e9 y vitamina E, para que la piel tambi\u00e9n se sienta bien. Para mayor calor, aplique la crema sobre la piel seca despu\u00e9s de la ducha. El efecto de calor dura hasta 2 horas Masajea todo el cuerpo, evitando&nbsp;&nbsp;la cara, el cuello y las zonas donde la piel es muy fina. Evite el contacto con los ojos y la piel da\u00f1ada o irritada. En caso de molestias, lavar la piel con agua tibia. Suspenda el tratamiento por signos de irritaci\u00f3n de la piel. No debe usarse en ni\u00f1os menores de 12 a\u00f1os. Mantener fuera del alcance de los ni\u00f1os. Para uso externo.<\/p>\n","protected":false},"excerpt":{"rendered":"<p>Crema de magnesio con efecto calor  para una \u00f3ptima recuperaci\u00f3n de m\u00fasculos tensos y r\u00edgidos.<\/p>\n","protected":false},"featured_media":7610,"comment_status":"closed","ping_status":"closed","template":"","meta":{"_acf_changed":false},"pwb-brand":[159],"product_brand":[],"product_cat":[158,157],"product_tag":[],"class_list":{"0":"post-4866","1":"product","2":"type-product","3":"status-publish","4":"has-post-thumbnail","6":"pwb-brand-ormsalva","7":"product_cat-cremas-musculares","8":"product_cat-cuidado-muscular","10":"first","11":"outofstock","12":"taxable","13":"shipping-taxable","14":"purchasable","15":"product-type-simple"},"acf":[],"yoast_head":"<!-- This site is optimized with the Yoast SEO plugin v26.6 - https:\/\/yoast.com\/wordpress\/plugins\/seo\/ -->\n<title>ORMSALVA MAGNESIUM HEAT 200 ml - BioCosmetic<\/title>\n<meta name=\"robots\" content=\"index, follow, max-snippet:-1, max-image-preview:large, max-video-preview:-1\" \/>\n<link rel=\"canonical\" href=\"https:\/\/biocosmeticdis.com\/producto\/ormsalva-magnesium-heat-200-ml-2\/\" \/>\n<meta name=\"twitter:card\" content=\"summary_large_image\" \/>\n<meta name=\"twitter:title\" content=\"ORMSALVA MAGNESIUM HEAT 200 ml - BioCosmetic\" \/>\n<meta name=\"twitter:description\" content=\"Crema de magnesio con efecto calor para una \u00f3ptima recuperaci\u00f3n de m\u00fasculos tensos y r\u00edgidos.\" \/>\n<meta name=\"twitter:label1\" content=\"Est. reading time\" \/>\n\t<meta name=\"twitter:data1\" content=\"1 minute\" \/>\n<script type=\"application\/ld+json\" class=\"yoast-schema-graph\">{\"@context\":\"https:\/\/schema.org\",\"@graph\":[{\"@type\":\"WebPage\",\"@id\":\"https:\/\/biocosmeticdis.com\/producto\/ormsalva-magnesium-heat-200-ml-2\/\",\"url\":\"https:\/\/biocosmeticdis.com\/producto\/ormsalva-magnesium-heat-200-ml-2\/\",\"name\":\"ORMSALVA MAGNESIUM HEAT 200 ml - BioCosmetic\",\"isPartOf\":{\"@id\":\"https:\/\/biocosmeticdis.com\/#website\"},\"primaryImageOfPage\":{\"@id\":\"https:\/\/biocosmeticdis.com\/producto\/ormsalva-magnesium-heat-200-ml-2\/#primaryimage\"},\"image\":{\"@id\":\"https:\/\/biocosmeticdis.com\/producto\/ormsalva-magnesium-heat-200-ml-2\/#primaryimage\"},\"thumbnailUrl\":\"https:\/\/biocosmeticdis.com\/wp-content\/uploads\/2026\/01\/ORMSALVA-MAGNESIUM-HEAT-200-ml.jpg\",\"datePublished\":\"2023-11-02T11:36:18+00:00\",\"dateModified\":\"2024-09-10T12:45:27+00:00\",\"breadcrumb\":{\"@id\":\"https:\/\/biocosmeticdis.com\/producto\/ormsalva-magnesium-heat-200-ml-2\/#breadcrumb\"},\"inLanguage\":\"en-US\",\"potentialAction\":[{\"@type\":\"ReadAction\",\"target\":[\"https:\/\/biocosmeticdis.com\/producto\/ormsalva-magnesium-heat-200-ml-2\/\"]}]},{\"@type\":\"ImageObject\",\"inLanguage\":\"en-US\",\"@id\":\"https:\/\/biocosmeticdis.com\/producto\/ormsalva-magnesium-heat-200-ml-2\/#primaryimage\",\"url\":\"https:\/\/biocosmeticdis.com\/wp-content\/uploads\/2026\/01\/ORMSALVA-MAGNESIUM-HEAT-200-ml.jpg\",\"contentUrl\":\"https:\/\/biocosmeticdis.com\/wp-content\/uploads\/2026\/01\/ORMSALVA-MAGNESIUM-HEAT-200-ml.jpg\",\"width\":225,\"height\":225,\"caption\":\"ORMSALVA MAGNESIUM HEAT 200 ml\"},{\"@type\":\"BreadcrumbList\",\"@id\":\"https:\/\/biocosmeticdis.com\/producto\/ormsalva-magnesium-heat-200-ml-2\/#breadcrumb\",\"itemListElement\":[{\"@type\":\"ListItem\",\"position\":1,\"name\":\"Portada\",\"item\":\"https:\/\/biocosmeticdis.com\/\"},{\"@type\":\"ListItem\",\"position\":2,\"name\":\"Shop\",\"item\":\"https:\/\/biocosmeticdis.com\/en\/shop\/\"},{\"@type\":\"ListItem\",\"position\":3,\"name\":\"ORMSALVA MAGNESIUM HEAT 200 ml\"}]},{\"@type\":\"WebSite\",\"@id\":\"https:\/\/biocosmeticdis.com\/#website\",\"url\":\"https:\/\/biocosmeticdis.com\/\",\"name\":\"BioCosmetic\",\"description\":\"Tienda de cosm\u00e9tica natural y maquillaje Bio, adem\u00e1s de los cuidados naturales para tu mascota.\",\"publisher\":{\"@id\":\"https:\/\/biocosmeticdis.com\/#organization\"},\"potentialAction\":[{\"@type\":\"SearchAction\",\"target\":{\"@type\":\"EntryPoint\",\"urlTemplate\":\"https:\/\/biocosmeticdis.com\/?s={search_term_string}\"},\"query-input\":{\"@type\":\"PropertyValueSpecification\",\"valueRequired\":true,\"valueName\":\"search_term_string\"}}],\"inLanguage\":\"en-US\"},{\"@type\":\"Organization\",\"@id\":\"https:\/\/biocosmeticdis.com\/#organization\",\"name\":\"BioCosmetic\",\"url\":\"https:\/\/biocosmeticdis.com\/\",\"logo\":{\"@type\":\"ImageObject\",\"inLanguage\":\"en-US\",\"@id\":\"https:\/\/biocosmeticdis.com\/#\/schema\/logo\/image\/\",\"url\":\"https:\/\/biocosmeticdis.com\/wp-content\/uploads\/2023\/06\/Imagen1-2.jpg\",\"contentUrl\":\"https:\/\/biocosmeticdis.com\/wp-content\/uploads\/2023\/06\/Imagen1-2.jpg\",\"width\":211,\"height\":172,\"caption\":\"BioCosmetic\"},\"image\":{\"@id\":\"https:\/\/biocosmeticdis.com\/#\/schema\/logo\/image\/\"},\"sameAs\":[\"https:\/\/www.facebook.com\/biocosmeticdis\",\"https:\/\/www.instagram.com\/biocosmeticdis\/\"]}]}<\/script>\n<!-- \/ Yoast SEO plugin. -->","yoast_head_json":{"title":"ORMSALVA MAGNESIUM HEAT 200 ml - BioCosmetic","robots":{"index":"index","follow":"follow","max-snippet":"max-snippet:-1","max-image-preview":"max-image-preview:large","max-video-preview":"max-video-preview:-1"},"canonical":"https:\/\/biocosmeticdis.com\/producto\/ormsalva-magnesium-heat-200-ml-2\/","twitter_card":"summary_large_image","twitter_title":"ORMSALVA MAGNESIUM HEAT 200 ml - BioCosmetic","twitter_description":"Crema de magnesio con efecto calor para una \u00f3ptima recuperaci\u00f3n de m\u00fasculos tensos y r\u00edgidos.","twitter_misc":{"Est. reading time":"1 minute"},"schema":{"@context":"https:\/\/schema.org","@graph":[{"@type":"WebPage","@id":"https:\/\/biocosmeticdis.com\/producto\/ormsalva-magnesium-heat-200-ml-2\/","url":"https:\/\/biocosmeticdis.com\/producto\/ormsalva-magnesium-heat-200-ml-2\/","name":"ORMSALVA MAGNESIUM HEAT 200 ml - BioCosmetic","isPartOf":{"@id":"https:\/\/biocosmeticdis.com\/#website"},"primaryImageOfPage":{"@id":"https:\/\/biocosmeticdis.com\/producto\/ormsalva-magnesium-heat-200-ml-2\/#primaryimage"},"image":{"@id":"https:\/\/biocosmeticdis.com\/producto\/ormsalva-magnesium-heat-200-ml-2\/#primaryimage"},"thumbnailUrl":"https:\/\/biocosmeticdis.com\/wp-content\/uploads\/2026\/01\/ORMSALVA-MAGNESIUM-HEAT-200-ml.jpg","datePublished":"2023-11-02T11:36:18+00:00","dateModified":"2024-09-10T12:45:27+00:00","breadcrumb":{"@id":"https:\/\/biocosmeticdis.com\/producto\/ormsalva-magnesium-heat-200-ml-2\/#breadcrumb"},"inLanguage":"en-US","potentialAction":[{"@type":"ReadAction","target":["https:\/\/biocosmeticdis.com\/producto\/ormsalva-magnesium-heat-200-ml-2\/"]}]},{"@type":"ImageObject","inLanguage":"en-US","@id":"https:\/\/biocosmeticdis.com\/producto\/ormsalva-magnesium-heat-200-ml-2\/#primaryimage","url":"https:\/\/biocosmeticdis.com\/wp-content\/uploads\/2026\/01\/ORMSALVA-MAGNESIUM-HEAT-200-ml.jpg","contentUrl":"https:\/\/biocosmeticdis.com\/wp-content\/uploads\/2026\/01\/ORMSALVA-MAGNESIUM-HEAT-200-ml.jpg","width":225,"height":225,"caption":"ORMSALVA MAGNESIUM HEAT 200 ml"},{"@type":"BreadcrumbList","@id":"https:\/\/biocosmeticdis.com\/producto\/ormsalva-magnesium-heat-200-ml-2\/#breadcrumb","itemListElement":[{"@type":"ListItem","position":1,"name":"Portada","item":"https:\/\/biocosmeticdis.com\/"},{"@type":"ListItem","position":2,"name":"Shop","item":"https:\/\/biocosmeticdis.com\/en\/shop\/"},{"@type":"ListItem","position":3,"name":"ORMSALVA MAGNESIUM HEAT 200 ml"}]},{"@type":"WebSite","@id":"https:\/\/biocosmeticdis.com\/#website","url":"https:\/\/biocosmeticdis.com\/","name":"BioCosmetic","description":"Tienda de cosm\u00e9tica natural y maquillaje Bio, adem\u00e1s de los cuidados naturales para tu mascota.","publisher":{"@id":"https:\/\/biocosmeticdis.com\/#organization"},"potentialAction":[{"@type":"SearchAction","target":{"@type":"EntryPoint","urlTemplate":"https:\/\/biocosmeticdis.com\/?s={search_term_string}"},"query-input":{"@type":"PropertyValueSpecification","valueRequired":true,"valueName":"search_term_string"}}],"inLanguage":"en-US"},{"@type":"Organization","@id":"https:\/\/biocosmeticdis.com\/#organization","name":"BioCosmetic","url":"https:\/\/biocosmeticdis.com\/","logo":{"@type":"ImageObject","inLanguage":"en-US","@id":"https:\/\/biocosmeticdis.com\/#\/schema\/logo\/image\/","url":"https:\/\/biocosmeticdis.com\/wp-content\/uploads\/2023\/06\/Imagen1-2.jpg","contentUrl":"https:\/\/biocosmeticdis.com\/wp-content\/uploads\/2023\/06\/Imagen1-2.jpg","width":211,"height":172,"caption":"BioCosmetic"},"image":{"@id":"https:\/\/biocosmeticdis.com\/#\/schema\/logo\/image\/"},"sameAs":["https:\/\/www.facebook.com\/biocosmeticdis","https:\/\/www.instagram.com\/biocosmeticdis\/"]}]}},"brands":[{"id":159,"name":"ORMSALVA","slug":"ormsalva"}],"_links":{"self":[{"href":"https:\/\/biocosmeticdis.com\/en\/wp-json\/wp\/v2\/product\/4866","targetHints":{"allow":["GET"]}}],"collection":[{"href":"https:\/\/biocosmeticdis.com\/en\/wp-json\/wp\/v2\/product"}],"about":[{"href":"https:\/\/biocosmeticdis.com\/en\/wp-json\/wp\/v2\/types\/product"}],"replies":[{"embeddable":true,"href":"https:\/\/biocosmeticdis.com\/en\/wp-json\/wp\/v2\/comments?post=4866"}],"wp:featuredmedia":[{"embeddable":true,"href":"https:\/\/biocosmeticdis.com\/en\/wp-json\/wp\/v2\/media\/7610"}],"wp:attachment":[{"href":"https:\/\/biocosmeticdis.com\/en\/wp-json\/wp\/v2\/media?parent=4866"}],"wp:term":[{"taxonomy":"pwb-brand","embeddable":true,"href":"https:\/\/biocosmeticdis.com\/en\/wp-json\/wp\/v2\/pwb-brand?post=4866"},{"taxonomy":"product_brand","embeddable":true,"href":"https:\/\/biocosmeticdis.com\/en\/wp-json\/wp\/v2\/product_brand?post=4866"},{"taxonomy":"product_cat","embeddable":true,"href":"https:\/\/biocosmeticdis.com\/en\/wp-json\/wp\/v2\/product_cat?post=4866"},{"taxonomy":"product_tag","embeddable":true,"href":"https:\/\/biocosmeticdis.com\/en\/wp-json\/wp\/v2\/product_tag?post=4866"}],"curies":[{"name":"wp","href":"https:\/\/api.w.org\/{rel}","templated":true}]}}